{"id":97275,"date":"2025-12-08T03:08:37","date_gmt":"2025-12-08T03:08:37","guid":{"rendered":"https:\/\/b2b.depodanmusteriye.com\/urun\/newface-iphone-14-plus-kilif-platin-silikon-lila\/"},"modified":"2025-12-08T03:08:37","modified_gmt":"2025-12-08T03:08:37","slug":"newface-iphone-14-plus-kilif-platin-silikon-lila","status":"publish","type":"product","link":"https:\/\/depodanmusteriye.com\/urunler\/urun\/newface-iphone-14-plus-kilif-platin-silikon-lila\/","title":{"rendered":"Newface iPhone 14 Plus K\u0131l\u0131f Platin Silikon &#8211; Lila"},"content":{"rendered":"<h4>Newface iPhone 14 Plus K\u0131l\u0131f Platin Silikon &#8211; Lila<\/p>\n<h2><strong>NEWFACE Platin Silikon K\u0131l\u0131f<\/strong><\/h2>\n<p><\/p>\n<h3>\u2705 <strong>Y\u00fcksek Kaliteli Malzeme \u2013 TPU + Fiber Kar\u0131\u015f\u0131m\u0131<\/strong><\/h3>\n<p>Platin Serisi, \u00f6zel form\u00fcle edilmi\u015f TPU ve fiber kar\u0131\u015f\u0131m\u0131 silikon malzemeden \u00fcretilmi\u015ftir.<\/p>\n<p> Bu yap\u0131 sayesinde hem darbelere kar\u015f\u0131 g\u00fc\u00e7l\u00fc koruma sa\u011flar hem de uzun s\u00fcreli kullan\u0131mlarda formunu korur.<\/p>\n<h3>\u2705 <strong>\u0130nce ve Modern Tasar\u0131m<\/strong><\/h3>\n<p>Mat y\u00fczey yap\u0131s\u0131 ile \u015f\u0131k ve sade bir g\u00f6r\u00fcn\u00fcm sunar.<\/p>\n<p> Elinizde kaymay\u0131 \u00f6nleyen y\u00fczeyi sayesinde rahat bir tutu\u015f sa\u011flar, cihaza ekstra kal\u0131nl\u0131k katmadan koruma sa\u011flar.<\/p>\n<h3>\u2705 <strong>Tam Uyumlu ve Hassas Kesim<\/strong><\/h3>\n<p>T\u00fcm ba\u011flant\u0131 noktalar\u0131 ve fiziksel tu\u015flar i\u00e7in hassas kesimlere sahiptir.<\/p>\n<p> Kamera, fla\u015f, hoparl\u00f6r, \u015farj giri\u015fi gibi t\u00fcm alanlara eri\u015fim k\u0131s\u0131tlanmadan kullan\u0131labilir.<\/p>\n<h3>\u2705 <strong>Kolay Tak-\u00c7\u0131kar \u00d6zelli\u011fi<\/strong><\/h3>\n<p>Esnek yap\u0131s\u0131 sayesinde cihaz\u0131n\u0131za kolayca tak\u0131l\u0131r ve \u00e7\u0131kar\u0131l\u0131r.<\/p>\n<p> Defalarca kullan\u0131mda dahi deformasyon g\u00f6stermez.<\/p>\n<h3>\u2705 <strong>Zararl\u0131 Maddeler \u0130\u00e7ermez<\/strong><\/h3>\n<p>\u00dcr\u00fcn i\u00e7eri\u011finde BPA gibi sa\u011fl\u0131\u011fa zararl\u0131 kimyasallar bulunmaz.<\/p>\n<p> Alerjiye sebep olabilecek maddeler i\u00e7ermez; cilt ile temas i\u00e7in uygundur.<\/p>\n<p><\/p>\n<h3><strong><span class=\"ql-cursor\">\ufeff<\/span>Newface Platin Serisi ile cihaz\u0131n\u0131z\u0131 zarif ve g\u00fcvenli bir \u015fekilde koruyun.<\/strong><\/h3>\n<p><b>1 adet fiyat\u0131d\u0131r<\/b> <\/p>\n<p><p><b>\u00dcretici Markas\u0131 : NEWFACE<\/b><\/p>\n<p><b>\u00dcretici Kodu : 8683140413088<\/b><\/p>\n<p><b>1 ADET F\u0130YATIDIR<\/b><\/p>\n<\/h4>\n<p><\/p>\n","protected":false},"excerpt":{"rendered":"<p>Newface iPhone 14 Plus K\u0131l\u0131f Platin Silikon &#8211; Lila<\/p>\n","protected":false},"featured_media":97274,"comment_status":"open","ping_status":"closed","template":"","meta":[],"product_brand":[],"product_cat":[457,374],"product_tag":[1858,1950,1514,2784,1510,2485,2498,2486],"class_list":{"0":"post-97275","1":"product","2":"type-product","3":"status-publish","4":"has-post-thumbnail","6":"product_cat-kapak-and-kilif","7":"product_cat-mobil-aksesuar","8":"product_tag-1858","9":"product_tag-iphone","10":"product_tag-kilif","11":"product_tag-lila","12":"product_tag-newface","13":"product_tag-platin","14":"product_tag-plus","15":"product_tag-silikon","17":"first","18":"instock","19":"taxable","20":"shipping-taxable","21":"purchasable","22":"product-type-simple"},"_links":{"self":[{"href":"https:\/\/depodanmusteriye.com\/urunler\/wp-json\/wp\/v2\/product\/97275","targetHints":{"allow":["GET"]}}],"collection":[{"href":"https:\/\/depodanmusteriye.com\/urunler\/wp-json\/wp\/v2\/product"}],"about":[{"href":"https:\/\/depodanmusteriye.com\/urunler\/wp-json\/wp\/v2\/types\/product"}],"replies":[{"embeddable":true,"href":"https:\/\/depodanmusteriye.com\/urunler\/wp-json\/wp\/v2\/comments?post=97275"}],"version-history":[{"count":0,"href":"https:\/\/depodanmusteriye.com\/urunler\/wp-json\/wp\/v2\/product\/97275\/revisions"}],"wp:featuredmedia":[{"embeddable":true,"href":"https:\/\/depodanmusteriye.com\/urunler\/wp-json\/wp\/v2\/media\/97274"}],"wp:attachment":[{"href":"https:\/\/depodanmusteriye.com\/urunler\/wp-json\/wp\/v2\/media?parent=97275"}],"wp:term":[{"taxonomy":"product_brand","embeddable":true,"href":"https:\/\/depodanmusteriye.com\/urunler\/wp-json\/wp\/v2\/product_brand?post=97275"},{"taxonomy":"product_cat","embeddable":true,"href":"https:\/\/depodanmusteriye.com\/urunler\/wp-json\/wp\/v2\/product_cat?post=97275"},{"taxonomy":"product_tag","embeddable":true,"href":"https:\/\/depodanmusteriye.com\/urunler\/wp-json\/wp\/v2\/product_tag?post=97275"}],"curies":[{"name":"wp","href":"https:\/\/api.w.org\/{rel}","templated":true}]}}