{"id":97245,"date":"2025-12-08T03:06:44","date_gmt":"2025-12-08T03:06:44","guid":{"rendered":"https:\/\/b2b.depodanmusteriye.com\/urun\/newface-iphone-13-pro-max-kilif-venus-magneticsafe-desenli-kapak-venus-12\/"},"modified":"2025-12-08T03:06:44","modified_gmt":"2025-12-08T03:06:44","slug":"newface-iphone-13-pro-max-kilif-venus-magneticsafe-desenli-kapak-venus-12","status":"publish","type":"product","link":"https:\/\/depodanmusteriye.com\/urunler\/urun\/newface-iphone-13-pro-max-kilif-venus-magneticsafe-desenli-kapak-venus-12\/","title":{"rendered":"Newface iPhone 13 Pro Max K\u0131l\u0131f Ven\u00fcs Magneticsafe Desenli Kapak &#8211; Ven\u00fcs &#8211; 12"},"content":{"rendered":"<h4>Newface iPhone 13 Pro Max K\u0131l\u0131f Ven\u00fcs Magneticsafe Desenli Kapak &#8211; Ven\u00fcs &#8211; 12<\/p>\n<p><b>Newface Ven\u00fcs Magneticsafe Desenli Kapak<\/b><\/p>\n<p>Y\u00fcksek kalite malzemeden \u00fcretilmi\u015ftir.<\/p>\n<p>&#8212;- ile uyumludur.<\/p>\n<p><span style=\"font-size: 1rem\">Magneticsafe \u00f6zelli\u011fi ile telefonunuzu kablosuz \u015farj edebilirsiniz.<\/span><\/p>\n<p><span style=\"font-size: 1rem\">Desenleri sayesinde cihaz\u0131n\u0131za renkli bir g\u00f6r\u00fcn\u00fcm kazand\u0131r\u0131r.<\/span><\/p>\n<p><span style=\"font-size: 1rem\">\u0130nce ve estetik bir g\u00f6r\u00fcn\u00fcme sahiptir.<\/span><\/p>\n<p><span style=\"font-size: 1rem\">\u00d6zel kesim kal\u0131b\u0131 sayesinde cihaz\u0131n\u0131zla tam uyum g\u00f6sterir.<\/span><\/p>\n<p><span style=\"font-size: 1rem\">Tak\u0131p \u00e7\u0131karmas\u0131 kolayd\u0131r.<\/span><\/p>\n<p><span style=\"font-size: 1rem\">T\u00fcm kontrol tu\u015flar\u0131na rahat\u00e7a eri\u015fim sa\u011flayabilirsiniz.<\/span><\/p>\n<p><span style=\"font-size: 1rem\">\u015earj, kulakl\u0131k vb. giri\u015fler cihaz\u0131n\u0131z ile tam uyum sa\u011flar.<\/span><\/p>\n<p><span style=\"font-size: 1rem\">\u015e\u0131k bir g\u00f6r\u00fcn\u00fcme sahiptir.<\/span><\/p>\n<p><span style=\"font-size: 1rem\">Sa\u011fl\u0131\u011fa zararl\u0131 madde i\u00e7ermez.<\/span><\/p>\n<p><b>1 adet fiyat\u0131d\u0131r<\/b> <\/p>\n<p><p><b>\u00dcretici Markas\u0131 : NEWFACE<\/b><\/p>\n<p><b>\u00dcretici Kodu : 8683140584184<\/b><\/p>\n<p><b>1 ADET F\u0130YATIDIR<\/b><\/p>\n<\/h4>\n<p><\/p>\n","protected":false},"excerpt":{"rendered":"<p>Newface iPhone 13 Pro Max K\u0131l\u0131f Ven\u00fcs Magneticsafe Desenli Kapak &#8211; Ven\u00fcs &#8211; 12<\/p>\n","protected":false},"featured_media":97241,"comment_status":"open","ping_status":"closed","template":"","meta":[],"product_brand":[],"product_cat":[457,374],"product_tag":[2097,1647,1993,1950,1389,1514,2795,2496,1510,2484,3235],"class_list":{"0":"post-97245","1":"product","2":"type-product","3":"status-publish","4":"has-post-thumbnail","6":"product_cat-kapak-and-kilif","7":"product_cat-mobil-aksesuar","8":"product_tag-2097","9":"product_tag-1647","10":"product_tag-desenli","11":"product_tag-iphone","12":"product_tag-kapak","13":"product_tag-kilif","14":"product_tag-magneticsafe","15":"product_tag-max","16":"product_tag-newface","17":"product_tag-pro","18":"product_tag-venus","20":"first","21":"instock","22":"taxable","23":"shipping-taxable","24":"purchasable","25":"product-type-simple"},"_links":{"self":[{"href":"https:\/\/depodanmusteriye.com\/urunler\/wp-json\/wp\/v2\/product\/97245","targetHints":{"allow":["GET"]}}],"collection":[{"href":"https:\/\/depodanmusteriye.com\/urunler\/wp-json\/wp\/v2\/product"}],"about":[{"href":"https:\/\/depodanmusteriye.com\/urunler\/wp-json\/wp\/v2\/types\/product"}],"replies":[{"embeddable":true,"href":"https:\/\/depodanmusteriye.com\/urunler\/wp-json\/wp\/v2\/comments?post=97245"}],"version-history":[{"count":0,"href":"https:\/\/depodanmusteriye.com\/urunler\/wp-json\/wp\/v2\/product\/97245\/revisions"}],"wp:featuredmedia":[{"embeddable":true,"href":"https:\/\/depodanmusteriye.com\/urunler\/wp-json\/wp\/v2\/media\/97241"}],"wp:attachment":[{"href":"https:\/\/depodanmusteriye.com\/urunler\/wp-json\/wp\/v2\/media?parent=97245"}],"wp:term":[{"taxonomy":"product_brand","embeddable":true,"href":"https:\/\/depodanmusteriye.com\/urunler\/wp-json\/wp\/v2\/product_brand?post=97245"},{"taxonomy":"product_cat","embeddable":true,"href":"https:\/\/depodanmusteriye.com\/urunler\/wp-json\/wp\/v2\/product_cat?post=97245"},{"taxonomy":"product_tag","embeddable":true,"href":"https:\/\/depodanmusteriye.com\/urunler\/wp-json\/wp\/v2\/product_tag?post=97245"}],"curies":[{"name":"wp","href":"https:\/\/api.w.org\/{rel}","templated":true}]}}