{"id":96548,"date":"2025-12-08T02:28:36","date_gmt":"2025-12-08T02:28:36","guid":{"rendered":"https:\/\/b2b.depodanmusteriye.com\/urun\/newface-iphone-14-plus-kilif-magneticsafe-lazer-silikon-siyah\/"},"modified":"2025-12-08T02:28:36","modified_gmt":"2025-12-08T02:28:36","slug":"newface-iphone-14-plus-kilif-magneticsafe-lazer-silikon-siyah","status":"publish","type":"product","link":"https:\/\/depodanmusteriye.com\/urunler\/urun\/newface-iphone-14-plus-kilif-magneticsafe-lazer-silikon-siyah\/","title":{"rendered":"Newface iPhone 14 Plus K\u0131l\u0131f Magneticsafe Lazer Silikon &#8211; Siyah"},"content":{"rendered":"<h4>Newface iPhone 14 Plus K\u0131l\u0131f Magneticsafe Lazer Silikon &#8211; Siyah<\/p>\n<h1 class=\"font-weight-bold h4\" style=\"font-family: Montserrat, sans-serif\">Newface Magsafe Lazer Silikon K\u0131l\u0131f<\/h1>\n<p style=\"margin-top: 0cm;background-image: initial;background-position: initial;background-size: initial;background-repeat: initial;background-attachment: initial\"><span style=\",sans-serif;color:#212529\">Arka kapa\u011f\u0131 birinci kaliteden TPU malzemeden \u00fcretilmi\u015ftir.<br \/>\nCihaz\u0131n\u0131z\u0131 darbe ve \u00e7iziklere kar\u015f\u0131 korur.<br \/>\nMagsafe \u00f6zelli\u011fi sayesinde kablosuz \u015farj\u0131 destekler.<br \/>\nSon derece modern g\u00f6r\u00fcn\u00fcme sahip , elden kaymaz yap\u0131da \u00fcretilmi\u015ftir.<br \/>\nK\u0131l\u0131f tak\u0131l\u0131 iken tu\u015flara ve t\u00fcm slotlara rahat bir \u015fekilde eri\u015febilirsiniz.<br \/>\nK\u0131l\u0131f i\u00e7erisinde sa\u011fl\u0131\u011fa zararl\u0131 hammadde kullan\u0131lmam\u0131\u015ft\u0131r.<\/span><\/p>\n<p style=\"font-family: Montserrat, sans-serif\">\n<p><b><span style=\"font-size: 11pt;line-height: 107%;font-family: Arial, sans-serif\">\u00d6zellikler;<\/span><\/b><span style=\"font-size: 11pt;line-height: 107%;font-family: Arial, sans-serif\"><br \/><span style=\"font-size: 1rem\">P\u00fcr\u00fczs\u00fcz \u015feffaf arka y\u00fczey.<br \/>\n<\/span><span style=\"font-size: 1rem\">\u00d6zel tasar\u0131m yap\u0131s\u0131ndan dolay\u0131 telefonunuzu tam sarar ve zarar vermez.<br \/>\n<\/span><span style=\"font-size: 1rem\">Darbelere maximum<br \/>\nkoruma sa\u011flar.<\/span><span style=\"font-size: 1rem\">.<br \/>\n<\/span><span style=\"font-size: 1rem\">Kapak tak\u0131l\u0131 iken<br \/>\nt\u00fcm slotlara eri\u015febilirsiniz.<\/span><\/span><\/p>\n<p><img decoding=\"async\" src=\"https:\/\/www.newface.com.tr\/img\/descriptions\/63172826def04.jpg\" style=\"width: 50%\"> <\/p>\n<p><b>1 adet fiyat\u0131d\u0131r<\/b> <\/p>\n<p><p><b>\u00dcretici Markas\u0131 : NEWFACE<\/b><\/p>\n<p><b>\u00dcretici Kodu : 8683140411558<\/b><\/p>\n<p><b>1 ADET F\u0130YATIDIR<\/b><\/p>\n<\/h4>\n<p><\/p>\n","protected":false},"excerpt":{"rendered":"<p>Newface iPhone 14 Plus K\u0131l\u0131f Magneticsafe Lazer Silikon &#8211; Siyah<\/p>\n","protected":false},"featured_media":96544,"comment_status":"open","ping_status":"closed","template":"","meta":[],"product_brand":[],"product_cat":[457,374],"product_tag":[1858,1950,1514,3294,2795,1510,2498,2486,1391],"class_list":{"0":"post-96548","1":"product","2":"type-product","3":"status-publish","4":"has-post-thumbnail","6":"product_cat-kapak-and-kilif","7":"product_cat-mobil-aksesuar","8":"product_tag-1858","9":"product_tag-iphone","10":"product_tag-kilif","11":"product_tag-lazer","12":"product_tag-magneticsafe","13":"product_tag-newface","14":"product_tag-plus","15":"product_tag-silikon","16":"product_tag-siyah","18":"first","19":"instock","20":"taxable","21":"shipping-taxable","22":"purchasable","23":"product-type-simple"},"_links":{"self":[{"href":"https:\/\/depodanmusteriye.com\/urunler\/wp-json\/wp\/v2\/product\/96548","targetHints":{"allow":["GET"]}}],"collection":[{"href":"https:\/\/depodanmusteriye.com\/urunler\/wp-json\/wp\/v2\/product"}],"about":[{"href":"https:\/\/depodanmusteriye.com\/urunler\/wp-json\/wp\/v2\/types\/product"}],"replies":[{"embeddable":true,"href":"https:\/\/depodanmusteriye.com\/urunler\/wp-json\/wp\/v2\/comments?post=96548"}],"version-history":[{"count":0,"href":"https:\/\/depodanmusteriye.com\/urunler\/wp-json\/wp\/v2\/product\/96548\/revisions"}],"wp:featuredmedia":[{"embeddable":true,"href":"https:\/\/depodanmusteriye.com\/urunler\/wp-json\/wp\/v2\/media\/96544"}],"wp:attachment":[{"href":"https:\/\/depodanmusteriye.com\/urunler\/wp-json\/wp\/v2\/media?parent=96548"}],"wp:term":[{"taxonomy":"product_brand","embeddable":true,"href":"https:\/\/depodanmusteriye.com\/urunler\/wp-json\/wp\/v2\/product_brand?post=96548"},{"taxonomy":"product_cat","embeddable":true,"href":"https:\/\/depodanmusteriye.com\/urunler\/wp-json\/wp\/v2\/product_cat?post=96548"},{"taxonomy":"product_tag","embeddable":true,"href":"https:\/\/depodanmusteriye.com\/urunler\/wp-json\/wp\/v2\/product_tag?post=96548"}],"curies":[{"name":"wp","href":"https:\/\/api.w.org\/{rel}","templated":true}]}}