{"id":96483,"date":"2025-12-08T02:25:00","date_gmt":"2025-12-08T02:25:00","guid":{"rendered":"https:\/\/b2b.depodanmusteriye.com\/urun\/newface-iphone-14-pro-max-kilif-element-silikon-kirmizi\/"},"modified":"2025-12-08T02:25:00","modified_gmt":"2025-12-08T02:25:00","slug":"newface-iphone-14-pro-max-kilif-element-silikon-kirmizi","status":"publish","type":"product","link":"https:\/\/depodanmusteriye.com\/urunler\/urun\/newface-iphone-14-pro-max-kilif-element-silikon-kirmizi\/","title":{"rendered":"Newface iPhone 14 Pro Max K\u0131l\u0131f Element Silikon &#8211; K\u0131rm\u0131z\u0131"},"content":{"rendered":"<h4>Newface iPhone 14 Pro Max K\u0131l\u0131f Element Silikon &#8211; K\u0131rm\u0131z\u0131<\/p>\n<p><p><span style=\"font-family: Montserrat, sans-serif\">Kenarlar\u0131 PC (sert) maddeden olup, sert darbelere kar\u015f\u0131 dayan\u0131kl\u0131l\u0131k sa\u011flar..<\/span><br style=\"font-family: Montserrat, sans-serif\"><span style=\"font-family: Montserrat, sans-serif;font-size: 1rem\"><span style=\"font-weight: 700\">&#8212;-<\/span>&nbsp;ile uyumludur.<\/span><span style=\"font-family: Montserrat, sans-serif;font-size: 1rem\"><br \/>Kenar tasar\u0131m\u0131 y\u00fcksek tutu\u015f sa\u011flamaktad\u0131r.<br \/><\/span><span style=\"font-family: Montserrat, sans-serif;font-size: 1rem\">Dayan\u0131kl\u0131 ve \u015f\u0131k bir \u00fcr\u00fcnd\u00fcr.<br \/><\/span><span style=\"font-family: Montserrat, sans-serif;font-size: 1rem\">K\u0131l\u0131f\u0131 \u00e7\u0131karmadan b\u00fct\u00fcn slotlara ve butonlara eri\u015filebilir.<br \/><\/span><span style=\"font-family: Montserrat, sans-serif;font-size: 1rem\">Harika kal\u0131p kesimi sayesinde cihaza m\u00fckemmel uyar.<br \/><\/span><span style=\"font-family: Montserrat, sans-serif;font-size: 1rem\">Uzun \u00f6m\u00fcrl\u00fcd\u00fcr.Kolayca tak\u0131p \u00e7\u0131kart\u0131labilir.<br \/><\/span><span style=\"font-family: Montserrat, sans-serif;font-size: 1rem\">Cihaz\u0131n\u0131z ile birebir uyumlu olarak \u00fcretilmi\u015ftir.<br \/><\/span><span style=\"font-family: Montserrat, sans-serif;font-size: 1rem\">Cihaz\u0131n\u0131z\u0131 \u00e7iziklerden, kirden, darbelerden tamamen korur.<br \/><\/span><span style=\"font-family: Montserrat, sans-serif;font-size: 1rem\">K\u0131l\u0131f\u0131 \u00e7\u0131karmadan b\u00fct\u00fcn slotlara ve butonlara eri\u015filebilir.<br \/><\/span><span style=\"font-family: Montserrat, sans-serif;font-size: 1rem\">Harika kal\u0131p kesimi sayesinde cihaza m\u00fckemmel uyar.<br \/><\/span><span style=\"font-family: Montserrat, sans-serif;font-size: 1rem\">Uzun \u00f6m\u00fcrl\u00fcd\u00fcr.Kolayca tak\u0131p \u00e7\u0131kart\u0131labilir.<br \/><\/span><span style=\"font-family: Montserrat, sans-serif;font-size: 1rem\">Cihaz\u0131n\u0131z ile birebir uyumlu olarak \u00fcretilmi\u015ftir.<br \/><\/span><span style=\"font-family: Montserrat, sans-serif;font-size: 1rem\">Sa\u011fl\u0131\u011fa Zararl\u0131 Maddeler \u0130\u00e7ermez.<\/span><\/p>\n<p><img decoding=\"async\" src=\"https:\/\/www.newface.com.tr\/img\/descriptions\/630e132f0953a.jpg\" style=\"width: 50%\"><\/p>\n<p><img decoding=\"async\" src=\"https:\/\/www.newface.com.tr\/img\/descriptions\/639d7f4d6f41b.jpg\" style=\"width: 50%\"><\/p>\n<p><\/p>\n<p><b>1 adet fiyat\u0131d\u0131r<\/b> <\/p>\n<p><p><b>\u00dcretici Markas\u0131 : NEWFACE<\/b><\/p>\n<p><b>\u00dcretici Kodu : 8683140411435<\/b><\/p>\n<p><b>1 ADET F\u0130YATIDIR<\/b><\/p>\n<\/h4>\n<p><\/p>\n","protected":false},"excerpt":{"rendered":"<p>Newface iPhone 14 Pro Max K\u0131l\u0131f Element Silikon &#8211; K\u0131rm\u0131z\u0131<\/p>\n","protected":false},"featured_media":96480,"comment_status":"open","ping_status":"closed","template":"","meta":[],"product_brand":[],"product_cat":[457,374],"product_tag":[1858,3137,1950,1514,2323,2496,1510,2484,2486],"class_list":{"0":"post-96483","1":"product","2":"type-product","3":"status-publish","4":"has-post-thumbnail","6":"product_cat-kapak-and-kilif","7":"product_cat-mobil-aksesuar","8":"product_tag-1858","9":"product_tag-element","10":"product_tag-iphone","11":"product_tag-kilif","12":"product_tag-kirmizi","13":"product_tag-max","14":"product_tag-newface","15":"product_tag-pro","16":"product_tag-silikon","18":"first","19":"instock","20":"taxable","21":"shipping-taxable","22":"purchasable","23":"product-type-simple"},"_links":{"self":[{"href":"https:\/\/depodanmusteriye.com\/urunler\/wp-json\/wp\/v2\/product\/96483","targetHints":{"allow":["GET"]}}],"collection":[{"href":"https:\/\/depodanmusteriye.com\/urunler\/wp-json\/wp\/v2\/product"}],"about":[{"href":"https:\/\/depodanmusteriye.com\/urunler\/wp-json\/wp\/v2\/types\/product"}],"replies":[{"embeddable":true,"href":"https:\/\/depodanmusteriye.com\/urunler\/wp-json\/wp\/v2\/comments?post=96483"}],"version-history":[{"count":0,"href":"https:\/\/depodanmusteriye.com\/urunler\/wp-json\/wp\/v2\/product\/96483\/revisions"}],"wp:featuredmedia":[{"embeddable":true,"href":"https:\/\/depodanmusteriye.com\/urunler\/wp-json\/wp\/v2\/media\/96480"}],"wp:attachment":[{"href":"https:\/\/depodanmusteriye.com\/urunler\/wp-json\/wp\/v2\/media?parent=96483"}],"wp:term":[{"taxonomy":"product_brand","embeddable":true,"href":"https:\/\/depodanmusteriye.com\/urunler\/wp-json\/wp\/v2\/product_brand?post=96483"},{"taxonomy":"product_cat","embeddable":true,"href":"https:\/\/depodanmusteriye.com\/urunler\/wp-json\/wp\/v2\/product_cat?post=96483"},{"taxonomy":"product_tag","embeddable":true,"href":"https:\/\/depodanmusteriye.com\/urunler\/wp-json\/wp\/v2\/product_tag?post=96483"}],"curies":[{"name":"wp","href":"https:\/\/api.w.org\/{rel}","templated":true}]}}