{"id":96467,"date":"2025-12-08T02:24:06","date_gmt":"2025-12-08T02:24:06","guid":{"rendered":"https:\/\/b2b.depodanmusteriye.com\/urun\/newface-samsung-galaxy-t590-tab-a-10-5-tablet-cam-ekran-koruyucu\/"},"modified":"2025-12-08T02:24:06","modified_gmt":"2025-12-08T02:24:06","slug":"newface-samsung-galaxy-t590-tab-a-10-5-tablet-cam-ekran-koruyucu","status":"publish","type":"product","link":"https:\/\/depodanmusteriye.com\/urunler\/urun\/newface-samsung-galaxy-t590-tab-a-10-5-tablet-cam-ekran-koruyucu\/","title":{"rendered":"Newface Samsung Galaxy T590 Tab A 10.5 Tablet Cam Ekran Koruyucu"},"content":{"rendered":"<h4>Newface Samsung Galaxy T590 Tab A 10.5 Tablet Cam Ekran Koruyucu<\/p>\n<p><b>NEWFACE TABLET CAM EKRAN KORUYUCU<\/b><\/p>\n<p>&#8212;- ile uyumludur.<\/p>\n<p><\/p>\n<p><b>9H Sertlik Derecesi:<\/b><\/p>\n<p>Bu temperli cam ekran koruyucu, 9H sertlik derecesi ile \u00e7izilmelere ve darbelere kar\u015f\u0131 y\u00fcksek diren\u00e7 sa\u011flar. Bu sertlik derecesi, g\u00fcnl\u00fck kullan\u0131mda meydana gelebilecek \u00e7iziklere, d\u00fc\u015fmelere ve darbelere kar\u015f\u0131 ekran\u0131n\u0131z\u0131 korur.<\/p>\n<p><b>HD \u015eeffafl\u0131k:<\/b><\/p>\n<p>Ekran koruyucu, %99.9 \u015feffafl\u0131k oran\u0131 ile tabletinizin ekran\u0131n\u0131n parlakl\u0131\u011f\u0131n\u0131 ve netli\u011fini korur. Ekran\u0131n orijinal g\u00f6r\u00fcnt\u00fc kalitesinden \u00f6d\u00fcn vermeden, y\u00fcksek \u00e7\u00f6z\u00fcn\u00fcrl\u00fckl\u00fc ve canl\u0131 bir izleme deneyimi sunar.<\/p>\n<p><b>Parmak \u0130zi ve Ya\u011f B\u0131rakmaz:<\/b><\/p>\n<p>\u00d6zel oleofobik kaplama sayesinde, parmak izlerine, su lekelerine ve ya\u011f birikimlerine kar\u015f\u0131 dayan\u0131kl\u0131d\u0131r. Bu kaplama, ekran\u0131n temiz ve berrak kalmas\u0131n\u0131 sa\u011flar, b\u00f6ylece tabletinizin ekran\u0131n\u0131 s\u0131k s\u0131k temizleme ihtiyac\u0131n\u0131 azalt\u0131r.<\/p>\n<p><b>Kolay Uygulama:<\/b><\/p>\n<p>Kabarc\u0131k olu\u015fumunu \u00f6nleyen yap\u0131s\u0131 sayesinde, ekran koruyucu cam\u0131 tabletinize kolayca uygulayabilirsiniz. Hassas kesim ve tam oturma sa\u011flayan bu \u00fcr\u00fcn, kullan\u0131c\u0131lar\u0131n kendi ba\u015flar\u0131na sorunsuz bir \u015fekilde uygulama yapmalar\u0131na imkan tan\u0131r.<\/p>\n<p><b>Tam Ekran Korumas\u0131:<\/b><\/p>\n<p>Bu ekran koruyucu, tabletin t\u00fcm y\u00fczeyini kaplayarak tam ekran korumas\u0131 sa\u011flar. Kenardan kenara tam uyum, ekran\u0131n her k\u00f6\u015fesini korur ve maksimum g\u00fcvenlik sunar.<\/p>\n<p><b>\u00c7izilmelere ve Darbelere Kar\u015f\u0131 Y\u00fcksek Koruma:<\/b><\/p>\n<p>G\u00fcnl\u00fck kullan\u0131mda ekran\u0131n\u0131zda olu\u015fabilecek \u00e7izikler ve hafif darbeler i\u00e7in etkili bir kalkan g\u00f6revi g\u00f6r\u00fcr. Y\u00fcksek darbe emici \u00f6zellikleri sayesinde ekran\u0131n\u0131z\u0131n \u00f6mr\u00fcn\u00fc uzat\u0131r.<\/p>\n<div><\/div>\n<p><\/p>\n<p><\/p>\n<p><\/p>\n<p><\/p>\n<p><\/p>\n<p><\/p>\n<p><img decoding=\"async\" src=\"https:\/\/www.newface.com.tr\/img\/descriptions\/62036db6e4f4f.jpg\" style=\"width: 50%\"><\/p>\n<p><b>1 adet fiyat\u0131d\u0131r<\/b> <\/p>\n<p><p><b>\u00dcretici Markas\u0131 : NEWFACE<\/b><\/p>\n<p><b>\u00dcretici Kodu : 8683140160753<\/b><\/p>\n<p><b>1 ADET F\u0130YATIDIR<\/b><\/p>\n<\/h4>\n<p><\/p>\n","protected":false},"excerpt":{"rendered":"<p>Newface Samsung Galaxy T590 Tab A 10.5 Tablet Cam Ekran Koruyucu<\/p>\n","protected":false},"featured_media":96464,"comment_status":"open","ping_status":"closed","template":"","meta":[],"product_brand":[],"product_cat":[374,1043],"product_tag":[2759,2004,1366,2774,1974,2775,1510,1973,9361,2003,1516],"class_list":{"0":"post-96467","1":"product","2":"type-product","3":"status-publish","4":"has-post-thumbnail","6":"product_cat-mobil-aksesuar","7":"product_cat-tablet-ekran-koruyucu","8":"product_tag-10-5","9":"product_tag-a","10":"product_tag-cam","11":"product_tag-ekran","12":"product_tag-galaxy","13":"product_tag-koruyucu","14":"product_tag-newface","15":"product_tag-samsung","16":"product_tag-t590","17":"product_tag-tab","18":"product_tag-tablet","20":"first","21":"instock","22":"taxable","23":"shipping-taxable","24":"purchasable","25":"product-type-simple"},"_links":{"self":[{"href":"https:\/\/depodanmusteriye.com\/urunler\/wp-json\/wp\/v2\/product\/96467","targetHints":{"allow":["GET"]}}],"collection":[{"href":"https:\/\/depodanmusteriye.com\/urunler\/wp-json\/wp\/v2\/product"}],"about":[{"href":"https:\/\/depodanmusteriye.com\/urunler\/wp-json\/wp\/v2\/types\/product"}],"replies":[{"embeddable":true,"href":"https:\/\/depodanmusteriye.com\/urunler\/wp-json\/wp\/v2\/comments?post=96467"}],"version-history":[{"count":0,"href":"https:\/\/depodanmusteriye.com\/urunler\/wp-json\/wp\/v2\/product\/96467\/revisions"}],"wp:featuredmedia":[{"embeddable":true,"href":"https:\/\/depodanmusteriye.com\/urunler\/wp-json\/wp\/v2\/media\/96464"}],"wp:attachment":[{"href":"https:\/\/depodanmusteriye.com\/urunler\/wp-json\/wp\/v2\/media?parent=96467"}],"wp:term":[{"taxonomy":"product_brand","embeddable":true,"href":"https:\/\/depodanmusteriye.com\/urunler\/wp-json\/wp\/v2\/product_brand?post=96467"},{"taxonomy":"product_cat","embeddable":true,"href":"https:\/\/depodanmusteriye.com\/urunler\/wp-json\/wp\/v2\/product_cat?post=96467"},{"taxonomy":"product_tag","embeddable":true,"href":"https:\/\/depodanmusteriye.com\/urunler\/wp-json\/wp\/v2\/product_tag?post=96467"}],"curies":[{"name":"wp","href":"https:\/\/api.w.org\/{rel}","templated":true}]}}