{"id":56211,"date":"2025-12-06T15:59:45","date_gmt":"2025-12-06T15:59:45","guid":{"rendered":"https:\/\/b2b.depodanmusteriye.com\/urun\/newface-iphone-14-pro-kilif-platin-silikon-sari\/"},"modified":"2025-12-06T15:59:45","modified_gmt":"2025-12-06T15:59:45","slug":"newface-iphone-14-pro-kilif-platin-silikon-sari","status":"publish","type":"product","link":"https:\/\/depodanmusteriye.com\/urunler\/urun\/newface-iphone-14-pro-kilif-platin-silikon-sari\/","title":{"rendered":"Newface iPhone 14 Pro K\u0131l\u0131f Platin Silikon &#8211; Sar\u0131"},"content":{"rendered":"<h4><\/p>\n<h4> <b>1 ADET F\u0130YATIDIR<\/b> <\/h4>\n<p><b>NEWFACE PLAT\u0130N S\u0130L\u0130KON KILIF<\/b><\/p>\n<p>Y\u00fcksek kalite malzemeden \u00fcretilmi\u015ftir.<br \/><b>Apple iPhone 14 Pro<\/b> ile uyumludur.<br \/><span style=\"font-size: 1rem\">TPU Fiber kar\u0131\u015f\u0131m\u0131d\u0131r.<br \/><\/span><span style=\"font-size: 1rem\">\u0130nce ve estetik bir g\u00f6r\u00fcn\u00fcme sahiptir.<br \/><\/span><span style=\"font-size: 1rem\">\u00d6zel kesim kal\u0131b\u0131 sayesinde cihaz\u0131n\u0131zla tam uyum g\u00f6sterir.<br \/><\/span><span style=\"font-size: 1rem\">Tak\u0131p \u00e7\u0131karmas\u0131 kolayd\u0131r.<br \/><\/span><span style=\"font-size: 1rem\">T\u00fcm kontrol tu\u015flar\u0131na rahat\u00e7a eri\u015fim sa\u011flayabilirsiniz.<br \/><\/span><span style=\"font-size: 1rem\">\u015earj, kulakl\u0131k vb. giri\u015fler cihaz\u0131n\u0131z ile tam uyum sa\u011flar.<br \/><\/span><span style=\"font-size: 1rem\">Mat bir g\u00f6r\u00fcn\u00fcme sahiptir.<br \/>Sa\u011fl\u0131\u011fa zararl\u0131 madde i\u00e7ermez.<\/span><\/p>\n<p>&lt;a href=&quot;http:\/\/<\/a><\/p>\n<p><span style=\"font-size: 1rem\"><br \/><\/span><\/p>\n<p><img decoding=\"async\" src=\"https:\/\/www.newface.com.tr\/img\/descriptions\/5fed846b3ce22.jpg\" style=\"width: 25%\"><\/p>\n<p><img decoding=\"async\" src=\"https:\/\/www.newface.com.tr\/img\/descriptions\/5fed84705c629.jpg\" style=\"width: 25%\"> <br \/>  <strong> Renk :<\/strong> Sar\u0131 <br \/>  <strong> Uyumlu Marka :<\/strong> Apple <br \/>  <strong> Uyumlu Model :<\/strong> iPhone 14 Pro<\/p>\n<p><b>\u00dcretici Markas\u0131 : NEWFACE<\/b><\/p>\n<p><b>\u00dcretici Kodu : 8683140413125<\/b><\/p>\n<p><b>1 ADET F\u0130YATIDIR<\/b><\/p>\n<\/h4>\n<p><\/p>\n","protected":false},"excerpt":{"rendered":"<p>Newface iPhone 14 Pro K\u0131l\u0131f Platin Silikon &#8211; Sar\u0131<\/p>\n","protected":false},"featured_media":56210,"comment_status":"open","ping_status":"closed","template":"","meta":[],"product_brand":[],"product_cat":[457,374],"product_tag":[1858,1950,1514,1510,2485,2484,2350,2486],"class_list":{"0":"post-56211","1":"product","2":"type-product","3":"status-publish","4":"has-post-thumbnail","6":"product_cat-kapak-and-kilif","7":"product_cat-mobil-aksesuar","8":"product_tag-1858","9":"product_tag-iphone","10":"product_tag-kilif","11":"product_tag-newface","12":"product_tag-platin","13":"product_tag-pro","14":"product_tag-sari","15":"product_tag-silikon","17":"first","18":"instock","19":"taxable","20":"shipping-taxable","21":"purchasable","22":"product-type-simple"},"_links":{"self":[{"href":"https:\/\/depodanmusteriye.com\/urunler\/wp-json\/wp\/v2\/product\/56211","targetHints":{"allow":["GET"]}}],"collection":[{"href":"https:\/\/depodanmusteriye.com\/urunler\/wp-json\/wp\/v2\/product"}],"about":[{"href":"https:\/\/depodanmusteriye.com\/urunler\/wp-json\/wp\/v2\/types\/product"}],"replies":[{"embeddable":true,"href":"https:\/\/depodanmusteriye.com\/urunler\/wp-json\/wp\/v2\/comments?post=56211"}],"version-history":[{"count":0,"href":"https:\/\/depodanmusteriye.com\/urunler\/wp-json\/wp\/v2\/product\/56211\/revisions"}],"wp:featuredmedia":[{"embeddable":true,"href":"https:\/\/depodanmusteriye.com\/urunler\/wp-json\/wp\/v2\/media\/56210"}],"wp:attachment":[{"href":"https:\/\/depodanmusteriye.com\/urunler\/wp-json\/wp\/v2\/media?parent=56211"}],"wp:term":[{"taxonomy":"product_brand","embeddable":true,"href":"https:\/\/depodanmusteriye.com\/urunler\/wp-json\/wp\/v2\/product_brand?post=56211"},{"taxonomy":"product_cat","embeddable":true,"href":"https:\/\/depodanmusteriye.com\/urunler\/wp-json\/wp\/v2\/product_cat?post=56211"},{"taxonomy":"product_tag","embeddable":true,"href":"https:\/\/depodanmusteriye.com\/urunler\/wp-json\/wp\/v2\/product_tag?post=56211"}],"curies":[{"name":"wp","href":"https:\/\/api.w.org\/{rel}","templated":true}]}}