{"id":56205,"date":"2025-12-06T15:59:34","date_gmt":"2025-12-06T15:59:34","guid":{"rendered":"https:\/\/b2b.depodanmusteriye.com\/urun\/newface-ipad-10-2-8-nesil-kilif-kalemlikli-mars-tablet-kilifi-gri\/"},"modified":"2025-12-06T15:59:34","modified_gmt":"2025-12-06T15:59:34","slug":"newface-ipad-10-2-8-nesil-kilif-kalemlikli-mars-tablet-kilifi-gri","status":"publish","type":"product","link":"https:\/\/depodanmusteriye.com\/urunler\/urun\/newface-ipad-10-2-8-nesil-kilif-kalemlikli-mars-tablet-kilifi-gri\/","title":{"rendered":"Newface iPad 10.2 (8.nesil) K\u0131l\u0131f Kalemlikli Mars Tablet K\u0131l\u0131f\u0131 &#8211; Gri"},"content":{"rendered":"<h4><\/p>\n<h4> <b>1 ADET F\u0130YATIDIR<\/b> <\/h4>\n<p>\n<p><b>NEWFACE KALEML\u0130KL\u0130 MARS TABLET KILIFI<br \/><\/b><\/p>\n<p><strong style=\"font-family:\">Cihaz\u0131n\u0131z\u0131 \u00e7iziklerden, kirden ve darbe ve \u015foktan tamamen korur.<br \/><\/strong><strong style=\"font-family:\">Kalem koyma b\u00f6lmesi sayesinde pratik bir kullan\u0131m sunar.<br \/><\/strong><strong style=\"font-family:\">K\u0131l\u0131f\u0131 \u00e7\u0131karmadan b\u00fct\u00fcn slotlara(yan tu\u015flar , \u015farj , kulakl\u0131k giri\u015fleri vs.) eri\u015filebilir.<br \/><\/strong><strong style=\"font-family:\">Harika kal\u0131b\u0131yla cihaz\u0131n\u0131za m\u00fckemmel uyar.<br \/><\/strong><strong style=\"font-family:\">Uzun \u00f6m\u00fcrl\u00fcd\u00fcr, darbelere kar\u015f\u0131 maximum korur.<br \/><\/strong><strong style=\"font-family:\">Kolayca tak\u0131p \u00e7\u0131kart\u0131labilir.<br \/><\/strong><strong style=\"font-family:\">Stand olma \u00f6zelli\u011fi ve katlanabilme \u00f6zelli\u011fi sayesinde rahat kullan\u0131m sa\u011flar.<br \/><\/strong><strong style=\"font-family:\">\u00dcr\u00fcn i\u00e7erisinde sa\u011fl\u0131\u011fa zararl\u0131 hammadde kullan\u0131lmam\u0131\u015ft\u0131r.<br \/><\/strong><strong style=\"font-family:\">\u00dcst kapa\u011f\u0131n kapanmas\u0131, cihaz\u0131 hem \u00f6nden hem arkadan gelebilecek darbelerden korur.<\/strong><\/p>\n<p><strong style=\"font-family:\"><br \/><\/strong><\/p>\n<p><\/p>\n<\/p>\n<p><img decoding=\"async\" src=\"https:\/\/www.newface.com.tr\/img\/descriptions\/62f66d5a26bf3.jpg\" style=\"width: 630.847px;height: 537.812px\"><\/p>\n<p>________________________________________________________________________________<\/p>\n<p><\/p>\n<p><img decoding=\"async\" src=\"https:\/\/www.newface.com.tr\/img\/descriptions\/62f66d729dad0.jpg\" style=\"width: 653.5px;height: 550.671px\"><\/p>\n<p>_______________________________________________________________________________<\/p>\n<p><\/p>\n<p><img decoding=\"async\" src=\"https:\/\/www.newface.com.tr\/img\/descriptions\/62f66d8f9bbc1.jpg\" style=\"width: 623.259px;height: 531.344px\"> <br \/>  <strong> Renk :<\/strong> Gri <br \/>  <strong> Uyumlu Marka :<\/strong> Apple <br \/>  <strong> Uyumlu Model :<\/strong> iPad 10.2 (8.nesil)<\/p>\n<p><b>\u00dcretici Markas\u0131 : NEWFACE<\/b><\/p>\n<p><b>\u00dcretici Kodu : 8683140406080<\/b><\/p>\n<p><b>1 ADET F\u0130YATIDIR<\/b><\/p>\n<\/h4>\n<p><\/p>\n","protected":false},"excerpt":{"rendered":"<p>Newface iPad 10.2 (8.nesil) K\u0131l\u0131f Kalemlikli Mars Tablet K\u0131l\u0131f\u0131 &#8211; Gri<\/p>\n","protected":false},"featured_media":56199,"comment_status":"open","ping_status":"closed","template":"","meta":[],"product_brand":[],"product_cat":[374,756],"product_tag":[3132,3133,1684,1511,3134,1514,3135,2558,1510,1516],"class_list":{"0":"post-56205","1":"product","2":"type-product","3":"status-publish","4":"has-post-thumbnail","6":"product_cat-mobil-aksesuar","7":"product_cat-tablet-kilifi","8":"product_tag-10-2","9":"product_tag-8-nesil","10":"product_tag-gri","11":"product_tag-ipad","12":"product_tag-kalemlikli","13":"product_tag-kilif","14":"product_tag-kilifi","15":"product_tag-mars","16":"product_tag-newface","17":"product_tag-tablet","19":"first","20":"instock","21":"taxable","22":"shipping-taxable","23":"purchasable","24":"product-type-simple"},"_links":{"self":[{"href":"https:\/\/depodanmusteriye.com\/urunler\/wp-json\/wp\/v2\/product\/56205","targetHints":{"allow":["GET"]}}],"collection":[{"href":"https:\/\/depodanmusteriye.com\/urunler\/wp-json\/wp\/v2\/product"}],"about":[{"href":"https:\/\/depodanmusteriye.com\/urunler\/wp-json\/wp\/v2\/types\/product"}],"replies":[{"embeddable":true,"href":"https:\/\/depodanmusteriye.com\/urunler\/wp-json\/wp\/v2\/comments?post=56205"}],"version-history":[{"count":0,"href":"https:\/\/depodanmusteriye.com\/urunler\/wp-json\/wp\/v2\/product\/56205\/revisions"}],"wp:featuredmedia":[{"embeddable":true,"href":"https:\/\/depodanmusteriye.com\/urunler\/wp-json\/wp\/v2\/media\/56199"}],"wp:attachment":[{"href":"https:\/\/depodanmusteriye.com\/urunler\/wp-json\/wp\/v2\/media?parent=56205"}],"wp:term":[{"taxonomy":"product_brand","embeddable":true,"href":"https:\/\/depodanmusteriye.com\/urunler\/wp-json\/wp\/v2\/product_brand?post=56205"},{"taxonomy":"product_cat","embeddable":true,"href":"https:\/\/depodanmusteriye.com\/urunler\/wp-json\/wp\/v2\/product_cat?post=56205"},{"taxonomy":"product_tag","embeddable":true,"href":"https:\/\/depodanmusteriye.com\/urunler\/wp-json\/wp\/v2\/product_tag?post=56205"}],"curies":[{"name":"wp","href":"https:\/\/api.w.org\/{rel}","templated":true}]}}