{"id":56198,"date":"2025-12-06T15:59:22","date_gmt":"2025-12-06T15:59:22","guid":{"rendered":"https:\/\/b2b.depodanmusteriye.com\/urun\/newface-xiaomi-redmi-note-10-pro-kilif-mega-standli-silikon-siyah\/"},"modified":"2026-02-02T10:39:21","modified_gmt":"2026-02-02T10:39:21","slug":"newface-xiaomi-redmi-note-10-pro-kilif-mega-standli-silikon-siyah","status":"publish","type":"product","link":"https:\/\/depodanmusteriye.com\/urunler\/urun\/newface-xiaomi-redmi-note-10-pro-kilif-mega-standli-silikon-siyah\/","title":{"rendered":"Newface Xiaomi Redmi Note 10 Pro K\u0131l\u0131f Mega Standl\u0131 Silikon &#8211; Siyah"},"content":{"rendered":"<h4><\/p>\n<h4> <b>1 ADET F\u0130YATIDIR<\/b> <\/h4>\n<\/p>\n<p><b>NEWFACE MEGA STANDLI S\u0130L\u0130KON<\/b><\/p>\n<p><b><br \/><\/b><\/p>\n<p><img decoding=\"async\" src=\"https:\/\/www.newface.com.tr\/img\/descriptions\/63ee093205425.jpg\" style=\"width: 100%\"><\/p>\n<p><\/p>\n<p>&lt;a href=&quot;http:\/\/<\/a><\/p>\n<p>  <strong> Renk :<\/strong> Siyah <br \/>  <strong> Uyumlu Marka :<\/strong> Xiaomi <br \/>  <strong> Uyumlu Model :<\/strong> Redmi Note 10 Pro<\/p>\n<p><b>\u00dcretici Markas\u0131 : NEWFACE<\/b><\/p>\n<p><b>\u00dcretici Kodu : 8683140405281<\/b><\/p>\n<p><b>1 ADET F\u0130YATIDIR<\/b><\/p>\n<\/h4>\n<p><\/p>\n","protected":false},"excerpt":{"rendered":"<p>Newface Xiaomi Redmi Note 10 Pro K\u0131l\u0131f Mega Standl\u0131 Silikon &#8211; Siyah<\/p>\n","protected":false},"featured_media":56194,"comment_status":"open","ping_status":"closed","template":"","meta":[],"product_brand":[],"product_cat":[457,374],"product_tag":[1514,3131,1510,2798,2484,2491,2486,1391,2787,2490],"class_list":{"0":"post-56198","1":"product","2":"type-product","3":"status-publish","4":"has-post-thumbnail","6":"product_cat-kapak-and-kilif","7":"product_cat-mobil-aksesuar","8":"product_tag-kilif","9":"product_tag-mega","10":"product_tag-newface","11":"product_tag-note","12":"product_tag-pro","13":"product_tag-redmi","14":"product_tag-silikon","15":"product_tag-siyah","16":"product_tag-standli","17":"product_tag-xiaomi","19":"first","20":"outofstock","21":"taxable","22":"shipping-taxable","23":"purchasable","24":"product-type-simple"},"_links":{"self":[{"href":"https:\/\/depodanmusteriye.com\/urunler\/wp-json\/wp\/v2\/product\/56198","targetHints":{"allow":["GET"]}}],"collection":[{"href":"https:\/\/depodanmusteriye.com\/urunler\/wp-json\/wp\/v2\/product"}],"about":[{"href":"https:\/\/depodanmusteriye.com\/urunler\/wp-json\/wp\/v2\/types\/product"}],"replies":[{"embeddable":true,"href":"https:\/\/depodanmusteriye.com\/urunler\/wp-json\/wp\/v2\/comments?post=56198"}],"version-history":[{"count":0,"href":"https:\/\/depodanmusteriye.com\/urunler\/wp-json\/wp\/v2\/product\/56198\/revisions"}],"wp:featuredmedia":[{"embeddable":true,"href":"https:\/\/depodanmusteriye.com\/urunler\/wp-json\/wp\/v2\/media\/56194"}],"wp:attachment":[{"href":"https:\/\/depodanmusteriye.com\/urunler\/wp-json\/wp\/v2\/media?parent=56198"}],"wp:term":[{"taxonomy":"product_brand","embeddable":true,"href":"https:\/\/depodanmusteriye.com\/urunler\/wp-json\/wp\/v2\/product_brand?post=56198"},{"taxonomy":"product_cat","embeddable":true,"href":"https:\/\/depodanmusteriye.com\/urunler\/wp-json\/wp\/v2\/product_cat?post=56198"},{"taxonomy":"product_tag","embeddable":true,"href":"https:\/\/depodanmusteriye.com\/urunler\/wp-json\/wp\/v2\/product_tag?post=56198"}],"curies":[{"name":"wp","href":"https:\/\/api.w.org\/{rel}","templated":true}]}}