{"id":56167,"date":"2025-12-06T15:58:31","date_gmt":"2025-12-06T15:58:31","guid":{"rendered":"https:\/\/b2b.depodanmusteriye.com\/urun\/newface-samsung-galaxy-t580-tab-a-10-1-tablet-cam-ekran-koruyucu\/"},"modified":"2025-12-06T15:58:31","modified_gmt":"2025-12-06T15:58:31","slug":"newface-samsung-galaxy-t580-tab-a-10-1-tablet-cam-ekran-koruyucu","status":"publish","type":"product","link":"https:\/\/depodanmusteriye.com\/urunler\/urun\/newface-samsung-galaxy-t580-tab-a-10-1-tablet-cam-ekran-koruyucu\/","title":{"rendered":"Newface Samsung Galaxy T580 Tab A 10.1 Tablet Cam Ekran Koruyucu"},"content":{"rendered":"<h4><\/p>\n<h4> <b>1 ADET F\u0130YATIDIR<\/b> <\/h4>\n<p><b>NEWFACE TABLET CAM EKRAN KORUYUCU<\/b><\/p>\n<p><b>Samsung T580 Tab A 10.1<\/b> ile uyumludur.<br \/>Ekran\u0131n\u0131z\u0131 darbelere ve \u00e7iziklere kar\u015f\u0131 korur.<br \/>Kolay ve h\u0131zl\u0131 kullan\u0131m sa\u011flar.<br \/>HD kalitesinde g\u00f6r\u00fcnt\u00fc sa\u011flar.<br \/>Esnek bir yap\u0131da de\u011fildir. K\u0131r\u0131lma ve \u00e7atlamalar olu\u015fabilir. Bu sayede cihaz\u0131n\u0131z korunur.<br \/>Kal\u0131n yap\u0131s\u0131 sayesinde cihaz\u0131n\u0131za ultra koruma sa\u011flar<br \/>\u015eeffaf olmas\u0131 sayesinde kamera ve sens\u00f6rleri korur.<br \/>Darbe emme \u00f6zelli\u011fi mevcuttur.<\/p>\n<p><\/p>\n<p><img decoding=\"async\" src=\"https:\/\/www.newface.com.tr\/img\/descriptions\/62036db6e4f4f.jpg\" style=\"width: 50%\"><\/p>\n<p>  <strong> Renk :<\/strong> \u015eeffaf <br \/>  <strong> Uyumlu Marka :<\/strong> Samsung <br \/>  <strong> Uyumlu Model :<\/strong> T580 Tab A 10.1<\/p>\n<p><b>\u00dcretici Markas\u0131 : NEWFACE<\/b><\/p>\n<p><b>\u00dcretici Kodu : 8683140160746<\/b><\/p>\n<p><b>1 ADET F\u0130YATIDIR<\/b><\/p>\n<\/h4>\n<p><\/p>\n","protected":false},"excerpt":{"rendered":"<p>Newface Samsung Galaxy T580 Tab A 10.1 Tablet Cam Ekran Koruyucu<\/p>\n","protected":false},"featured_media":56164,"comment_status":"open","ping_status":"closed","template":"","meta":[],"product_brand":[],"product_cat":[374,1043],"product_tag":[9134,2004,1366,2774,1974,2775,1510,1973,9133,2003,1516],"class_list":{"0":"post-56167","1":"product","2":"type-product","3":"status-publish","4":"has-post-thumbnail","6":"product_cat-mobil-aksesuar","7":"product_cat-tablet-ekran-koruyucu","8":"product_tag-10-1","9":"product_tag-a","10":"product_tag-cam","11":"product_tag-ekran","12":"product_tag-galaxy","13":"product_tag-koruyucu","14":"product_tag-newface","15":"product_tag-samsung","16":"product_tag-t580","17":"product_tag-tab","18":"product_tag-tablet","20":"first","21":"instock","22":"taxable","23":"shipping-taxable","24":"purchasable","25":"product-type-simple"},"_links":{"self":[{"href":"https:\/\/depodanmusteriye.com\/urunler\/wp-json\/wp\/v2\/product\/56167","targetHints":{"allow":["GET"]}}],"collection":[{"href":"https:\/\/depodanmusteriye.com\/urunler\/wp-json\/wp\/v2\/product"}],"about":[{"href":"https:\/\/depodanmusteriye.com\/urunler\/wp-json\/wp\/v2\/types\/product"}],"replies":[{"embeddable":true,"href":"https:\/\/depodanmusteriye.com\/urunler\/wp-json\/wp\/v2\/comments?post=56167"}],"version-history":[{"count":0,"href":"https:\/\/depodanmusteriye.com\/urunler\/wp-json\/wp\/v2\/product\/56167\/revisions"}],"wp:featuredmedia":[{"embeddable":true,"href":"https:\/\/depodanmusteriye.com\/urunler\/wp-json\/wp\/v2\/media\/56164"}],"wp:attachment":[{"href":"https:\/\/depodanmusteriye.com\/urunler\/wp-json\/wp\/v2\/media?parent=56167"}],"wp:term":[{"taxonomy":"product_brand","embeddable":true,"href":"https:\/\/depodanmusteriye.com\/urunler\/wp-json\/wp\/v2\/product_brand?post=56167"},{"taxonomy":"product_cat","embeddable":true,"href":"https:\/\/depodanmusteriye.com\/urunler\/wp-json\/wp\/v2\/product_cat?post=56167"},{"taxonomy":"product_tag","embeddable":true,"href":"https:\/\/depodanmusteriye.com\/urunler\/wp-json\/wp\/v2\/product_tag?post=56167"}],"curies":[{"name":"wp","href":"https:\/\/api.w.org\/{rel}","templated":true}]}}