{"id":56125,"date":"2025-12-06T15:57:22","date_gmt":"2025-12-06T15:57:22","guid":{"rendered":"https:\/\/b2b.depodanmusteriye.com\/urun\/newface-iphone-13-mini-kilif-nano-ici-kadife-silikon-mavi\/"},"modified":"2025-12-06T15:57:22","modified_gmt":"2025-12-06T15:57:22","slug":"newface-iphone-13-mini-kilif-nano-ici-kadife-silikon-mavi","status":"publish","type":"product","link":"https:\/\/depodanmusteriye.com\/urunler\/urun\/newface-iphone-13-mini-kilif-nano-ici-kadife-silikon-mavi\/","title":{"rendered":"Newface iPhone 13 Mini K\u0131l\u0131f Nano i\u00e7i Kadife  Silikon &#8211; Mavi"},"content":{"rendered":"<h4><\/p>\n<h4> <b>1 ADET F\u0130YATIDIR<\/b> <\/h4>\n<\/p>\n<p><b>NEWFACE \u0130\u00c7\u0130 KAD\u0130FEL\u0130 ULTRA \u015eIK NANO S\u0130L\u0130KON<\/b><\/p>\n<p>\u00dcr\u00fcn\u00fcm\u00fcz, \u00f6zel tasar\u0131ml\u0131 bir k\u0131l\u0131ft\u0131r.<br \/><b>Apple iPhone 13 Mini<\/b> ile uyumludur.<br \/>Son derece modern g\u00f6r\u00fcn\u00fcme sahip elden kaymaz yap\u0131da \u00fcretilmi\u015ftir.<br \/>Yumu\u015fak esnek k\u0131l\u0131f cihaz\u0131n\u0131z\u0131n kal\u0131plar\u0131na bire bir uyumludur.<br \/>\u00d6zel kal\u0131nl\u0131\u011f\u0131 sayesinde d\u00fc\u015fmelerde olu\u015fan \u015fok ve darbeleri emerek telefonunuzu korur.<br \/>Cihaz\u0131n\u0131z\u0131 sararak \u00e7izilmesini engeller.<br \/>D\u0131\u015f y\u00fczeyi soft ve p\u00fcr\u00fczs\u00fczd\u00fcr, tam kavraman\u0131z\u0131 sa\u011flar, elden kaymaz.<br \/>Nano yap\u0131s\u0131ndan dolay\u0131 su damlac\u0131klar\u0131n\u0131n i\u00e7ine n\u00fcfus etmesine engeller.<br \/>Kirlendi\u011finde rahatl\u0131kla silinir.<br \/><span style=\"font-size: 1rem\">K\u0131l\u0131f tak\u0131l\u0131 iken cihaz\u0131n t\u00fcm ba\u011flant\u0131 noktalar\u0131na rahatl\u0131kla ula\u015f\u0131labilir.<br \/>Kolayca tak\u0131p \u00e7\u0131kar\u0131labilir.<br \/>\u0130\u00e7eri\u011finde sa\u011fl\u0131\u011fa zararl\u0131 materyal bulunmamaktad\u0131r.<\/span><\/p>\n<p>\u00d6zellikler;<br \/><span style=\"font-size: 1rem\">Soft d\u0131\u015f y\u00fczey.<br \/><\/span><span style=\"font-size: 1rem\">S\u00fcet i\u00e7 dokusundan dolay\u0131 telefonunuzu tam sarar ve zarar vermez.<br \/><\/span><span style=\"font-size: 1rem\">Darbelere maximum koruma sa\u011flar.<br \/><\/span><span style=\"font-size: 1rem\">Esnek Silikon yap\u0131s\u0131 vard\u0131r, kolayca tak\u0131p \u00e7\u0131karabilirsiniz.<br \/><\/span><span style=\"font-size: 1rem\">Kapak tak\u0131l\u0131 iken t\u00fcm slotlara eri\u015febilirsiniz.<br \/><\/span><span style=\"font-size: 1rem\">Telefonunuzu tamamen sarar.<\/p>\n<p><\/span><\/p>\n<p><img decoding=\"async\" src=\"https:\/\/www.newface.com.tr\/img\/descriptions\/5fec73a17a406.jpg\" style=\"width: 50%\"><\/p>\n<p><\/p>\n<p><\/p>\n<p>  <strong> Renk :<\/strong> Mavi <br \/>  <strong> Uyumlu Marka :<\/strong> Apple <br \/>  <strong> Uyumlu Model :<\/strong> iPhone 13 Mini<\/p>\n<p><b>\u00dcretici Markas\u0131 : NEWFACE<\/b><\/p>\n<p><b>\u00dcretici Kodu : 8683140395223<\/b><\/p>\n<p><b>1 ADET F\u0130YATIDIR<\/b><\/p>\n<\/h4>\n<p><\/p>\n","protected":false},"excerpt":{"rendered":"<p>Newface iPhone 13 Mini K\u0131l\u0131f Nano i\u00e7i Kadife  Silikon &#8211; Mavi<\/p>\n","protected":false},"featured_media":56122,"comment_status":"open","ping_status":"closed","template":"","meta":[],"product_brand":[],"product_cat":[457,374],"product_tag":[1647,1904,1950,2502,1514,1737,2265,2501,1510,2486],"class_list":{"0":"post-56125","1":"product","2":"type-product","3":"status-publish","4":"has-post-thumbnail","6":"product_cat-kapak-and-kilif","7":"product_cat-mobil-aksesuar","8":"product_tag-1647","9":"product_tag-ici","10":"product_tag-iphone","11":"product_tag-kadife","12":"product_tag-kilif","13":"product_tag-mavi","14":"product_tag-mini","15":"product_tag-nano","16":"product_tag-newface","17":"product_tag-silikon","19":"first","20":"instock","21":"taxable","22":"shipping-taxable","23":"purchasable","24":"product-type-simple"},"_links":{"self":[{"href":"https:\/\/depodanmusteriye.com\/urunler\/wp-json\/wp\/v2\/product\/56125","targetHints":{"allow":["GET"]}}],"collection":[{"href":"https:\/\/depodanmusteriye.com\/urunler\/wp-json\/wp\/v2\/product"}],"about":[{"href":"https:\/\/depodanmusteriye.com\/urunler\/wp-json\/wp\/v2\/types\/product"}],"replies":[{"embeddable":true,"href":"https:\/\/depodanmusteriye.com\/urunler\/wp-json\/wp\/v2\/comments?post=56125"}],"version-history":[{"count":0,"href":"https:\/\/depodanmusteriye.com\/urunler\/wp-json\/wp\/v2\/product\/56125\/revisions"}],"wp:featuredmedia":[{"embeddable":true,"href":"https:\/\/depodanmusteriye.com\/urunler\/wp-json\/wp\/v2\/media\/56122"}],"wp:attachment":[{"href":"https:\/\/depodanmusteriye.com\/urunler\/wp-json\/wp\/v2\/media?parent=56125"}],"wp:term":[{"taxonomy":"product_brand","embeddable":true,"href":"https:\/\/depodanmusteriye.com\/urunler\/wp-json\/wp\/v2\/product_brand?post=56125"},{"taxonomy":"product_cat","embeddable":true,"href":"https:\/\/depodanmusteriye.com\/urunler\/wp-json\/wp\/v2\/product_cat?post=56125"},{"taxonomy":"product_tag","embeddable":true,"href":"https:\/\/depodanmusteriye.com\/urunler\/wp-json\/wp\/v2\/product_tag?post=56125"}],"curies":[{"name":"wp","href":"https:\/\/api.w.org\/{rel}","templated":true}]}}