{"id":56119,"date":"2025-12-06T15:57:10","date_gmt":"2025-12-06T15:57:10","guid":{"rendered":"https:\/\/b2b.depodanmusteriye.com\/urun\/newface-iphone-12-kilif-store-silikon-yesil\/"},"modified":"2025-12-06T15:57:10","modified_gmt":"2025-12-06T15:57:10","slug":"newface-iphone-12-kilif-store-silikon-yesil","status":"publish","type":"product","link":"https:\/\/depodanmusteriye.com\/urunler\/urun\/newface-iphone-12-kilif-store-silikon-yesil\/","title":{"rendered":"Newface iPhone 12 K\u0131l\u0131f Store Silikon &#8211; Ye\u015fil"},"content":{"rendered":"<h4><\/p>\n<h4> <b>1 ADET F\u0130YATIDIR<\/b> <\/h4>\n<p>  <strong> Renk :<\/strong> Ye\u015fil <br \/>  <strong> Uyumlu Marka :<\/strong> Apple <br \/>  <strong> Uyumlu Model :<\/strong> iPhone 12<\/p>\n<p><b>\u00dcretici Markas\u0131 : NEWFACE<\/b><\/p>\n<p><b>\u00dcretici Kodu : 8683140390433<\/b><\/p>\n<p><b>1 ADET F\u0130YATIDIR<\/b><\/p>\n<\/h4>\n<p><\/p>\n","protected":false},"excerpt":{"rendered":"<p>Newface iPhone 12 K\u0131l\u0131f Store Silikon &#8211; Ye\u015fil<\/p>\n","protected":false},"featured_media":56115,"comment_status":"open","ping_status":"closed","template":"","meta":[],"product_brand":[],"product_cat":[457,374],"product_tag":[2097,1950,1514,1510,2486,2829,2410],"class_list":{"0":"post-56119","1":"product","2":"type-product","3":"status-publish","4":"has-post-thumbnail","6":"product_cat-kapak-and-kilif","7":"product_cat-mobil-aksesuar","8":"product_tag-2097","9":"product_tag-iphone","10":"product_tag-kilif","11":"product_tag-newface","12":"product_tag-silikon","13":"product_tag-store","14":"product_tag-yesil","16":"first","17":"instock","18":"taxable","19":"shipping-taxable","20":"purchasable","21":"product-type-simple"},"_links":{"self":[{"href":"https:\/\/depodanmusteriye.com\/urunler\/wp-json\/wp\/v2\/product\/56119","targetHints":{"allow":["GET"]}}],"collection":[{"href":"https:\/\/depodanmusteriye.com\/urunler\/wp-json\/wp\/v2\/product"}],"about":[{"href":"https:\/\/depodanmusteriye.com\/urunler\/wp-json\/wp\/v2\/types\/product"}],"replies":[{"embeddable":true,"href":"https:\/\/depodanmusteriye.com\/urunler\/wp-json\/wp\/v2\/comments?post=56119"}],"version-history":[{"count":0,"href":"https:\/\/depodanmusteriye.com\/urunler\/wp-json\/wp\/v2\/product\/56119\/revisions"}],"wp:featuredmedia":[{"embeddable":true,"href":"https:\/\/depodanmusteriye.com\/urunler\/wp-json\/wp\/v2\/media\/56115"}],"wp:attachment":[{"href":"https:\/\/depodanmusteriye.com\/urunler\/wp-json\/wp\/v2\/media?parent=56119"}],"wp:term":[{"taxonomy":"product_brand","embeddable":true,"href":"https:\/\/depodanmusteriye.com\/urunler\/wp-json\/wp\/v2\/product_brand?post=56119"},{"taxonomy":"product_cat","embeddable":true,"href":"https:\/\/depodanmusteriye.com\/urunler\/wp-json\/wp\/v2\/product_cat?post=56119"},{"taxonomy":"product_tag","embeddable":true,"href":"https:\/\/depodanmusteriye.com\/urunler\/wp-json\/wp\/v2\/product_tag?post=56119"}],"curies":[{"name":"wp","href":"https:\/\/api.w.org\/{rel}","templated":true}]}}