{"id":56114,"date":"2025-12-06T15:57:03","date_gmt":"2025-12-06T15:57:03","guid":{"rendered":"https:\/\/b2b.depodanmusteriye.com\/urun\/newface-samsung-galaxy-s21-fe-kilif-montreal-yuzuklu-silikon-kapak-siyah\/"},"modified":"2025-12-06T15:57:03","modified_gmt":"2025-12-06T15:57:03","slug":"newface-samsung-galaxy-s21-fe-kilif-montreal-yuzuklu-silikon-kapak-siyah","status":"publish","type":"product","link":"https:\/\/depodanmusteriye.com\/urunler\/urun\/newface-samsung-galaxy-s21-fe-kilif-montreal-yuzuklu-silikon-kapak-siyah\/","title":{"rendered":"Newface Samsung Galaxy S21 FE K\u0131l\u0131f Montreal Y\u00fcz\u00fckl\u00fc Silikon Kapak &#8211; Siyah"},"content":{"rendered":"<h4><\/p>\n<h4> <b>1 ADET F\u0130YATIDIR<\/b> <\/h4>\n<\/p>\n<p><b>NEWFACE KAMERA KORUMALI MONTREAL RING S\u0130L\u0130KON KILIF<\/b><\/p>\n<p>Yeni ve \u015e\u0131k Tasar\u0131ml\u0131 \u00fc<span style=\"font-size: 1rem\">r\u00fcn\u00fcm\u00fcz, \u00f6zel tasar\u0131ml\u0131 bir k\u0131l\u0131ft\u0131r.<br \/><b>Samsung S21 FE<\/b> ile uyumludur.<br \/><\/span><span style=\"font-size: 1rem\">Stant olma \u00f6zelli\u011fi (Stant deste\u011fi) ile telefondan film ve video izlemeyi kolayla\u015ft\u0131r\u0131r, izleme keyfini art\u0131r\u0131r.<br \/><\/span><span style=\"font-size: 1rem\">Son derece modern g\u00f6r\u00fcn\u00fcme sahiptir.<br \/><\/span><span style=\"font-size: 1rem\">Kapak kenarlar\u0131 PC TPU Silikon \u00f6zelli\u011fi sayesinde \u015f\u0131k g\u00f6sterir ve d\u00fc\u015fmelerde darbe emicili\u011fi sa\u011flar.<br \/><\/span><span style=\"font-size: 1rem\">Arkas\u0131ndaki transparan mat buzlu silikon sayesinde cihaz\u0131n\u0131za modern g\u00f6r\u00fcn\u00fcm kazand\u0131r\u0131r.<br \/><\/span><span style=\"font-size: 1rem\">Esnek k\u0131l\u0131f cihaz\u0131n\u0131z\u0131n kal\u0131plar\u0131na bire bir uyumludur.<br \/><\/span><span style=\"font-size: 1rem\">\u00d6zel kal\u0131nl\u0131\u011f\u0131 sayesinde d\u00fc\u015fmelerde olu\u015fan \u015fok ve darbeleri emerek telefonunuzu korur.<br \/><\/span><span style=\"font-size: 1rem\">Cihaz\u0131n\u0131z\u0131 sararak \u00e7izilmesini engeller.<br \/><\/span><span style=\"font-size: 1rem\">Arka y\u00fczeyi lekelere kar\u015f\u0131 kolayca temizlenebilir.<br \/><\/span><span style=\"font-size: 1rem\">Kenar k\u0131s\u0131mlar PC TPU darbe emici ile kapl\u0131d\u0131r.<br \/>Sa\u011fl\u0131\u011fa zararl\u0131 madde i\u00e7ermez.<\/span><\/p>\n<p><img decoding=\"async\" src=\"https:\/\/www.newface.com.tr\/img\/descriptions\/5fec7e31644b4.jpg\" style=\"width: 25%\"><\/p>\n<p><img decoding=\"async\" src=\"https:\/\/www.newface.com.tr\/img\/descriptions\/5fec7e37a96f1.jpg\" style=\"width: 25%\"><\/p>\n<p><img decoding=\"async\" src=\"https:\/\/www.newface.com.tr\/img\/descriptions\/5fec7e3c869f8.jpg\" style=\"width: 25%\"><\/p>\n<p><\/p>\n<p><\/p>\n<\/p>\n<p>  <strong> Renk :<\/strong> Siyah <br \/>  <strong> Uyumlu Marka :<\/strong> Samsung <br \/>  <strong> Uyumlu Model :<\/strong> S21 FE<\/p>\n<p><b>\u00dcretici Markas\u0131 : NEWFACE<\/b><\/p>\n<p><b>\u00dcretici Kodu : 8683140388201<\/b><\/p>\n<p><b>1 ADET F\u0130YATIDIR<\/b><\/p>\n<\/h4>\n<p><\/p>\n","protected":false},"excerpt":{"rendered":"<p>Newface Samsung Galaxy S21 FE K\u0131l\u0131f Montreal Y\u00fcz\u00fckl\u00fc Silikon Kapak &#8211; Siyah<\/p>\n","protected":false},"featured_media":56111,"comment_status":"open","ping_status":"closed","template":"","meta":[],"product_brand":[],"product_cat":[457,374],"product_tag":[3359,1974,1389,1514,2747,1510,3209,1973,2486,1391,2494],"class_list":{"0":"post-56114","1":"product","2":"type-product","3":"status-publish","4":"has-post-thumbnail","6":"product_cat-kapak-and-kilif","7":"product_cat-mobil-aksesuar","8":"product_tag-fe","9":"product_tag-galaxy","10":"product_tag-kapak","11":"product_tag-kilif","12":"product_tag-montreal","13":"product_tag-newface","14":"product_tag-s21","15":"product_tag-samsung","16":"product_tag-silikon","17":"product_tag-siyah","18":"product_tag-yuzuklu","20":"first","21":"instock","22":"taxable","23":"shipping-taxable","24":"purchasable","25":"product-type-simple"},"_links":{"self":[{"href":"https:\/\/depodanmusteriye.com\/urunler\/wp-json\/wp\/v2\/product\/56114","targetHints":{"allow":["GET"]}}],"collection":[{"href":"https:\/\/depodanmusteriye.com\/urunler\/wp-json\/wp\/v2\/product"}],"about":[{"href":"https:\/\/depodanmusteriye.com\/urunler\/wp-json\/wp\/v2\/types\/product"}],"replies":[{"embeddable":true,"href":"https:\/\/depodanmusteriye.com\/urunler\/wp-json\/wp\/v2\/comments?post=56114"}],"version-history":[{"count":0,"href":"https:\/\/depodanmusteriye.com\/urunler\/wp-json\/wp\/v2\/product\/56114\/revisions"}],"wp:featuredmedia":[{"embeddable":true,"href":"https:\/\/depodanmusteriye.com\/urunler\/wp-json\/wp\/v2\/media\/56111"}],"wp:attachment":[{"href":"https:\/\/depodanmusteriye.com\/urunler\/wp-json\/wp\/v2\/media?parent=56114"}],"wp:term":[{"taxonomy":"product_brand","embeddable":true,"href":"https:\/\/depodanmusteriye.com\/urunler\/wp-json\/wp\/v2\/product_brand?post=56114"},{"taxonomy":"product_cat","embeddable":true,"href":"https:\/\/depodanmusteriye.com\/urunler\/wp-json\/wp\/v2\/product_cat?post=56114"},{"taxonomy":"product_tag","embeddable":true,"href":"https:\/\/depodanmusteriye.com\/urunler\/wp-json\/wp\/v2\/product_tag?post=56114"}],"curies":[{"name":"wp","href":"https:\/\/api.w.org\/{rel}","templated":true}]}}