{"id":56110,"date":"2025-12-06T15:56:57","date_gmt":"2025-12-06T15:56:57","guid":{"rendered":"https:\/\/b2b.depodanmusteriye.com\/urun\/newface-iphone-x-kilif-coco-deri-standli-kapak-mor\/"},"modified":"2025-12-06T15:56:57","modified_gmt":"2025-12-06T15:56:57","slug":"newface-iphone-x-kilif-coco-deri-standli-kapak-mor","status":"publish","type":"product","link":"https:\/\/depodanmusteriye.com\/urunler\/urun\/newface-iphone-x-kilif-coco-deri-standli-kapak-mor\/","title":{"rendered":"Newface iPhone X K\u0131l\u0131f Coco Deri Standl\u0131 Kapak &#8211; Mor"},"content":{"rendered":"<h4><\/p>\n<h4> <b>1 ADET F\u0130YATIDIR<\/b> <\/h4>\n<p><span style=\"font-weight: bolder\">NEWFACE DER\u0130 G\u00d6R\u00dcN\u00dcML\u00dc STANDLI S\u0130L\u0130KON KAPAK<\/span><\/p>\n<p>Deri g\u00f6r\u00fcn\u00fcml\u00fc y\u00fczey ile telefonunuza farkli bir g\u00f6r\u00fcn\u00fcm kazand\u0131r\u0131r.<br \/><b>Apple iPhone X<\/b> ile uyumludur.<br \/>Stand olma \u00f6zelli\u011fi sayesinde video, film izlemeye olanak sa\u011flar.&nbsp;<br \/>M\u00fckemmel kal\u0131b\u0131 sayesinde cihaz\u0131n\u0131za tam uyum sa\u011flar.<br \/><span style=\"font-size: 1rem\">\u00dcr\u00fcn\u00fcm\u00fcz, \u00f6zel tasar\u0131ml\u0131 bir k\u0131l\u0131ft\u0131r.<br \/>Son derece modern g\u00f6r\u00fcn\u00fcml\u00fcd\u00fcr.<br \/>Yumu\u015fak esnek k\u0131l\u0131f cihaz\u0131n\u0131z\u0131n kal\u0131plar\u0131na bire bir uyumludur.<br \/>Cihaz\u0131n\u0131z\u0131 sararak \u00e7izilmesini engeller.<br \/>D\u0131\u015f y\u00fczeyi deri g\u00f6r\u00fcn\u00fcml\u00fcd\u00fcr, tam kavraman\u0131z\u0131 sa\u011flar.<br \/><\/span><span style=\"font-size: 1rem\">K\u0131l\u0131f tak\u0131l\u0131 iken cihaz\u0131n t\u00fcm ba\u011flant\u0131 noktalar\u0131na rahatl\u0131kla ula\u015f\u0131labilir.<br \/>Kolayca tak\u0131p \u00e7\u0131kar\u0131labilir.<br \/>\u0130\u00e7eri\u011finde Sa\u011fl\u0131\u011fa zararl\u0131 materyal bulunmamaktad\u0131r.<\/span><\/p>\n<p><span style=\"font-size: 1rem\"><br \/><\/span><span style=\"font-size: 1rem\">\u00d6zellikler;<\/span><span style=\"font-size: 1rem\"><br \/><\/span><span style=\"font-size: 1rem\">Telefonunuzu tam sarar ve zarar vermez, d\u0131\u015f etkenlerden korur.<br \/><\/span><span style=\"font-size: 1rem\">Darbelere maximum koruma sa\u011flar.<br \/><\/span><span style=\"font-size: 1rem\">Esnek Silikon yap\u0131s\u0131 vard\u0131r, kolayca tak\u0131p \u00e7\u0131karabilirsiniz.<br \/><\/span><span style=\"font-size: 1rem\">Kapak tak\u0131l\u0131 iken t\u00fcm slotlara eri\u015febilirsiniz.<\/span><\/p>\n<p><img decoding=\"async\" src=\"https:\/\/www.newface.com.tr\/img\/descriptions\/63109e48ad1a3.jpg\" style=\"width: 50%\"> <br \/>  <strong> Renk :<\/strong> Mor <br \/>  <strong> Uyumlu Marka :<\/strong> Apple <br \/>  <strong> Uyumlu Model :<\/strong> iPhone X<\/p>\n<p><b>\u00dcretici Markas\u0131 : NEWFACE<\/b><\/p>\n<p><b>\u00dcretici Kodu : 8683140380847<\/b><\/p>\n<p><b>1 ADET F\u0130YATIDIR<\/b><\/p>\n<\/h4>\n<p><\/p>\n","protected":false},"excerpt":{"rendered":"<p>Newface iPhone X K\u0131l\u0131f Coco Deri Standl\u0131 Kapak &#8211; Mor<\/p>\n","protected":false},"featured_media":56107,"comment_status":"open","ping_status":"closed","template":"","meta":[],"product_brand":[],"product_cat":[457,374],"product_tag":[2750,1517,1950,1389,1514,2403,1510,2787,1595],"class_list":{"0":"post-56110","1":"product","2":"type-product","3":"status-publish","4":"has-post-thumbnail","6":"product_cat-kapak-and-kilif","7":"product_cat-mobil-aksesuar","8":"product_tag-coco","9":"product_tag-deri","10":"product_tag-iphone","11":"product_tag-kapak","12":"product_tag-kilif","13":"product_tag-mor","14":"product_tag-newface","15":"product_tag-standli","16":"product_tag-x","18":"first","19":"instock","20":"taxable","21":"shipping-taxable","22":"purchasable","23":"product-type-simple"},"_links":{"self":[{"href":"https:\/\/depodanmusteriye.com\/urunler\/wp-json\/wp\/v2\/product\/56110","targetHints":{"allow":["GET"]}}],"collection":[{"href":"https:\/\/depodanmusteriye.com\/urunler\/wp-json\/wp\/v2\/product"}],"about":[{"href":"https:\/\/depodanmusteriye.com\/urunler\/wp-json\/wp\/v2\/types\/product"}],"replies":[{"embeddable":true,"href":"https:\/\/depodanmusteriye.com\/urunler\/wp-json\/wp\/v2\/comments?post=56110"}],"version-history":[{"count":0,"href":"https:\/\/depodanmusteriye.com\/urunler\/wp-json\/wp\/v2\/product\/56110\/revisions"}],"wp:featuredmedia":[{"embeddable":true,"href":"https:\/\/depodanmusteriye.com\/urunler\/wp-json\/wp\/v2\/media\/56107"}],"wp:attachment":[{"href":"https:\/\/depodanmusteriye.com\/urunler\/wp-json\/wp\/v2\/media?parent=56110"}],"wp:term":[{"taxonomy":"product_brand","embeddable":true,"href":"https:\/\/depodanmusteriye.com\/urunler\/wp-json\/wp\/v2\/product_brand?post=56110"},{"taxonomy":"product_cat","embeddable":true,"href":"https:\/\/depodanmusteriye.com\/urunler\/wp-json\/wp\/v2\/product_cat?post=56110"},{"taxonomy":"product_tag","embeddable":true,"href":"https:\/\/depodanmusteriye.com\/urunler\/wp-json\/wp\/v2\/product_tag?post=56110"}],"curies":[{"name":"wp","href":"https:\/\/api.w.org\/{rel}","templated":true}]}}