{"id":55658,"date":"2025-12-06T15:42:53","date_gmt":"2025-12-06T15:42:53","guid":{"rendered":"https:\/\/b2b.depodanmusteriye.com\/urun\/filiz-makarna-ince-uzun-2-x-5-kg-filiz\/"},"modified":"2025-12-06T15:42:53","modified_gmt":"2025-12-06T15:42:53","slug":"filiz-makarna-ince-uzun-2-x-5-kg-filiz","status":"publish","type":"product","link":"https:\/\/depodanmusteriye.com\/urunler\/urun\/filiz-makarna-ince-uzun-2-x-5-kg-filiz\/","title":{"rendered":"F\u0130L\u0130Z &#8211; MAKARNA\u00a0 \u0130NCE UZUN (2 X 5 KG) F\u0130L\u0130Z"},"content":{"rendered":"<h4>\n<p>F\u0130L\u0130Z &#8211; MAKARNA\u00a0 \u0130NCE UZUN (2 X 5 KG) F\u0130L\u0130Z<\/p>\n<p>1 KUTU F\u0130YATIDIR &#8211; <\/p>\n<div id=\"tabpanel-0-0\" role=\"tabpanel\" aria-labelledby=\"tab-0-0\">\t\t\t\t\t<\/p>\n<div class=\"txt\">\t\t\t\t\t\t<\/p>\n<p><strong>F\u0130L\u0130Z MAKARNA \u0130NCE UZUN (2*5 KG) \u00d6zellikleri Nelerdir?<\/strong><\/p>\n<p><\/p>\n<ul>\t<\/p>\n<li>Malzeme T\u00fcr\u00fc: Kuru G\u0131da<\/li>\n<p>\t<\/p>\n<li>Grubu: Sade Makarna<\/li>\n<p>\t<\/p>\n<li>Kilogram: 5<\/li>\n<p>\t<\/p>\n<li>Adet: 2<\/li>\n<p><\/ul>\n<h3>\u00a0<strong>F\u0130L\u0130Z MAKARNA \u0130NCE UZUN (2*5 KG) <\/strong><\/h3>\n<p>Filiz ince uzun makarna, \u0130talyan k\u00f6kenli bir g\u0131da maddesidir ve d\u00fcnya genelinde yayg\u0131n olarak t\u00fcketilmektedir. Genellikle bu\u011fday unu, yumurta ve su gibi basit malzemelerden yap\u0131l\u0131r. Filiz ince uzun makarna, ince ve uzun bir \u015fekilde kesilir ve uzun raf \u00f6mr\u00fcne sahip olmas\u0131 i\u00e7in \u00f6zel ve profesyonel bir kurutma i\u015fleminden ge\u00e7irilir.<\/p>\n<p>Filiz ince uzun makarna, farkl\u0131 k\u00fclt\u00fcrlerde farkl\u0131 isimlerle an\u0131l\u0131r. \u00d6rne\u011fin, \u0130talya&#8217;da &#8220;spaghetti&#8221;, \u0130spanya&#8217;da &#8220;espagueti&#8221;, Fransa&#8217;da &#8220;spaghetti&#8221; olarak bilinir. Ayr\u0131ca, di\u011fer \u00fclkelerde de benzer isimlerle an\u0131l\u0131r. \u00d6zellikle \u0130talyan mutfa\u011f\u0131na \u00f6zg\u00fc bir yemek olarak kabul edilir.<\/p>\n<p>Filiz ince uzun makarna, sa\u011fl\u0131kl\u0131 bir beslenme plan\u0131nda t\u00fcketilirken, \u00f6zellikle glisemik indeks (GI) a\u00e7\u0131s\u0131ndan da \u00f6nemlidir. GI, bir yiyece\u011fin kan \u015fekeri seviyesindeki etkisini \u00f6l\u00e7er. Makarna \u0130nce Uzun Filiz&#8217;in GI&#8217;si d\u00fc\u015f\u00fck oldu\u011fu i\u00e7in kan \u015fekeri seviyesinde ani bir art\u0131\u015fa neden olmaz. Ayr\u0131ca, makarnan\u0131n pi\u015firme s\u00fcresi de GI&#8217;yi etkileyebilir. Makarna \u0130nce Uzun Filiz, al dente pi\u015firildi\u011finde, daha d\u00fc\u015f\u00fck bir GI&#8217;ye sahip olabilir.<\/p>\n<p>Yerli \u00fcretim Filiz ince uzun makarna, \u00e7o\u011fu zaman, soslarla birlikte servis edilir ve lezzetli bir \u00f6\u011f\u00fcn sunar. Filiz ince uzun makarna, farkl\u0131 \u015fekillerde ve boyutlarda \u00fcretilebilir, ancak genellikle d\u00fcz, uzun ve ince bir yap\u0131ya sahiptir.<\/p>\n<h3>\u00a0<strong>F\u0130L\u0130Z MAKARNA \u0130NCE UZUN (2*5 KG) \u00d6ZELL\u0130KLER\u0130<\/strong><\/h3>\n<p><strong>\u00a0<\/strong>Filiz ince uzun makarna, genellikle farkl\u0131 yemek tariflerinde kullan\u0131labilir. \u00d6rne\u011fin, sebzelerle birlikte baharatl\u0131 bir sos ile servis edilebilir ya da farkl\u0131 et t\u00fcrleriyle birle\u015ftirilerek lezzetli bir ana yemek olarak t\u00fcketilebilir. Filiz ince uzun makarna, hafif bir lezzete sahip olmas\u0131 nedeniyle bir\u00e7ok ki\u015fi taraf\u0131ndan tercih edilir. Ayr\u0131ca, haz\u0131rlanmas\u0131 kolay oldu\u011fu ve farkl\u0131 yemek tariflerine uygunlu\u011fu nedeniyle pop\u00fclerdir.<\/p>\n<p>\u2026\u2026\u2026\u2026.<\/p>\n<p>\u00dcr\u00fcn\u00fcn iade al\u0131nabilmesi i\u00e7in a\u015fa\u011f\u0131daki ko\u015fullar\u0131 sa\u011flamas\u0131 gerekmektedir.<\/p>\n<p>\u2022\tDonuk, +4 ve raf \u00f6mr\u00fc 15 g\u00fcn ve alt\u0131 olan \u00fcr\u00fcnlerde, sadece m\u00fc\u015fteriye teslimat s\u0131ras\u0131nda iade al\u0131n\u0131r. \u00dcr\u00fcn ay\u0131pl\u0131 veya gizli ay\u0131pl\u0131 ise sevkiyat sonras\u0131 da iade al\u0131nabilir.<\/p>\n<p>\u2022\tPeynir, tereya\u011f\u0131 i\u00e7in teneke a\u00e7\u0131l\u0131p sadece 1 kal\u0131p kullan\u0131lm\u0131\u015f olmas\u0131 \u015fart\u0131yla iade kabul edilir.<\/p>\n<p>\u2022\tZeytin, sal\u00e7a, tur\u015fu gibi di\u011fer teneke ambalajl\u0131 \u00fcr\u00fcnlerde, teneke a\u00e7\u0131l\u0131p sadece 1 kg. kullanma \u015fart\u0131 ile iade kabul edilir.<\/p>\n<p>\u2022\tKoli, \u00c7uval ve paket (makarnalar vb.) \u00fcr\u00fcnlerin iadesinde, \u00fcr\u00fcnlerin kullan\u0131lm\u0131\u015f olmas\u0131 durumunda, \u00fcr\u00fcn ambalajlar\u0131n\u0131 geri almak (parti no ve SKT bilgisi okunabilecek \u015fekilde) \u015fart\u0131yla iade kabul edilir.<\/p>\n<p>\u2022\tFirmam\u0131zdan kaynaklanan sorunlardan (son kullanma tarihi ge\u00e7mi\u015f, hasarl\u0131 ambalaj vb.) m\u00fc\u015fteri \u00fcr\u00fcn\u00fc iade etmek isterse, \u00fcr\u00fcn\u00fcn a\u00e7\u0131lmam\u0131\u015f, kullan\u0131lmam\u0131\u015f olmas\u0131 ve \u00fcr\u00fcn iade talebi sevk tarihi \u00fczerinden 15 g\u00fcn ge\u00e7memi\u015f ise m\u00fc\u015fteri iadesi al\u0131n\u0131r. Aksi taktirde m\u00fc\u015fteri iadesi al\u0131nmaz.<\/p>\n<p>\u2022\tDonuk, +4 ve raf \u00f6mr\u00fc 15 g\u00fcn ve alt\u0131 olan \u00fcr\u00fcnlerde, sadece m\u00fc\u015fteriye teslimat s\u0131ras\u0131nda iade al\u0131n\u0131r. Ambalaj\u0131 a\u00e7\u0131lmam\u0131\u015f, kullan\u0131lmam\u0131\u015f ve 15 g\u00fcn iade s\u00fcresi ge\u00e7memi\u015f t\u00fcm \u00fcr\u00fcnler i\u00e7in iade talebi olu\u015fturabilirsiniz.<\/p>\n<\/div>\n<\/div>\n<p><b>\u00dcretici Markas\u0131 : F\u0130L\u0130Z<\/b><\/p>\n<p><b>\u00dcretici Kodu : 1028508<\/b><\/p>\n<p><b>1 ADET F\u0130YATIDIR<\/b><\/p>\n<\/h4>\n<p><\/p>\n","protected":false},"excerpt":{"rendered":"<p>F\u0130L\u0130Z &#8211; MAKARNA\u00a0 \u0130NCE UZUN (2 X 5 KG) F\u0130L\u0130Z<\/p>\n","protected":false},"featured_media":55657,"comment_status":"open","ping_status":"closed","template":"","meta":[],"product_brand":[],"product_cat":[572,369],"product_tag":[1613,1606,9062,2500,1543,1611,2357,1595],"class_list":{"0":"post-55658","1":"product","2":"type-product","3":"status-publish","4":"has-post-thumbnail","6":"product_cat-makarna","7":"product_cat-supermarket","8":"product_tag-1613","9":"product_tag-1606","10":"product_tag-filiz","11":"product_tag-ince","12":"product_tag-kg","13":"product_tag-makarna","14":"product_tag-uzun","15":"product_tag-x","17":"first","18":"instock","19":"taxable","20":"shipping-taxable","21":"purchasable","22":"product-type-simple"},"_links":{"self":[{"href":"https:\/\/depodanmusteriye.com\/urunler\/wp-json\/wp\/v2\/product\/55658","targetHints":{"allow":["GET"]}}],"collection":[{"href":"https:\/\/depodanmusteriye.com\/urunler\/wp-json\/wp\/v2\/product"}],"about":[{"href":"https:\/\/depodanmusteriye.com\/urunler\/wp-json\/wp\/v2\/types\/product"}],"replies":[{"embeddable":true,"href":"https:\/\/depodanmusteriye.com\/urunler\/wp-json\/wp\/v2\/comments?post=55658"}],"version-history":[{"count":0,"href":"https:\/\/depodanmusteriye.com\/urunler\/wp-json\/wp\/v2\/product\/55658\/revisions"}],"wp:featuredmedia":[{"embeddable":true,"href":"https:\/\/depodanmusteriye.com\/urunler\/wp-json\/wp\/v2\/media\/55657"}],"wp:attachment":[{"href":"https:\/\/depodanmusteriye.com\/urunler\/wp-json\/wp\/v2\/media?parent=55658"}],"wp:term":[{"taxonomy":"product_brand","embeddable":true,"href":"https:\/\/depodanmusteriye.com\/urunler\/wp-json\/wp\/v2\/product_brand?post=55658"},{"taxonomy":"product_cat","embeddable":true,"href":"https:\/\/depodanmusteriye.com\/urunler\/wp-json\/wp\/v2\/product_cat?post=55658"},{"taxonomy":"product_tag","embeddable":true,"href":"https:\/\/depodanmusteriye.com\/urunler\/wp-json\/wp\/v2\/product_tag?post=55658"}],"curies":[{"name":"wp","href":"https:\/\/api.w.org\/{rel}","templated":true}]}}