{"id":55650,"date":"2025-12-06T15:42:38","date_gmt":"2025-12-06T15:42:38","guid":{"rendered":"https:\/\/b2b.depodanmusteriye.com\/urun\/hellmans-sos-barbeku-285-gr-1-x-285-gr-hellmans\/"},"modified":"2025-12-06T15:42:38","modified_gmt":"2025-12-06T15:42:38","slug":"hellmans-sos-barbeku-285-gr-1-x-285-gr-hellmans","status":"publish","type":"product","link":"https:\/\/depodanmusteriye.com\/urunler\/urun\/hellmans-sos-barbeku-285-gr-1-x-285-gr-hellmans\/","title":{"rendered":"HELLMANS &#8211; SOS BARBEK\u00dc 285 GR (1 X 285 GR) HELLMANS"},"content":{"rendered":"<h4>\n<p>HELLMANS &#8211; SOS BARBEK\u00dc 285 GR (1 X 285 GR) HELLMANS<\/p>\n<p>1 &#8211; ADET F\u0130YATIDIR &#8211; <\/p>\n<p>\u2026\u2026\u2026\u2026.<\/p>\n<p>\u00dcr\u00fcn\u00fcn iade al\u0131nabilmesi i\u00e7in a\u015fa\u011f\u0131daki ko\u015fullar\u0131 sa\u011flamas\u0131 gerekmektedir.<\/p>\n<p>\u2022\tDonuk, +4 ve raf \u00f6mr\u00fc 15 g\u00fcn ve alt\u0131 olan \u00fcr\u00fcnlerde, sadece m\u00fc\u015fteriye teslimat s\u0131ras\u0131nda iade al\u0131n\u0131r. \u00dcr\u00fcn ay\u0131pl\u0131 veya gizli ay\u0131pl\u0131 ise sevkiyat sonras\u0131 da iade al\u0131nabilir.<\/p>\n<p>\u2022\tPeynir, tereya\u011f\u0131 i\u00e7in teneke a\u00e7\u0131l\u0131p sadece 1 kal\u0131p kullan\u0131lm\u0131\u015f olmas\u0131 \u015fart\u0131yla iade kabul edilir.<\/p>\n<p>\u2022\tZeytin, sal\u00e7a, tur\u015fu gibi di\u011fer teneke ambalajl\u0131 \u00fcr\u00fcnlerde, teneke a\u00e7\u0131l\u0131p sadece 1 kg. kullanma \u015fart\u0131 ile iade kabul edilir.<\/p>\n<p>\u2022\tKoli, \u00c7uval ve paket (makarnalar vb.) \u00fcr\u00fcnlerin iadesinde, \u00fcr\u00fcnlerin kullan\u0131lm\u0131\u015f olmas\u0131 durumunda, \u00fcr\u00fcn ambalajlar\u0131n\u0131 geri almak (parti no ve SKT bilgisi okunabilecek \u015fekilde) \u015fart\u0131yla iade kabul edilir.<\/p>\n<p>\u2022\tFirmam\u0131zdan kaynaklanan sorunlardan (son kullanma tarihi ge\u00e7mi\u015f, hasarl\u0131 ambalaj vb.) m\u00fc\u015fteri \u00fcr\u00fcn\u00fc iade etmek isterse, \u00fcr\u00fcn\u00fcn a\u00e7\u0131lmam\u0131\u015f, kullan\u0131lmam\u0131\u015f olmas\u0131 ve \u00fcr\u00fcn iade talebi sevk tarihi \u00fczerinden 15 g\u00fcn ge\u00e7memi\u015f ise m\u00fc\u015fteri iadesi al\u0131n\u0131r. Aksi taktirde m\u00fc\u015fteri iadesi al\u0131nmaz.<\/p>\n<p>\u2022\tDonuk, +4 ve raf \u00f6mr\u00fc 15 g\u00fcn ve alt\u0131 olan \u00fcr\u00fcnlerde, sadece m\u00fc\u015fteriye teslimat s\u0131ras\u0131nda iade al\u0131n\u0131r. Ambalaj\u0131 a\u00e7\u0131lmam\u0131\u015f, kullan\u0131lmam\u0131\u015f ve 15 g\u00fcn iade s\u00fcresi ge\u00e7memi\u015f t\u00fcm \u00fcr\u00fcnler i\u00e7in iade talebi olu\u015fturabilirsiniz.<\/p>\n<p><b>\u00dcretici Markas\u0131 : HELLMANNS<\/b><\/p>\n<p><b>\u00dcretici Kodu : 1042759<\/b><\/p>\n<p><b>1 ADET F\u0130YATIDIR<\/b><\/p>\n<\/h4>\n<p><\/p>\n","protected":false},"excerpt":{"rendered":"<p>HELLMANS &#8211; SOS BARBEK\u00dc 285 GR (1 X 285 GR) HELLMANS<\/p>\n","protected":false},"featured_media":55649,"comment_status":"open","ping_status":"closed","template":"","meta":[],"product_brand":[],"product_cat":[700,369],"product_tag":[1056,9060,9059,1563,2472,2473,1595],"class_list":{"0":"post-55650","1":"product","2":"type-product","3":"status-publish","4":"has-post-thumbnail","6":"product_cat-diger-soslar","7":"product_cat-supermarket","8":"product_tag-1056","9":"product_tag-9060","10":"product_tag-barbeku","11":"product_tag-gr","12":"product_tag-hellmans","13":"product_tag-sos","14":"product_tag-x","16":"first","17":"instock","18":"taxable","19":"shipping-taxable","20":"purchasable","21":"product-type-simple"},"_links":{"self":[{"href":"https:\/\/depodanmusteriye.com\/urunler\/wp-json\/wp\/v2\/product\/55650","targetHints":{"allow":["GET"]}}],"collection":[{"href":"https:\/\/depodanmusteriye.com\/urunler\/wp-json\/wp\/v2\/product"}],"about":[{"href":"https:\/\/depodanmusteriye.com\/urunler\/wp-json\/wp\/v2\/types\/product"}],"replies":[{"embeddable":true,"href":"https:\/\/depodanmusteriye.com\/urunler\/wp-json\/wp\/v2\/comments?post=55650"}],"version-history":[{"count":0,"href":"https:\/\/depodanmusteriye.com\/urunler\/wp-json\/wp\/v2\/product\/55650\/revisions"}],"wp:featuredmedia":[{"embeddable":true,"href":"https:\/\/depodanmusteriye.com\/urunler\/wp-json\/wp\/v2\/media\/55649"}],"wp:attachment":[{"href":"https:\/\/depodanmusteriye.com\/urunler\/wp-json\/wp\/v2\/media?parent=55650"}],"wp:term":[{"taxonomy":"product_brand","embeddable":true,"href":"https:\/\/depodanmusteriye.com\/urunler\/wp-json\/wp\/v2\/product_brand?post=55650"},{"taxonomy":"product_cat","embeddable":true,"href":"https:\/\/depodanmusteriye.com\/urunler\/wp-json\/wp\/v2\/product_cat?post=55650"},{"taxonomy":"product_tag","embeddable":true,"href":"https:\/\/depodanmusteriye.com\/urunler\/wp-json\/wp\/v2\/product_tag?post=55650"}],"curies":[{"name":"wp","href":"https:\/\/api.w.org\/{rel}","templated":true}]}}