{"id":55540,"date":"2025-12-06T13:51:43","date_gmt":"2025-12-06T13:51:43","guid":{"rendered":"https:\/\/b2b.depodanmusteriye.com\/urun\/hosgeldin-oglum-yazili-mavi-uzeri-gumus-yeni-dogan-bebek-dogum-susu-afis-bayrak-flama-2-2-metre\/"},"modified":"2025-12-11T11:45:49","modified_gmt":"2025-12-11T11:45:49","slug":"hosgeldin-oglum-yazili-mavi-uzeri-gumus-yeni-dogan-bebek-dogum-susu-afis-bayrak-flama-2-2-metre","status":"publish","type":"product","link":"https:\/\/depodanmusteriye.com\/urunler\/urun\/hosgeldin-oglum-yazili-mavi-uzeri-gumus-yeni-dogan-bebek-dogum-susu-afis-bayrak-flama-2-2-metre\/","title":{"rendered":"Ho\u015fgeldin O\u011flum Yaz\u0131l\u0131 Mavi \u00dczeri G\u00fcm\u00fc\u015f Yeni Do\u011fan Bebek Do\u011fum S\u00fcs\u00fc Afi\u015f Bayrak Flama 2.2 Metre"},"content":{"rendered":"<h4>\n<p>Ho\u015fgeldin O\u011flum Yaz\u0131l\u0131 Mavi \u00dczeri G\u00fcm\u00fc\u015f Yeni Do\u011fan Bebek Do\u011fum S\u00fcs\u00fc Afi\u015f Bayrak Flama 2.2 Metre<\/p>\n<p>Ho\u015fgeldin O\u011flum Yaz\u0131l\u0131 Mavi \u00dczeri G\u00fcm\u00fc\u015f Yeni Do\u011fan Bebek Do\u011fum S\u00fcs\u00fc Afi\u015f Bayrak Flama<\/p>\n<p>\u00d6l\u00e7\u00fc : 2.2 Metre<\/p>\n<p>Renk : Mavi flama \u00fczeri g\u00fcm\u00fc\u015f harfler<\/p>\n<p>Kaliteli Ka\u011f\u0131t Malzemeden \u00dcretilmi\u015ftir<\/p>\n<p>&nbsp;<\/p>\n<p><b>1 adet fiyat\u0131d\u0131r<\/b> <\/p>\n<p><p><b>\u00dcretici Markas\u0131 : ZERO LAND<\/b><\/p>\n<p><b>\u00dcretici Kodu : SMRFMHT20<\/b><\/p>\n<p><b>1 ADET F\u0130YATIDIR<\/b><\/p>\n<\/h4>\n<p><\/p>\n","protected":false},"excerpt":{"rendered":"<p>Ho\u015fgeldin O\u011flum Yaz\u0131l\u0131 Mavi \u00dczeri G\u00fcm\u00fc\u015f Yeni Do\u011fan Bebek Do\u011fum S\u00fcs\u00fc Afi\u015f Bayrak Flama 2.2 Metre<\/p>\n","protected":false},"featured_media":145150,"comment_status":"open","ping_status":"closed","template":"","meta":[],"product_brand":[],"product_cat":[832,368],"product_tag":[1111,8778,2367,1585,361,8650,2412,1642,2365,1737,1982,9045,9035,2364,2405,3800],"class_list":{"0":"post-55540","1":"product","2":"type-product","3":"status-publish","4":"has-post-thumbnail","6":"product_cat-dogum-gunu-flamasi","7":"product_cat-sus-ve-parti-malzemeleri","8":"product_tag-2-2","9":"product_tag-afis","10":"product_tag-bayrak","11":"product_tag-bebek","12":"product_tag-dogan","13":"product_tag-dogum","14":"product_tag-flama","15":"product_tag-gumus","16":"product_tag-hosgeldin","17":"product_tag-mavi","18":"product_tag-metre","19":"product_tag-oglum","20":"product_tag-susu","21":"product_tag-uzeri","22":"product_tag-yazili","23":"product_tag-yeni","25":"first","26":"instock","27":"taxable","28":"shipping-taxable","29":"purchasable","30":"product-type-simple"},"_links":{"self":[{"href":"https:\/\/depodanmusteriye.com\/urunler\/wp-json\/wp\/v2\/product\/55540","targetHints":{"allow":["GET"]}}],"collection":[{"href":"https:\/\/depodanmusteriye.com\/urunler\/wp-json\/wp\/v2\/product"}],"about":[{"href":"https:\/\/depodanmusteriye.com\/urunler\/wp-json\/wp\/v2\/types\/product"}],"replies":[{"embeddable":true,"href":"https:\/\/depodanmusteriye.com\/urunler\/wp-json\/wp\/v2\/comments?post=55540"}],"version-history":[{"count":0,"href":"https:\/\/depodanmusteriye.com\/urunler\/wp-json\/wp\/v2\/product\/55540\/revisions"}],"wp:featuredmedia":[{"embeddable":true,"href":"https:\/\/depodanmusteriye.com\/urunler\/wp-json\/wp\/v2\/media\/145150"}],"wp:attachment":[{"href":"https:\/\/depodanmusteriye.com\/urunler\/wp-json\/wp\/v2\/media?parent=55540"}],"wp:term":[{"taxonomy":"product_brand","embeddable":true,"href":"https:\/\/depodanmusteriye.com\/urunler\/wp-json\/wp\/v2\/product_brand?post=55540"},{"taxonomy":"product_cat","embeddable":true,"href":"https:\/\/depodanmusteriye.com\/urunler\/wp-json\/wp\/v2\/product_cat?post=55540"},{"taxonomy":"product_tag","embeddable":true,"href":"https:\/\/depodanmusteriye.com\/urunler\/wp-json\/wp\/v2\/product_tag?post=55540"}],"curies":[{"name":"wp","href":"https:\/\/api.w.org\/{rel}","templated":true}]}}