{"id":55101,"date":"2025-12-06T12:07:49","date_gmt":"2025-12-06T12:07:49","guid":{"rendered":"https:\/\/b2b.depodanmusteriye.com\/urun\/8-rakam-mum-gumus-renk\/"},"modified":"2025-12-06T12:07:49","modified_gmt":"2025-12-06T12:07:49","slug":"8-rakam-mum-gumus-renk","status":"publish","type":"product","link":"https:\/\/depodanmusteriye.com\/urunler\/urun\/8-rakam-mum-gumus-renk\/","title":{"rendered":"8 Rakam Mum G\u00fcm\u00fc\u015f Renk"},"content":{"rendered":"<h4>\n<p>8 Rakam Mum G\u00fcm\u00fc\u015f Renk<\/p>\n<p><strong>Pakette 1 Adet<\/strong><\/p>\n<p><strong>\u00d6l\u00e7\u00fc : 10 cm<\/strong><\/p>\n<p><strong>Kapal\u0131 Kutulu Ambalaj<\/strong><\/p>\n<p><b>1 adet fiyat\u0131d\u0131r<\/b> <\/p>\n<p><p><b>\u00dcretici Markas\u0131 : ZERO LAND<\/b><\/p>\n<p><b>\u00dcretici Kodu : SMR716<\/b><\/p>\n<p><b>1 ADET F\u0130YATIDIR<\/b><\/p>\n<\/h4>\n<p><\/p>\n","protected":false},"excerpt":{"rendered":"<p>8 Rakam Mum G\u00fcm\u00fc\u015f Renk<\/p>\n","protected":false},"featured_media":55100,"comment_status":"open","ping_status":"closed","template":"","meta":[],"product_brand":[],"product_cat":[829,368],"product_tag":[2005,1642,2363,1907,2297],"class_list":{"0":"post-55101","1":"product","2":"type-product","3":"status-publish","4":"has-post-thumbnail","6":"product_cat-pasta-mumu","7":"product_cat-sus-ve-parti-malzemeleri","8":"product_tag-2005","9":"product_tag-gumus","10":"product_tag-mum","11":"product_tag-rakam","12":"product_tag-renk","14":"first","15":"instock","16":"taxable","17":"shipping-taxable","18":"purchasable","19":"product-type-simple"},"_links":{"self":[{"href":"https:\/\/depodanmusteriye.com\/urunler\/wp-json\/wp\/v2\/product\/55101","targetHints":{"allow":["GET"]}}],"collection":[{"href":"https:\/\/depodanmusteriye.com\/urunler\/wp-json\/wp\/v2\/product"}],"about":[{"href":"https:\/\/depodanmusteriye.com\/urunler\/wp-json\/wp\/v2\/types\/product"}],"replies":[{"embeddable":true,"href":"https:\/\/depodanmusteriye.com\/urunler\/wp-json\/wp\/v2\/comments?post=55101"}],"version-history":[{"count":0,"href":"https:\/\/depodanmusteriye.com\/urunler\/wp-json\/wp\/v2\/product\/55101\/revisions"}],"wp:featuredmedia":[{"embeddable":true,"href":"https:\/\/depodanmusteriye.com\/urunler\/wp-json\/wp\/v2\/media\/55100"}],"wp:attachment":[{"href":"https:\/\/depodanmusteriye.com\/urunler\/wp-json\/wp\/v2\/media?parent=55101"}],"wp:term":[{"taxonomy":"product_brand","embeddable":true,"href":"https:\/\/depodanmusteriye.com\/urunler\/wp-json\/wp\/v2\/product_brand?post=55101"},{"taxonomy":"product_cat","embeddable":true,"href":"https:\/\/depodanmusteriye.com\/urunler\/wp-json\/wp\/v2\/product_cat?post=55101"},{"taxonomy":"product_tag","embeddable":true,"href":"https:\/\/depodanmusteriye.com\/urunler\/wp-json\/wp\/v2\/product_tag?post=55101"}],"curies":[{"name":"wp","href":"https:\/\/api.w.org\/{rel}","templated":true}]}}