{"id":55097,"date":"2025-12-06T12:07:39","date_gmt":"2025-12-06T12:07:39","guid":{"rendered":"https:\/\/b2b.depodanmusteriye.com\/urun\/9-rakam-mum-gold-renk\/"},"modified":"2025-12-06T12:07:39","modified_gmt":"2025-12-06T12:07:39","slug":"9-rakam-mum-gold-renk","status":"publish","type":"product","link":"https:\/\/depodanmusteriye.com\/urunler\/urun\/9-rakam-mum-gold-renk\/","title":{"rendered":"9 Rakam Mum Gold Renk"},"content":{"rendered":"<h4>\n<p>9 Rakam Mum Gold Renk<\/p>\n<p><strong>Pakette 1 Adet<\/strong><\/p>\n<p><strong>\u00d6l\u00e7\u00fc : 10 cm<\/strong><\/p>\n<p><strong>Kapal\u0131 Kutulu Ambalaj<\/strong><\/p>\n<p><b>1 adet fiyat\u0131d\u0131r<\/b> <\/p>\n<p><p><b>\u00dcretici Markas\u0131 : ZERO LAND<\/b><\/p>\n<p><b>\u00dcretici Kodu : SMR727<\/b><\/p>\n<p><b>1 ADET F\u0130YATIDIR<\/b><\/p>\n<\/h4>\n<p><\/p>\n","protected":false},"excerpt":{"rendered":"<p>9 Rakam Mum Gold Renk<\/p>\n","protected":false},"featured_media":55096,"comment_status":"open","ping_status":"closed","template":"","meta":[],"product_brand":[],"product_cat":[829,368],"product_tag":[1372,1783,2363,1907,2297],"class_list":{"0":"post-55097","1":"product","2":"type-product","3":"status-publish","4":"has-post-thumbnail","6":"product_cat-pasta-mumu","7":"product_cat-sus-ve-parti-malzemeleri","8":"product_tag-1372","9":"product_tag-gold","10":"product_tag-mum","11":"product_tag-rakam","12":"product_tag-renk","14":"first","15":"instock","16":"taxable","17":"shipping-taxable","18":"purchasable","19":"product-type-simple"},"_links":{"self":[{"href":"https:\/\/depodanmusteriye.com\/urunler\/wp-json\/wp\/v2\/product\/55097","targetHints":{"allow":["GET"]}}],"collection":[{"href":"https:\/\/depodanmusteriye.com\/urunler\/wp-json\/wp\/v2\/product"}],"about":[{"href":"https:\/\/depodanmusteriye.com\/urunler\/wp-json\/wp\/v2\/types\/product"}],"replies":[{"embeddable":true,"href":"https:\/\/depodanmusteriye.com\/urunler\/wp-json\/wp\/v2\/comments?post=55097"}],"version-history":[{"count":0,"href":"https:\/\/depodanmusteriye.com\/urunler\/wp-json\/wp\/v2\/product\/55097\/revisions"}],"wp:featuredmedia":[{"embeddable":true,"href":"https:\/\/depodanmusteriye.com\/urunler\/wp-json\/wp\/v2\/media\/55096"}],"wp:attachment":[{"href":"https:\/\/depodanmusteriye.com\/urunler\/wp-json\/wp\/v2\/media?parent=55097"}],"wp:term":[{"taxonomy":"product_brand","embeddable":true,"href":"https:\/\/depodanmusteriye.com\/urunler\/wp-json\/wp\/v2\/product_brand?post=55097"},{"taxonomy":"product_cat","embeddable":true,"href":"https:\/\/depodanmusteriye.com\/urunler\/wp-json\/wp\/v2\/product_cat?post=55097"},{"taxonomy":"product_tag","embeddable":true,"href":"https:\/\/depodanmusteriye.com\/urunler\/wp-json\/wp\/v2\/product_tag?post=55097"}],"curies":[{"name":"wp","href":"https:\/\/api.w.org\/{rel}","templated":true}]}}