{"id":55071,"date":"2025-12-06T12:06:34","date_gmt":"2025-12-06T12:06:34","guid":{"rendered":"https:\/\/b2b.depodanmusteriye.com\/urun\/sihirli-defter-sihirli-kitap-ilizyon-oyunu-sihirli-oyun-defteri-13x10-cm\/"},"modified":"2025-12-06T12:06:34","modified_gmt":"2025-12-06T12:06:34","slug":"sihirli-defter-sihirli-kitap-ilizyon-oyunu-sihirli-oyun-defteri-13x10-cm","status":"publish","type":"product","link":"https:\/\/depodanmusteriye.com\/urunler\/urun\/sihirli-defter-sihirli-kitap-ilizyon-oyunu-sihirli-oyun-defteri-13x10-cm\/","title":{"rendered":"Sihirli Defter Sihirli Kitap \u0130lizyon Oyunu Sihirli Oyun Defteri 13&#215;10 cm"},"content":{"rendered":"<h4>\n<p>Sihirli Defter Sihirli Kitap \u0130lizyon Oyunu Sihirli Oyun Defteri 13&#215;10 cm<\/p>\n<p><span style=\"color:#000000\"><strong>Sihirli Defter Sihirli Kitap \u0130lizyon Oyunu Sihirli Oyun Defteri <\/strong><\/span><\/p>\n<p><span style=\"color:#000000\"><strong>\u00d6l\u00e7\u00fc : 13&#215;10 cm<\/strong><\/span><\/p>\n<p><font color=\"#000000\"><b>Bu sihir oyununu yapmak \u00e7ok kolayd\u0131r , yeti\u015fkinlerin yan\u0131 s\u0131ra \u00e7ocuklar\u0131n da rahatl\u0131kla uygulayabilece\u011fi bir oyundur<\/b><\/font><\/p>\n<p><b>1 adet fiyat\u0131d\u0131r<\/b> <\/p>\n<p><p><b>\u00dcretici Markas\u0131 : ZERO LAND<\/b><\/p>\n<p><b>\u00dcretici Kodu : SMRB161<\/b><\/p>\n<p><b>1 ADET F\u0130YATIDIR<\/b><\/p>\n<\/h4>\n<p><\/p>\n","protected":false},"excerpt":{"rendered":"<p>Sihirli Defter Sihirli Kitap \u0130lizyon Oyunu Sihirli Oyun Defteri 13&#215;10 cm<\/p>\n","protected":false},"featured_media":55070,"comment_status":"open","ping_status":"closed","template":"","meta":[],"product_brand":[],"product_cat":[481,368],"product_tag":[5957,1529,8934,4232,8936,8935,3997,2362,2359],"class_list":{"0":"post-55071","1":"product","2":"type-product","3":"status-publish","4":"has-post-thumbnail","6":"product_cat-egitici-oyuncak","7":"product_cat-sus-ve-parti-malzemeleri","8":"product_tag-13x10","9":"product_tag-cm","10":"product_tag-defter","11":"product_tag-defteri","12":"product_tag-ilizyon","13":"product_tag-kitap","14":"product_tag-oyun","15":"product_tag-oyunu","16":"product_tag-sihirli","18":"first","19":"instock","20":"taxable","21":"shipping-taxable","22":"purchasable","23":"product-type-simple"},"_links":{"self":[{"href":"https:\/\/depodanmusteriye.com\/urunler\/wp-json\/wp\/v2\/product\/55071","targetHints":{"allow":["GET"]}}],"collection":[{"href":"https:\/\/depodanmusteriye.com\/urunler\/wp-json\/wp\/v2\/product"}],"about":[{"href":"https:\/\/depodanmusteriye.com\/urunler\/wp-json\/wp\/v2\/types\/product"}],"replies":[{"embeddable":true,"href":"https:\/\/depodanmusteriye.com\/urunler\/wp-json\/wp\/v2\/comments?post=55071"}],"version-history":[{"count":0,"href":"https:\/\/depodanmusteriye.com\/urunler\/wp-json\/wp\/v2\/product\/55071\/revisions"}],"wp:featuredmedia":[{"embeddable":true,"href":"https:\/\/depodanmusteriye.com\/urunler\/wp-json\/wp\/v2\/media\/55070"}],"wp:attachment":[{"href":"https:\/\/depodanmusteriye.com\/urunler\/wp-json\/wp\/v2\/media?parent=55071"}],"wp:term":[{"taxonomy":"product_brand","embeddable":true,"href":"https:\/\/depodanmusteriye.com\/urunler\/wp-json\/wp\/v2\/product_brand?post=55071"},{"taxonomy":"product_cat","embeddable":true,"href":"https:\/\/depodanmusteriye.com\/urunler\/wp-json\/wp\/v2\/product_cat?post=55071"},{"taxonomy":"product_tag","embeddable":true,"href":"https:\/\/depodanmusteriye.com\/urunler\/wp-json\/wp\/v2\/product_tag?post=55071"}],"curies":[{"name":"wp","href":"https:\/\/api.w.org\/{rel}","templated":true}]}}