{"id":54763,"date":"2025-12-06T11:53:53","date_gmt":"2025-12-06T11:53:53","guid":{"rendered":"https:\/\/b2b.depodanmusteriye.com\/urun\/pipetli-parti-gozlugu-cocuk-ve-yetiskin-biyikli-pipet-gozluk-pembe-renk-18x14-cm\/"},"modified":"2025-12-06T11:53:53","modified_gmt":"2025-12-06T11:53:53","slug":"pipetli-parti-gozlugu-cocuk-ve-yetiskin-biyikli-pipet-gozluk-pembe-renk-18x14-cm","status":"publish","type":"product","link":"https:\/\/depodanmusteriye.com\/urunler\/urun\/pipetli-parti-gozlugu-cocuk-ve-yetiskin-biyikli-pipet-gozluk-pembe-renk-18x14-cm\/","title":{"rendered":"Pipetli Parti G\u00f6zl\u00fc\u011f\u00fc &#8211; \u00c7ocuk ve Yeti\u015fkin B\u0131y\u0131kl\u0131 Pipet G\u00f6zl\u00fck Pembe Renk 18&#215;14 cm"},"content":{"rendered":"<h4>\n<p>Pipetli Parti G\u00f6zl\u00fc\u011f\u00fc &#8211; \u00c7ocuk ve Yeti\u015fkin B\u0131y\u0131kl\u0131 Pipet G\u00f6zl\u00fck Pembe Renk 18&#215;14 cm<\/p>\n<p>Pipetli Parti G\u00f6zl\u00fc\u011f\u00fc &#8211; B\u0131y\u0131kl\u0131 Pipet G\u00f6zl\u00fck<\/p>\n<p>Renk : Pembe Renk&nbsp;<\/p>\n<p>\u00d6l\u00e7\u00fc : Yeti\u015fkin ve \u00c7ocuklar i\u00e7in uygundur<\/p>\n<p><b>1 adet fiyat\u0131d\u0131r<\/b> <\/p>\n<p><p><b>\u00dcretici Markas\u0131 : ZERO LAND<\/b><\/p>\n<p><b>\u00dcretici Kodu : SMRE177P<\/b><\/p>\n<p><b>1 ADET F\u0130YATIDIR<\/b><\/p>\n<\/h4>\n<p><\/p>\n","protected":false},"excerpt":{"rendered":"<p>Pipetli Parti G\u00f6zl\u00fc\u011f\u00fc &#8211; \u00c7ocuk ve Yeti\u015fkin B\u0131y\u0131kl\u0131 Pipet G\u00f6zl\u00fck Pembe Renk 18&#215;14 cm<\/p>\n","protected":false},"featured_media":54762,"comment_status":"open","ping_status":"closed","template":"","meta":[],"product_brand":[],"product_cat":[481,368],"product_tag":[8545,8313,1529,2338,2000,8688,2309,2166,8878,8877,2297,2104,2434],"class_list":{"0":"post-54763","1":"product","2":"type-product","3":"status-publish","4":"has-post-thumbnail","6":"product_cat-egitici-oyuncak","7":"product_cat-sus-ve-parti-malzemeleri","8":"product_tag-18x14","9":"product_tag-biyikli","10":"product_tag-cm","11":"product_tag-cocuk","12":"product_tag-gozlugu","13":"product_tag-gozluk","14":"product_tag-parti","15":"product_tag-pembe","16":"product_tag-pipet","17":"product_tag-pipetli","18":"product_tag-renk","19":"product_tag-ve","20":"product_tag-yetiskin","22":"first","23":"instock","24":"taxable","25":"shipping-taxable","26":"purchasable","27":"product-type-simple"},"_links":{"self":[{"href":"https:\/\/depodanmusteriye.com\/urunler\/wp-json\/wp\/v2\/product\/54763","targetHints":{"allow":["GET"]}}],"collection":[{"href":"https:\/\/depodanmusteriye.com\/urunler\/wp-json\/wp\/v2\/product"}],"about":[{"href":"https:\/\/depodanmusteriye.com\/urunler\/wp-json\/wp\/v2\/types\/product"}],"replies":[{"embeddable":true,"href":"https:\/\/depodanmusteriye.com\/urunler\/wp-json\/wp\/v2\/comments?post=54763"}],"version-history":[{"count":0,"href":"https:\/\/depodanmusteriye.com\/urunler\/wp-json\/wp\/v2\/product\/54763\/revisions"}],"wp:featuredmedia":[{"embeddable":true,"href":"https:\/\/depodanmusteriye.com\/urunler\/wp-json\/wp\/v2\/media\/54762"}],"wp:attachment":[{"href":"https:\/\/depodanmusteriye.com\/urunler\/wp-json\/wp\/v2\/media?parent=54763"}],"wp:term":[{"taxonomy":"product_brand","embeddable":true,"href":"https:\/\/depodanmusteriye.com\/urunler\/wp-json\/wp\/v2\/product_brand?post=54763"},{"taxonomy":"product_cat","embeddable":true,"href":"https:\/\/depodanmusteriye.com\/urunler\/wp-json\/wp\/v2\/product_cat?post=54763"},{"taxonomy":"product_tag","embeddable":true,"href":"https:\/\/depodanmusteriye.com\/urunler\/wp-json\/wp\/v2\/product_tag?post=54763"}],"curies":[{"name":"wp","href":"https:\/\/api.w.org\/{rel}","templated":true}]}}