{"id":54759,"date":"2025-12-06T11:53:42","date_gmt":"2025-12-06T11:53:42","guid":{"rendered":"https:\/\/b2b.depodanmusteriye.com\/urun\/seffaf-renk-karanlikta-parlayan-fosforlu-kirkayak-13-cm-1-adet\/"},"modified":"2025-12-06T11:53:42","modified_gmt":"2025-12-06T11:53:42","slug":"seffaf-renk-karanlikta-parlayan-fosforlu-kirkayak-13-cm-1-adet","status":"publish","type":"product","link":"https:\/\/depodanmusteriye.com\/urunler\/urun\/seffaf-renk-karanlikta-parlayan-fosforlu-kirkayak-13-cm-1-adet\/","title":{"rendered":"\u015eeffaf Renk Karanl\u0131kta Parlayan Fosforlu K\u0131rkayak 13 cm 1 Adet"},"content":{"rendered":"<h4>\n<p>\u015eeffaf Renk Karanl\u0131kta Parlayan Fosforlu K\u0131rkayak 13 cm 1 Adet<\/p>\n<p><span style=\"color:#FF0000\"><em><strong>\u00dcR\u00dcN \u00d6ZELL\u0130KLER\u0130<\/strong><\/em><\/span><\/p>\n<p><span style=\"color:#000000\"><em><strong>\u015eaka yapmak i\u00e7in muhte\u015fem bir \u00fcr\u00fcn<\/strong><\/em><\/span><\/p>\n<p><span style=\"color:#000000\"><em><strong>Pakette 1 Adet<\/strong><\/em><\/span><\/p>\n<p><span style=\"color:#000000\"><em><strong>\u00d6l\u00e7\u00fcs\u00fc : 13 cm<\/strong><\/em><\/span><\/p>\n<p><span style=\"color:#000000\"><em><strong>Karanl\u0131kta Parlayan Glow \u00f6zelli\u011fe sahiptir<\/strong><\/em><\/span><\/p>\n<p><span style=\"color:#000000\"><em><strong>Bir m\u00fcddet \u0131\u015f\u0131k alt\u0131nda beklettikten sonra glow \u00f6zelli\u011fini kullanabilirsiniz<\/strong><\/em><\/span><\/p>\n<p><b>1 adet fiyat\u0131d\u0131r<\/b> <\/p>\n<p><p><b>\u00dcretici Markas\u0131 : ZERO LAND<\/b><\/p>\n<p><b>\u00dcretici Kodu : SMRFOSFORKIRKAYAK<\/b><\/p>\n<p><b>1 ADET F\u0130YATIDIR<\/b><\/p>\n<\/h4>\n<p><\/p>\n","protected":false},"excerpt":{"rendered":"<p>\u015eeffaf Renk Karanl\u0131kta Parlayan Fosforlu K\u0131rkayak 13 cm 1 Adet<\/p>\n","protected":false},"featured_media":54758,"comment_status":"open","ping_status":"closed","template":"","meta":[],"product_brand":[],"product_cat":[481,368],"product_tag":[1056,1647,1301,1529,2385,8550,2329,8551,2297,1840],"class_list":{"0":"post-54759","1":"product","2":"type-product","3":"status-publish","4":"has-post-thumbnail","6":"product_cat-egitici-oyuncak","7":"product_cat-sus-ve-parti-malzemeleri","8":"product_tag-1056","9":"product_tag-1647","10":"product_tag-adet","11":"product_tag-cm","12":"product_tag-fosforlu","13":"product_tag-karanlikta","14":"product_tag-kirkayak","15":"product_tag-parlayan","16":"product_tag-renk","17":"product_tag-seffaf","19":"first","20":"instock","21":"taxable","22":"shipping-taxable","23":"purchasable","24":"product-type-simple"},"_links":{"self":[{"href":"https:\/\/depodanmusteriye.com\/urunler\/wp-json\/wp\/v2\/product\/54759","targetHints":{"allow":["GET"]}}],"collection":[{"href":"https:\/\/depodanmusteriye.com\/urunler\/wp-json\/wp\/v2\/product"}],"about":[{"href":"https:\/\/depodanmusteriye.com\/urunler\/wp-json\/wp\/v2\/types\/product"}],"replies":[{"embeddable":true,"href":"https:\/\/depodanmusteriye.com\/urunler\/wp-json\/wp\/v2\/comments?post=54759"}],"version-history":[{"count":0,"href":"https:\/\/depodanmusteriye.com\/urunler\/wp-json\/wp\/v2\/product\/54759\/revisions"}],"wp:featuredmedia":[{"embeddable":true,"href":"https:\/\/depodanmusteriye.com\/urunler\/wp-json\/wp\/v2\/media\/54758"}],"wp:attachment":[{"href":"https:\/\/depodanmusteriye.com\/urunler\/wp-json\/wp\/v2\/media?parent=54759"}],"wp:term":[{"taxonomy":"product_brand","embeddable":true,"href":"https:\/\/depodanmusteriye.com\/urunler\/wp-json\/wp\/v2\/product_brand?post=54759"},{"taxonomy":"product_cat","embeddable":true,"href":"https:\/\/depodanmusteriye.com\/urunler\/wp-json\/wp\/v2\/product_cat?post=54759"},{"taxonomy":"product_tag","embeddable":true,"href":"https:\/\/depodanmusteriye.com\/urunler\/wp-json\/wp\/v2\/product_tag?post=54759"}],"curies":[{"name":"wp","href":"https:\/\/api.w.org\/{rel}","templated":true}]}}