{"id":54725,"date":"2025-12-06T11:52:21","date_gmt":"2025-12-06T11:52:21","guid":{"rendered":"https:\/\/b2b.depodanmusteriye.com\/urun\/altin-renk-duz-kesim-kut-parti-perugu-kisa-takma-sac\/"},"modified":"2025-12-06T11:52:21","modified_gmt":"2025-12-06T11:52:21","slug":"altin-renk-duz-kesim-kut-parti-perugu-kisa-takma-sac","status":"publish","type":"product","link":"https:\/\/depodanmusteriye.com\/urunler\/urun\/altin-renk-duz-kesim-kut-parti-perugu-kisa-takma-sac\/","title":{"rendered":"Alt\u0131n Renk D\u00fcz Kesim K\u00fct Parti Peru\u011fu K\u0131sa Takma Sa\u00e7"},"content":{"rendered":"<h4>\n<p>Alt\u0131n Renk D\u00fcz Kesim K\u00fct Parti Peru\u011fu K\u0131sa Takma Sa\u00e7<\/p>\n<h2 data-sourcepos=\"1:1-1:78\">Alt\u0131n Renk D\u00fcz Kesim K\u00fct&nbsp;Parti Peru\u011fu: Cesur ve G\u00f6z Al\u0131c\u0131 Bir G\u00f6r\u00fcn\u00fcm \u0130\u00e7in<\/h2>\n<p data-sourcepos=\"3:1-3:12\"><strong>Alt\u0131n renk d\u00fcz kesim K\u00fct&nbsp;peruk<\/strong>&nbsp;ar\u0131yorsan\u0131z, i\u015fte size bu \u00fcr\u00fcn hakk\u0131nda detayl\u0131 bilgiler:<\/p>\n<p data-sourcepos=\"5:1-5:12\"><strong>G\u00f6r\u00fcn\u00fcm:<\/strong><\/p>\n<p data-sourcepos=\"7:1-7:24\">Bu peruk, canl\u0131 ve cesur alt\u0131n rengi ile dikkat \u00e7ekici bir g\u00f6r\u00fcn\u00fcme sahiptir. D\u00fcz kesimi ve k\u0131sa olu\u015fu&nbsp;ile modern ve \u015f\u0131k bir tarz sunar.<\/p>\n<p data-sourcepos=\"9:1-9:2\"><strong>Malzeme:<\/strong><\/p>\n<p data-sourcepos=\"11:1-11:119\">Peruk genellikle sentetik sa\u00e7tan yap\u0131l\u0131r. Sentetik sa\u00e7lar, do\u011fal sa\u00e7lara g\u00f6re daha uygun fiyatl\u0131d\u0131r ve bak\u0131m\u0131 kolayd\u0131r.<\/p>\n<p data-sourcepos=\"13:1-13:13\"><strong>Kullan\u0131m:<\/strong><\/p>\n<p data-sourcepos=\"15:1-15:227\">Alt\u0131n renk d\u00fcz kesim uzun peruk kullan\u0131m\u0131 olduk\u00e7a kolayd\u0131r. Peru\u011fu kafan\u0131za yerle\u015ftirin olay bu kadar basit.<\/p>\n<p data-sourcepos=\"17:1-17:23\"><strong>Farkl\u0131 Kullan\u0131mlar:<\/strong><\/p>\n<p data-sourcepos=\"19:1-19:119\">Bu peruk, cad\u0131, peri, anime karakteri gibi farkl\u0131 kost\u00fcmlerle kullan\u0131labilir. Ayr\u0131ca g\u00fcnl\u00fck hayatta da kullan\u0131labilir.<\/p>\n<p><b>1 adet fiyat\u0131d\u0131r<\/b> <\/p>\n<p><p><b>\u00dcretici Markas\u0131 : ZERO LAND<\/b><\/p>\n<p><b>\u00dcretici Kodu : SMRD030<\/b><\/p>\n<p><b>1 ADET F\u0130YATIDIR<\/b><\/p>\n<\/h4>\n<p><\/p>\n","protected":false},"excerpt":{"rendered":"<p>Alt\u0131n Renk D\u00fcz Kesim K\u00fct Parti Peru\u011fu K\u0131sa Takma Sa\u00e7<\/p>\n","protected":false},"featured_media":54724,"comment_status":"open","ping_status":"closed","template":"","meta":[],"product_brand":[],"product_cat":[835,368],"product_tag":[2303,2146,3774,1341,2320,2309,2319,2297,2321,2111],"class_list":{"0":"post-54725","1":"product","2":"type-product","3":"status-publish","4":"has-post-thumbnail","6":"product_cat-parti-peruklari","7":"product_cat-sus-ve-parti-malzemeleri","8":"product_tag-altin","9":"product_tag-duz","10":"product_tag-kesim","11":"product_tag-kisa","12":"product_tag-kut","13":"product_tag-parti","14":"product_tag-perugu","15":"product_tag-renk","16":"product_tag-sac","17":"product_tag-takma","19":"first","20":"instock","21":"taxable","22":"shipping-taxable","23":"purchasable","24":"product-type-simple"},"_links":{"self":[{"href":"https:\/\/depodanmusteriye.com\/urunler\/wp-json\/wp\/v2\/product\/54725","targetHints":{"allow":["GET"]}}],"collection":[{"href":"https:\/\/depodanmusteriye.com\/urunler\/wp-json\/wp\/v2\/product"}],"about":[{"href":"https:\/\/depodanmusteriye.com\/urunler\/wp-json\/wp\/v2\/types\/product"}],"replies":[{"embeddable":true,"href":"https:\/\/depodanmusteriye.com\/urunler\/wp-json\/wp\/v2\/comments?post=54725"}],"version-history":[{"count":0,"href":"https:\/\/depodanmusteriye.com\/urunler\/wp-json\/wp\/v2\/product\/54725\/revisions"}],"wp:featuredmedia":[{"embeddable":true,"href":"https:\/\/depodanmusteriye.com\/urunler\/wp-json\/wp\/v2\/media\/54724"}],"wp:attachment":[{"href":"https:\/\/depodanmusteriye.com\/urunler\/wp-json\/wp\/v2\/media?parent=54725"}],"wp:term":[{"taxonomy":"product_brand","embeddable":true,"href":"https:\/\/depodanmusteriye.com\/urunler\/wp-json\/wp\/v2\/product_brand?post=54725"},{"taxonomy":"product_cat","embeddable":true,"href":"https:\/\/depodanmusteriye.com\/urunler\/wp-json\/wp\/v2\/product_cat?post=54725"},{"taxonomy":"product_tag","embeddable":true,"href":"https:\/\/depodanmusteriye.com\/urunler\/wp-json\/wp\/v2\/product_tag?post=54725"}],"curies":[{"name":"wp","href":"https:\/\/api.w.org\/{rel}","templated":true}]}}