{"id":54673,"date":"2025-12-06T11:50:19","date_gmt":"2025-12-06T11:50:19","guid":{"rendered":"https:\/\/b2b.depodanmusteriye.com\/urun\/fusya-renk-saten-uzun-eldiven-ve-kut-parti-perugu\/"},"modified":"2025-12-06T11:50:19","modified_gmt":"2025-12-06T11:50:19","slug":"fusya-renk-saten-uzun-eldiven-ve-kut-parti-perugu","status":"publish","type":"product","link":"https:\/\/depodanmusteriye.com\/urunler\/urun\/fusya-renk-saten-uzun-eldiven-ve-kut-parti-perugu\/","title":{"rendered":"Fu\u015fya Renk Saten Uzun Eldiven ve K\u00fct Parti Peru\u011fu"},"content":{"rendered":"<h4>\n<p>Fu\u015fya Renk Saten Uzun Eldiven ve K\u00fct Parti Peru\u011fu<\/p>\n<p><span style=\"color:#FF0000\"><em><strong>\u00dcR\u00dcN \u00d6ZELL\u0130KLER\u0130<\/strong><\/em><\/span><\/p>\n<p><span style=\"color:#000000\"><em><strong>Partilerde kullanabilece\u011finiz kost\u00fcm aksesuar seti<\/strong><\/em><\/span><\/p>\n<p><span style=\"color:#000000\"><em><strong>Paket i\u00e7erisinde 1 Adet dirsek boyu fu\u015fya renk saten uzun eldiven ve 1 Adet fu\u015fya renk k\u00fct parti peru\u011fu bulunmaktad\u0131r<\/strong><\/em><\/span><\/p>\n<p><span style=\"color:#000000\"><em><strong>\u00dcr\u00fcn \u00d6l\u00e7\u00fcs\u00fc : Yeti\u015fkinler i\u00e7indir<\/strong><\/em><\/span><\/p>\n<p><span style=\"color:#000000\"><em><strong>Peruk modelimiz g\u00fcnl\u00fck kullan\u0131ma uygun de\u011fildir , parti \u00fcr\u00fcnleridir. \u00dcr\u00fcn\u00fcm\u00fcz astarl\u0131d\u0131r kafaya g\u00f6re ayarlayabilirsiniz .<\/strong><\/em><\/span><\/p>\n<p><span style=\"color:#000000\"><em><strong>Renk : Fu\u015fya<\/strong><\/em><\/span><\/p>\n<p><b>1 adet fiyat\u0131d\u0131r<\/b> <\/p>\n<p><p><b>\u00dcretici Markas\u0131 : ZERO LAND<\/b><\/p>\n<p><b>\u00dcretici Kodu : SMRD287D025<\/b><\/p>\n<p><b>1 ADET F\u0130YATIDIR<\/b><\/p>\n<\/h4>\n<p><\/p>\n","protected":false},"excerpt":{"rendered":"<p>Fu\u015fya Renk Saten Uzun Eldiven ve K\u00fct Parti Peru\u011fu<\/p>\n","protected":false},"featured_media":54672,"comment_status":"open","ping_status":"closed","template":"","meta":[],"product_brand":[],"product_cat":[835,368],"product_tag":[2358,4828,2320,2309,2319,2297,1738,2357,2104],"class_list":{"0":"post-54673","1":"product","2":"type-product","3":"status-publish","4":"has-post-thumbnail","6":"product_cat-parti-peruklari","7":"product_cat-sus-ve-parti-malzemeleri","8":"product_tag-eldiven","9":"product_tag-fusya","10":"product_tag-kut","11":"product_tag-parti","12":"product_tag-perugu","13":"product_tag-renk","14":"product_tag-saten","15":"product_tag-uzun","16":"product_tag-ve","18":"first","19":"instock","20":"taxable","21":"shipping-taxable","22":"purchasable","23":"product-type-simple"},"_links":{"self":[{"href":"https:\/\/depodanmusteriye.com\/urunler\/wp-json\/wp\/v2\/product\/54673","targetHints":{"allow":["GET"]}}],"collection":[{"href":"https:\/\/depodanmusteriye.com\/urunler\/wp-json\/wp\/v2\/product"}],"about":[{"href":"https:\/\/depodanmusteriye.com\/urunler\/wp-json\/wp\/v2\/types\/product"}],"replies":[{"embeddable":true,"href":"https:\/\/depodanmusteriye.com\/urunler\/wp-json\/wp\/v2\/comments?post=54673"}],"version-history":[{"count":0,"href":"https:\/\/depodanmusteriye.com\/urunler\/wp-json\/wp\/v2\/product\/54673\/revisions"}],"wp:featuredmedia":[{"embeddable":true,"href":"https:\/\/depodanmusteriye.com\/urunler\/wp-json\/wp\/v2\/media\/54672"}],"wp:attachment":[{"href":"https:\/\/depodanmusteriye.com\/urunler\/wp-json\/wp\/v2\/media?parent=54673"}],"wp:term":[{"taxonomy":"product_brand","embeddable":true,"href":"https:\/\/depodanmusteriye.com\/urunler\/wp-json\/wp\/v2\/product_brand?post=54673"},{"taxonomy":"product_cat","embeddable":true,"href":"https:\/\/depodanmusteriye.com\/urunler\/wp-json\/wp\/v2\/product_cat?post=54673"},{"taxonomy":"product_tag","embeddable":true,"href":"https:\/\/depodanmusteriye.com\/urunler\/wp-json\/wp\/v2\/product_tag?post=54673"}],"curies":[{"name":"wp","href":"https:\/\/api.w.org\/{rel}","templated":true}]}}