{"id":54595,"date":"2025-12-06T11:47:15","date_gmt":"2025-12-06T11:47:15","guid":{"rendered":"https:\/\/b2b.depodanmusteriye.com\/urun\/beyaz-renk-uzun-duz-parti-perugu\/"},"modified":"2025-12-06T11:47:15","modified_gmt":"2025-12-06T11:47:15","slug":"beyaz-renk-uzun-duz-parti-perugu","status":"publish","type":"product","link":"https:\/\/depodanmusteriye.com\/urunler\/urun\/beyaz-renk-uzun-duz-parti-perugu\/","title":{"rendered":"Beyaz Renk Uzun D\u00fcz Parti Peru\u011fu"},"content":{"rendered":"<h4>\n<p>Beyaz Renk Uzun D\u00fcz Parti Peru\u011fu<\/p>\n<p><span style=\"color:#000000\"><em><strong>Orijinal sa\u00e7 modelinizi bozmamas\u0131 i\u00e7in peruk i\u00e7erisinde astar bulunmaktad\u0131r<\/strong><\/em><\/span><\/p>\n<p><span style=\"color:#000000\"><em><strong>Peruk Sentetik malzemeden imal edilmi\u015ftir \u00fcr\u00fcn 60 cm uzunlu\u011fundad\u0131r<\/strong><\/em><\/span><\/p>\n<p><span style=\"color:#000000\"><em><strong>Yeti\u015fkinler i\u00e7in uygundur, \u00e7ocuklara uyarlamak istedi\u011finiz takdirde peruk i\u00e7erindeki astar k\u0131sm\u0131n\u0131 daraltman\u0131z yeterli olacakt\u0131r<\/strong><\/em><\/span><\/p>\n<p><span style=\"color:#000000\"><em><strong>&nbsp;\u00dcr\u00fcn kalitesi 2.s\u0131n\u0131f malzemeden imal edildi\u011fi i\u00e7in d\u00f6k\u00fclme yapabilmektedir<\/strong><\/em><\/span><\/p>\n<p><span style=\"color:#000000\"><em><strong>L\u00fctfen kullanmadan \u00f6nce \u00fcr\u00fcn\u00fc sallay\u0131p g\u00fc\u00e7s\u00fcz olan takma sa\u00e7lar\u0131n d\u00f6k\u00fclmesini sa\u011flay\u0131n\u0131z<\/strong><\/em><\/span><\/p>\n<p><b>1 adet fiyat\u0131d\u0131r<\/b> <\/p>\n<p><p><b>\u00dcretici Markas\u0131 : ZERO LAND<\/b><\/p>\n<p><b>\u00dcretici Kodu : SMRD032<\/b><\/p>\n<p><b>1 ADET F\u0130YATIDIR<\/b><\/p>\n<\/h4>\n<p><\/p>\n","protected":false},"excerpt":{"rendered":"<p>Beyaz Renk Uzun D\u00fcz Parti Peru\u011fu<\/p>\n","protected":false},"featured_media":54594,"comment_status":"open","ping_status":"closed","template":"","meta":[],"product_brand":[],"product_cat":[835,368],"product_tag":[1663,2146,2309,2319,2297,2357],"class_list":{"0":"post-54595","1":"product","2":"type-product","3":"status-publish","4":"has-post-thumbnail","6":"product_cat-parti-peruklari","7":"product_cat-sus-ve-parti-malzemeleri","8":"product_tag-beyaz","9":"product_tag-duz","10":"product_tag-parti","11":"product_tag-perugu","12":"product_tag-renk","13":"product_tag-uzun","15":"first","16":"instock","17":"taxable","18":"shipping-taxable","19":"purchasable","20":"product-type-simple"},"_links":{"self":[{"href":"https:\/\/depodanmusteriye.com\/urunler\/wp-json\/wp\/v2\/product\/54595","targetHints":{"allow":["GET"]}}],"collection":[{"href":"https:\/\/depodanmusteriye.com\/urunler\/wp-json\/wp\/v2\/product"}],"about":[{"href":"https:\/\/depodanmusteriye.com\/urunler\/wp-json\/wp\/v2\/types\/product"}],"replies":[{"embeddable":true,"href":"https:\/\/depodanmusteriye.com\/urunler\/wp-json\/wp\/v2\/comments?post=54595"}],"version-history":[{"count":0,"href":"https:\/\/depodanmusteriye.com\/urunler\/wp-json\/wp\/v2\/product\/54595\/revisions"}],"wp:featuredmedia":[{"embeddable":true,"href":"https:\/\/depodanmusteriye.com\/urunler\/wp-json\/wp\/v2\/media\/54594"}],"wp:attachment":[{"href":"https:\/\/depodanmusteriye.com\/urunler\/wp-json\/wp\/v2\/media?parent=54595"}],"wp:term":[{"taxonomy":"product_brand","embeddable":true,"href":"https:\/\/depodanmusteriye.com\/urunler\/wp-json\/wp\/v2\/product_brand?post=54595"},{"taxonomy":"product_cat","embeddable":true,"href":"https:\/\/depodanmusteriye.com\/urunler\/wp-json\/wp\/v2\/product_cat?post=54595"},{"taxonomy":"product_tag","embeddable":true,"href":"https:\/\/depodanmusteriye.com\/urunler\/wp-json\/wp\/v2\/product_tag?post=54595"}],"curies":[{"name":"wp","href":"https:\/\/api.w.org\/{rel}","templated":true}]}}