{"id":53200,"date":"2025-12-06T10:06:18","date_gmt":"2025-12-06T10:06:18","guid":{"rendered":"https:\/\/b2b.depodanmusteriye.com\/urun\/fermuarli-kisa-kurk-siyah-ekru-t7746-beden-l\/"},"modified":"2025-12-06T10:06:18","modified_gmt":"2025-12-06T10:06:18","slug":"fermuarli-kisa-kurk-siyah-ekru-t7746-beden-l","status":"publish","type":"product","link":"https:\/\/depodanmusteriye.com\/urunler\/urun\/fermuarli-kisa-kurk-siyah-ekru-t7746-beden-l\/","title":{"rendered":"Fermuarl\u0131 K\u0131sa K\u00fcrk Siyah Ekru T7746 (Beden: L)"},"content":{"rendered":"<h4>\n<p> Fermuarl\u0131 k\u0131sa k\u00fcrk siyah ekru t7746 (Beden: L) <\/p>\n<p>\u015e\u0131kl\u0131k ve konforu bir arada sunan Fermuarl\u0131 K\u0131sa K\u00fcrk Siyah Ekru T7746, so\u011fuk havalarda tarz\u0131n\u0131zdan \u00f6d\u00fcn vermek istemeyen kad\u0131nlar i\u00e7in ideal bir se\u00e7enektir.<\/p>\n<p>\u00dcr\u00fcn \u00d6zellikleri:<\/p>\n<ul>\n<li>Yumu\u015fak ve s\u0131cak tutan k\u0131sa k\u00fcrk detay\u0131<\/li>\n<li>Klasik siyah ve ekru renk kombinasyonu<\/li>\n<li>Fermuarl\u0131 yap\u0131s\u0131 ile kolayca giyip \u00e7\u0131kar\u0131labilme \u00f6zelli\u011fi<\/li>\n<li>Modern ve \u015f\u0131k tasar\u0131m<\/li>\n<li>Kad\u0131n giyim kategorisinde bulunan kaban se\u00e7enekleri aras\u0131nda \u00f6ne \u00e7\u0131kan bir model<\/li>\n<\/ul>\n<p>\u015e\u0131k detaylar\u0131 ve rahat kesimiyle her tarza uyum sa\u011flayabilen Fermuarl\u0131 K\u0131sa K\u00fcrk Siyah Ekru T7746, so\u011fuk havalarda sizi s\u0131cac\u0131k tutarken stilinizi de tamamlar.<\/p>\n<p><b>\u00dcretici Markas\u0131 : ZENGEZUR MALL<\/b><\/p>\n<p><b>\u00dcretici Kodu : ZNGZRMLL090065031246347<\/b><\/p>\n<p><b>1 ADET F\u0130YATIDIR<\/b><\/p>\n<p><b><\/p>\n<p>            Sa\u011fl\u0131k ve hijyen a\u00e7\u0131s\u0131ndan iadeye uygun olmayan \u00fcr\u00fcnlerdir. <\/b><\/p>\n<\/h4>\n<p><\/p>\n","protected":false},"excerpt":{"rendered":"<p>Fermuarl\u0131 K\u0131sa K\u00fcrk Siyah Ekru T7746 (Beden: L)<\/p>\n","protected":false},"featured_media":53199,"comment_status":"open","ping_status":"closed","template":"","meta":[],"product_brand":[],"product_cat":[378,409],"product_tag":[1713,1721,1341,6181,1391,8487],"class_list":{"0":"post-53200","1":"product","2":"type-product","3":"status-publish","4":"has-post-thumbnail","6":"product_cat-giyim","7":"product_cat-kaban","8":"product_tag-ekru","9":"product_tag-fermuarli","10":"product_tag-kisa","11":"product_tag-kurk","12":"product_tag-siyah","13":"product_tag-t7746","15":"first","16":"instock","17":"taxable","18":"shipping-taxable","19":"purchasable","20":"product-type-simple"},"_links":{"self":[{"href":"https:\/\/depodanmusteriye.com\/urunler\/wp-json\/wp\/v2\/product\/53200","targetHints":{"allow":["GET"]}}],"collection":[{"href":"https:\/\/depodanmusteriye.com\/urunler\/wp-json\/wp\/v2\/product"}],"about":[{"href":"https:\/\/depodanmusteriye.com\/urunler\/wp-json\/wp\/v2\/types\/product"}],"replies":[{"embeddable":true,"href":"https:\/\/depodanmusteriye.com\/urunler\/wp-json\/wp\/v2\/comments?post=53200"}],"version-history":[{"count":0,"href":"https:\/\/depodanmusteriye.com\/urunler\/wp-json\/wp\/v2\/product\/53200\/revisions"}],"wp:featuredmedia":[{"embeddable":true,"href":"https:\/\/depodanmusteriye.com\/urunler\/wp-json\/wp\/v2\/media\/53199"}],"wp:attachment":[{"href":"https:\/\/depodanmusteriye.com\/urunler\/wp-json\/wp\/v2\/media?parent=53200"}],"wp:term":[{"taxonomy":"product_brand","embeddable":true,"href":"https:\/\/depodanmusteriye.com\/urunler\/wp-json\/wp\/v2\/product_brand?post=53200"},{"taxonomy":"product_cat","embeddable":true,"href":"https:\/\/depodanmusteriye.com\/urunler\/wp-json\/wp\/v2\/product_cat?post=53200"},{"taxonomy":"product_tag","embeddable":true,"href":"https:\/\/depodanmusteriye.com\/urunler\/wp-json\/wp\/v2\/product_tag?post=53200"}],"curies":[{"name":"wp","href":"https:\/\/api.w.org\/{rel}","templated":true}]}}