{"id":52666,"date":"2025-12-06T09:39:15","date_gmt":"2025-12-06T09:39:15","guid":{"rendered":"https:\/\/b2b.depodanmusteriye.com\/urun\/yarasa-kol-salas-bluz-vizon-t4273-beden-l\/"},"modified":"2025-12-06T09:39:15","modified_gmt":"2025-12-06T09:39:15","slug":"yarasa-kol-salas-bluz-vizon-t4273-beden-l","status":"publish","type":"product","link":"https:\/\/depodanmusteriye.com\/urunler\/urun\/yarasa-kol-salas-bluz-vizon-t4273-beden-l\/","title":{"rendered":"Yarasa Kol Sala\u015f Bluz Vizon T4273 (Beden: L)"},"content":{"rendered":"<h4>\n<p> Yarasa Kol Sala\u015f Bluz Vizon T4273 (Beden: L) <\/p>\n<p>Yarasa Kol Sala\u015f Bluz Vizon T4273, \u015f\u0131kl\u0131k ve rahatl\u0131\u011f\u0131 bir arada sunan bir par\u00e7ad\u0131r.<\/p>\n<ul>\n<li>Yarasa kol detay\u0131yla hareketlendirilmi\u015f modern bir tasar\u0131ma sahiptir.<\/li>\n<li>Sala\u015f kesimi sayesinde v\u00fccudu s\u0131kmadan rahat bir kullan\u0131m sunar.<\/li>\n<li>Vizon rengiyle \u015f\u0131kl\u0131\u011f\u0131 ve zarafeti \u00f6n plana \u00e7\u0131kar\u0131r.<\/li>\n<li>Kad\u0131n giyim kategorisinde yer alan bu bluz, g\u00fcnl\u00fck kullan\u0131mdan \u00f6zel davetlere kadar geni\u015f bir kullan\u0131m alan\u0131 sunar.<\/li>\n<li>Kaliteli malzemesi sayesinde uzun \u00f6m\u00fcrl\u00fc ve dayan\u0131kl\u0131d\u0131r.<\/li>\n<\/ul>\n<p><b>\u00dcretici Markas\u0131 : ZENGEZUR MALL<\/b><\/p>\n<p><b>\u00dcretici Kodu : ZNGZRMLL090085448246308<\/b><\/p>\n<p><b>1 ADET F\u0130YATIDIR<\/b><\/p>\n<p><b><\/p>\n<p>            Sa\u011fl\u0131k ve hijyen a\u00e7\u0131s\u0131ndan iadeye uygun olmayan \u00fcr\u00fcnlerdir. <\/b><\/p>\n<\/h4>\n<p><\/p>\n","protected":false},"excerpt":{"rendered":"<p>Yarasa Kol Sala\u015f Bluz Vizon T4273 (Beden: L)<\/p>\n","protected":false},"featured_media":52662,"comment_status":"open","ping_status":"closed","template":"","meta":[],"product_brand":[],"product_cat":[423,378],"product_tag":[8068,2422,8182,8399,7289,8167],"class_list":{"0":"post-52666","1":"product","2":"type-product","3":"status-publish","4":"has-post-thumbnail","6":"product_cat-bluz","7":"product_cat-giyim","8":"product_tag-bluz","9":"product_tag-kol","10":"product_tag-salas","11":"product_tag-t4273","12":"product_tag-vizon","13":"product_tag-yarasa","15":"first","16":"instock","17":"taxable","18":"shipping-taxable","19":"purchasable","20":"product-type-simple"},"_links":{"self":[{"href":"https:\/\/depodanmusteriye.com\/urunler\/wp-json\/wp\/v2\/product\/52666","targetHints":{"allow":["GET"]}}],"collection":[{"href":"https:\/\/depodanmusteriye.com\/urunler\/wp-json\/wp\/v2\/product"}],"about":[{"href":"https:\/\/depodanmusteriye.com\/urunler\/wp-json\/wp\/v2\/types\/product"}],"replies":[{"embeddable":true,"href":"https:\/\/depodanmusteriye.com\/urunler\/wp-json\/wp\/v2\/comments?post=52666"}],"version-history":[{"count":0,"href":"https:\/\/depodanmusteriye.com\/urunler\/wp-json\/wp\/v2\/product\/52666\/revisions"}],"wp:featuredmedia":[{"embeddable":true,"href":"https:\/\/depodanmusteriye.com\/urunler\/wp-json\/wp\/v2\/media\/52662"}],"wp:attachment":[{"href":"https:\/\/depodanmusteriye.com\/urunler\/wp-json\/wp\/v2\/media?parent=52666"}],"wp:term":[{"taxonomy":"product_brand","embeddable":true,"href":"https:\/\/depodanmusteriye.com\/urunler\/wp-json\/wp\/v2\/product_brand?post=52666"},{"taxonomy":"product_cat","embeddable":true,"href":"https:\/\/depodanmusteriye.com\/urunler\/wp-json\/wp\/v2\/product_cat?post=52666"},{"taxonomy":"product_tag","embeddable":true,"href":"https:\/\/depodanmusteriye.com\/urunler\/wp-json\/wp\/v2\/product_tag?post=52666"}],"curies":[{"name":"wp","href":"https:\/\/api.w.org\/{rel}","templated":true}]}}