{"id":51248,"date":"2025-12-06T08:39:14","date_gmt":"2025-12-06T08:39:14","guid":{"rendered":"https:\/\/b2b.depodanmusteriye.com\/urun\/ceketli-etek-takim-chl-kumas-yesil-h24443-beden-l\/"},"modified":"2025-12-06T08:39:14","modified_gmt":"2025-12-06T08:39:14","slug":"ceketli-etek-takim-chl-kumas-yesil-h24443-beden-l","status":"publish","type":"product","link":"https:\/\/depodanmusteriye.com\/urunler\/urun\/ceketli-etek-takim-chl-kumas-yesil-h24443-beden-l\/","title":{"rendered":"Ceketli Etek Tak\u0131m Chl Kuma\u015f Ye\u015fil H24443 (Beden: L)"},"content":{"rendered":"<h4>\n<p> Ceketli etek tak\u0131m chl kuma\u015f ye\u015fil h24443 (Beden: L) <\/p>\n<p>Bu sezonun trend par\u00e7alar\u0131ndan olan Ceketli Etek Tak\u0131m CHL Kuma\u015f Ye\u015fil H24443, \u015f\u0131kl\u0131\u011f\u0131 ve rahatl\u0131\u011f\u0131 bir arada sunuyor. KADIN G\u0130Y\u0130M &gt; TAKIM kategorisinde yer alan bu \u00fcr\u00fcn, hem g\u00fcnl\u00fck kullan\u0131ma hem de \u00f6zel g\u00fcnlerde tercih edebilece\u011finiz \u015f\u0131k bir se\u00e7enek.<\/p>\n<p>\u00dcr\u00fcn\u00fcn \u00f6ne \u00e7\u0131kan \u00f6zellikleri:<\/p>\n<ul>\n<li>\u015e\u0131k tasar\u0131m\u0131 ile g\u00f6z al\u0131c\u0131 bir g\u00f6r\u00fcn\u00fcm sunar.<\/li>\n<li>Y\u00fcksek kaliteli CHL kuma\u015ftan \u00fcretilmi\u015ftir, uzun \u00f6m\u00fcrl\u00fcd\u00fcr.<\/li>\n<li>Ceket ve etek kombinasyonu ile kombin yapmay\u0131 kolayla\u015ft\u0131r\u0131r.<\/li>\n<li>Ye\u015fil rengi ile enerjik ve modern bir hava katmaktad\u0131r.<\/li>\n<\/ul>\n<p>Modaya uygun ve tarz sahibi bir g\u00f6r\u00fcn\u00fcm elde etmek isteyen kad\u0131nlar\u0131n tercihi olan Ceketli Etek Tak\u0131m CHL Kuma\u015f Ye\u015fil H24443, gard\u0131robunuzun vazge\u00e7ilmez par\u00e7alar\u0131ndan biri olmaya aday!<\/p>\n<p><b>\u00dcretici Markas\u0131 : ZENGEZUR MALL<\/b><\/p>\n<p><b>\u00dcretici Kodu : ZNGZRMLL090039031746156<\/b><\/p>\n<p><b>1 ADET F\u0130YATIDIR<\/b><\/p>\n<p><b><\/p>\n<p>            Sa\u011fl\u0131k ve hijyen a\u00e7\u0131s\u0131ndan iadeye uygun olmayan \u00fcr\u00fcnlerdir. <\/b><\/p>\n<\/h4>\n<p><\/p>\n","protected":false},"excerpt":{"rendered":"<p>Ceketli Etek Tak\u0131m Chl Kuma\u015f Ye\u015fil H24443 (Beden: L)<\/p>\n","protected":false},"featured_media":51242,"comment_status":"open","ping_status":"closed","template":"","meta":[],"product_brand":[],"product_cat":[495,378],"product_tag":[8058,8430,7646,8431,2051,1155,2410],"class_list":{"0":"post-51248","1":"product","2":"type-product","3":"status-publish","4":"has-post-thumbnail","6":"product_cat-elbise","7":"product_cat-giyim","8":"product_tag-ceketli","9":"product_tag-chl","10":"product_tag-etek","11":"product_tag-h24443","12":"product_tag-kumas","13":"product_tag-takim","14":"product_tag-yesil","16":"first","17":"instock","18":"taxable","19":"shipping-taxable","20":"purchasable","21":"product-type-simple"},"_links":{"self":[{"href":"https:\/\/depodanmusteriye.com\/urunler\/wp-json\/wp\/v2\/product\/51248","targetHints":{"allow":["GET"]}}],"collection":[{"href":"https:\/\/depodanmusteriye.com\/urunler\/wp-json\/wp\/v2\/product"}],"about":[{"href":"https:\/\/depodanmusteriye.com\/urunler\/wp-json\/wp\/v2\/types\/product"}],"replies":[{"embeddable":true,"href":"https:\/\/depodanmusteriye.com\/urunler\/wp-json\/wp\/v2\/comments?post=51248"}],"version-history":[{"count":0,"href":"https:\/\/depodanmusteriye.com\/urunler\/wp-json\/wp\/v2\/product\/51248\/revisions"}],"wp:featuredmedia":[{"embeddable":true,"href":"https:\/\/depodanmusteriye.com\/urunler\/wp-json\/wp\/v2\/media\/51242"}],"wp:attachment":[{"href":"https:\/\/depodanmusteriye.com\/urunler\/wp-json\/wp\/v2\/media?parent=51248"}],"wp:term":[{"taxonomy":"product_brand","embeddable":true,"href":"https:\/\/depodanmusteriye.com\/urunler\/wp-json\/wp\/v2\/product_brand?post=51248"},{"taxonomy":"product_cat","embeddable":true,"href":"https:\/\/depodanmusteriye.com\/urunler\/wp-json\/wp\/v2\/product_cat?post=51248"},{"taxonomy":"product_tag","embeddable":true,"href":"https:\/\/depodanmusteriye.com\/urunler\/wp-json\/wp\/v2\/product_tag?post=51248"}],"curies":[{"name":"wp","href":"https:\/\/api.w.org\/{rel}","templated":true}]}}