{"id":51220,"date":"2025-12-06T08:37:54","date_gmt":"2025-12-06T08:37:54","guid":{"rendered":"https:\/\/b2b.depodanmusteriye.com\/urun\/ceketli-etek-takim-chl-kumas-fusya-h24443-beden-s\/"},"modified":"2025-12-06T08:37:54","modified_gmt":"2025-12-06T08:37:54","slug":"ceketli-etek-takim-chl-kumas-fusya-h24443-beden-s","status":"publish","type":"product","link":"https:\/\/depodanmusteriye.com\/urunler\/urun\/ceketli-etek-takim-chl-kumas-fusya-h24443-beden-s\/","title":{"rendered":"Ceketli Etek Tak\u0131m Chl Kuma\u015f Fu\u015fya H24443 (Beden: S)"},"content":{"rendered":"<h4>\n<p> Ceketli etek tak\u0131m chl kuma\u015f fu\u015fya h24443 (Beden: S) <\/p>\n<p>\u015e\u0131kl\u0131\u011f\u0131 ve rahatl\u0131\u011f\u0131 bir arada sunan chl kuma\u015ftan \u00fcretilmi\u015f ceketli etek tak\u0131m\u0131, gard\u0131robunuzun vazge\u00e7ilmezi olmaya aday! H24443 modeli ile \u00f6ne \u00e7\u0131kan bu tak\u0131m, kad\u0131n giyiminde zarif bir se\u00e7enek sunuyor.<\/p>\n<p>\u00dcr\u00fcn \u00d6zellikleri:<\/p>\n<ul>\n<li>Y\u00fcksek kaliteli chl kuma\u015f kullan\u0131larak \u00fcretilmi\u015ftir.<\/li>\n<li>Ceket yakas\u0131 ve etek ucu detaylar\u0131yla \u015f\u0131k bir g\u00f6r\u00fcn\u00fcm sunar.<\/li>\n<li>\u0130nce ask\u0131l\u0131 bir bluz veya basic bir ti\u015f\u00f6rtle kombinleyerek farkl\u0131 tarzlar yaratabilirsiniz.<\/li>\n<li>G\u00fcnl\u00fck kullan\u0131ma uygun, konforlu tasar\u0131m\u0131 ile \u00f6ne \u00e7\u0131kar.<\/li>\n<li>Elbiseye alternatif arayanlar i\u00e7in ideal bir se\u00e7enektir.<\/li>\n<\/ul>\n<p><b>\u00dcretici Markas\u0131 : ZENGEZUR MALL<\/b><\/p>\n<p><b>\u00dcretici Kodu : ZNGZRMLL090014757746155<\/b><\/p>\n<p><b>1 ADET F\u0130YATIDIR<\/b><\/p>\n<p><b><\/p>\n<p>            Sa\u011fl\u0131k ve hijyen a\u00e7\u0131s\u0131ndan iadeye uygun olmayan \u00fcr\u00fcnlerdir. <\/b><\/p>\n<\/h4>\n<p><\/p>\n","protected":false},"excerpt":{"rendered":"<p>Ceketli Etek Tak\u0131m Chl Kuma\u015f Fu\u015fya H24443 (Beden: S)<\/p>\n","protected":false},"featured_media":51214,"comment_status":"open","ping_status":"closed","template":"","meta":[],"product_brand":[],"product_cat":[495,378],"product_tag":[8058,8430,7646,4828,8431,2051,1155],"class_list":{"0":"post-51220","1":"product","2":"type-product","3":"status-publish","4":"has-post-thumbnail","6":"product_cat-elbise","7":"product_cat-giyim","8":"product_tag-ceketli","9":"product_tag-chl","10":"product_tag-etek","11":"product_tag-fusya","12":"product_tag-h24443","13":"product_tag-kumas","14":"product_tag-takim","16":"first","17":"instock","18":"taxable","19":"shipping-taxable","20":"purchasable","21":"product-type-simple"},"_links":{"self":[{"href":"https:\/\/depodanmusteriye.com\/urunler\/wp-json\/wp\/v2\/product\/51220","targetHints":{"allow":["GET"]}}],"collection":[{"href":"https:\/\/depodanmusteriye.com\/urunler\/wp-json\/wp\/v2\/product"}],"about":[{"href":"https:\/\/depodanmusteriye.com\/urunler\/wp-json\/wp\/v2\/types\/product"}],"replies":[{"embeddable":true,"href":"https:\/\/depodanmusteriye.com\/urunler\/wp-json\/wp\/v2\/comments?post=51220"}],"version-history":[{"count":0,"href":"https:\/\/depodanmusteriye.com\/urunler\/wp-json\/wp\/v2\/product\/51220\/revisions"}],"wp:featuredmedia":[{"embeddable":true,"href":"https:\/\/depodanmusteriye.com\/urunler\/wp-json\/wp\/v2\/media\/51214"}],"wp:attachment":[{"href":"https:\/\/depodanmusteriye.com\/urunler\/wp-json\/wp\/v2\/media?parent=51220"}],"wp:term":[{"taxonomy":"product_brand","embeddable":true,"href":"https:\/\/depodanmusteriye.com\/urunler\/wp-json\/wp\/v2\/product_brand?post=51220"},{"taxonomy":"product_cat","embeddable":true,"href":"https:\/\/depodanmusteriye.com\/urunler\/wp-json\/wp\/v2\/product_cat?post=51220"},{"taxonomy":"product_tag","embeddable":true,"href":"https:\/\/depodanmusteriye.com\/urunler\/wp-json\/wp\/v2\/product_tag?post=51220"}],"curies":[{"name":"wp","href":"https:\/\/api.w.org\/{rel}","templated":true}]}}