{"id":51213,"date":"2025-12-06T08:37:34","date_gmt":"2025-12-06T08:37:34","guid":{"rendered":"https:\/\/b2b.depodanmusteriye.com\/urun\/onden-iki-cepli-deri-etek-turuncu-h240040-beden-m\/"},"modified":"2025-12-06T08:37:34","modified_gmt":"2025-12-06T08:37:34","slug":"onden-iki-cepli-deri-etek-turuncu-h240040-beden-m","status":"publish","type":"product","link":"https:\/\/depodanmusteriye.com\/urunler\/urun\/onden-iki-cepli-deri-etek-turuncu-h240040-beden-m\/","title":{"rendered":"\u00d6nden \u0130ki Cepli Deri Etek Turuncu H240040 (Beden: M)"},"content":{"rendered":"<h4>\n<p> \u00d6nden iki cepli deri etek turuncu h240040 (Beden: M) <\/p>\n<div>\n<p>\u00d6nden iki cepli deri etek turuncu H240040, \u015f\u0131kl\u0131\u011f\u0131 ve konforu bir arada sunar.<\/p>\n<p>\u00dcr\u00fcn \u00d6zellikleri:<\/p>\n<ul>\n<li>Y\u00fcksek kaliteli deriden \u00fcretilmi\u015ftir.<\/li>\n<li>\u00d6n k\u0131sm\u0131nda yer alan iki ceple kullan\u0131\u015fl\u0131 bir tasar\u0131ma sahiptir.<\/li>\n<li>Bel k\u0131sm\u0131nda bulunan lastik detay\u0131 sayesinde rahat bir giyim deneyimi sunar.<\/li>\n<li>Modern ve \u015f\u0131k tasar\u0131m\u0131yla g\u00fcnl\u00fck kullan\u0131ma uygun bir par\u00e7ad\u0131r.<\/li>\n<li>Turuncu rengiyle enerjik ve stil sahibi bir g\u00f6r\u00fcn\u00fcm elde etmenizi sa\u011flar.<\/li>\n<\/ul>\n<p>KADIN G\u0130Y\u0130M &gt; ETEK kategorisinde yer alan bu deri ete\u011fi, farkl\u0131 kombinlerle kolayca uyum sa\u011flayarak gard\u0131robunuzun vazge\u00e7ilmez par\u00e7as\u0131 haline getirebilirsiniz.<\/p>\n<\/div>\n<p><b>\u00dcretici Markas\u0131 : ZENGEZUR MALL<\/b><\/p>\n<p><b>\u00dcretici Kodu : ZNGZRMLL090025275246153<\/b><\/p>\n<p><b>1 ADET F\u0130YATIDIR<\/b><\/p>\n<p><b><\/p>\n<p>            Sa\u011fl\u0131k ve hijyen a\u00e7\u0131s\u0131ndan iadeye uygun olmayan \u00fcr\u00fcnlerdir. <\/b><\/p>\n<\/h4>\n<p><\/p>\n","protected":false},"excerpt":{"rendered":"<p>\u00d6nden \u0130ki Cepli Deri Etek Turuncu H240040 (Beden: M)<\/p>\n","protected":false},"featured_media":51210,"comment_status":"open","ping_status":"closed","template":"","meta":[],"product_brand":[],"product_cat":[405,378],"product_tag":[6760,1517,7646,8425,1913,7686,1995],"class_list":{"0":"post-51213","1":"product","2":"type-product","3":"status-publish","4":"has-post-thumbnail","6":"product_cat-etek","7":"product_cat-giyim","8":"product_tag-cepli","9":"product_tag-deri","10":"product_tag-etek","11":"product_tag-h240040","12":"product_tag-iki","13":"product_tag-onden","14":"product_tag-turuncu","16":"first","17":"instock","18":"taxable","19":"shipping-taxable","20":"purchasable","21":"product-type-simple"},"_links":{"self":[{"href":"https:\/\/depodanmusteriye.com\/urunler\/wp-json\/wp\/v2\/product\/51213","targetHints":{"allow":["GET"]}}],"collection":[{"href":"https:\/\/depodanmusteriye.com\/urunler\/wp-json\/wp\/v2\/product"}],"about":[{"href":"https:\/\/depodanmusteriye.com\/urunler\/wp-json\/wp\/v2\/types\/product"}],"replies":[{"embeddable":true,"href":"https:\/\/depodanmusteriye.com\/urunler\/wp-json\/wp\/v2\/comments?post=51213"}],"version-history":[{"count":0,"href":"https:\/\/depodanmusteriye.com\/urunler\/wp-json\/wp\/v2\/product\/51213\/revisions"}],"wp:featuredmedia":[{"embeddable":true,"href":"https:\/\/depodanmusteriye.com\/urunler\/wp-json\/wp\/v2\/media\/51210"}],"wp:attachment":[{"href":"https:\/\/depodanmusteriye.com\/urunler\/wp-json\/wp\/v2\/media?parent=51213"}],"wp:term":[{"taxonomy":"product_brand","embeddable":true,"href":"https:\/\/depodanmusteriye.com\/urunler\/wp-json\/wp\/v2\/product_brand?post=51213"},{"taxonomy":"product_cat","embeddable":true,"href":"https:\/\/depodanmusteriye.com\/urunler\/wp-json\/wp\/v2\/product_cat?post=51213"},{"taxonomy":"product_tag","embeddable":true,"href":"https:\/\/depodanmusteriye.com\/urunler\/wp-json\/wp\/v2\/product_tag?post=51213"}],"curies":[{"name":"wp","href":"https:\/\/api.w.org\/{rel}","templated":true}]}}