{"id":51199,"date":"2025-12-06T08:36:54","date_gmt":"2025-12-06T08:36:54","guid":{"rendered":"https:\/\/b2b.depodanmusteriye.com\/urun\/tawen-bej-cilt-bagcikli-spor-ayakkabi-numara-38\/"},"modified":"2025-12-06T08:36:54","modified_gmt":"2025-12-06T08:36:54","slug":"tawen-bej-cilt-bagcikli-spor-ayakkabi-numara-38","status":"publish","type":"product","link":"https:\/\/depodanmusteriye.com\/urunler\/urun\/tawen-bej-cilt-bagcikli-spor-ayakkabi-numara-38\/","title":{"rendered":"Tawen Bej Cilt Ba\u011fc\u0131kl\u0131 Spor Ayakkab\u0131 (Numara: 38)"},"content":{"rendered":"<h4>\n<p> Tawen Bej Cilt Ba\u011fc\u0131kl\u0131 Spor Ayakkab\u0131 (Numara: 38) <\/p>\n<p>Renk : Bej<\/p>\n<p>Detay : Ortapedik Topuk Dikenine\u00a0 Kar\u015f\u0131 \u00d6zel \u00dcretim\u00a0<\/p>\n<p>Malzeme : Cilt<\/p>\n<p>Topuk Boyu 2 Cm<\/p>\n<p>Taban Meteryali : Tipu Taban<\/p>\n<p>\u0130\u00e7 Meteryali : \u00d6zel \u00dcretilmi\u015f \u0130\u00e7 Taban<\/p>\n<p>Kal\u0131p : Standart Ayak \u00d6l\u00e7\u00fclerine G\u00f6re TAM Kal\u0131p<\/p>\n<p><b>\u00dcretici Markas\u0131 : ZENGEZUR MALL<\/b><\/p>\n<p><b>\u00dcretici Kodu : ZNGZRMLL903526602838446151<\/b><\/p>\n<p><b>1 ADET F\u0130YATIDIR<\/b><\/p>\n<p><b><\/p>\n<p>            Sa\u011fl\u0131k ve hijyen a\u00e7\u0131s\u0131ndan iadeye uygun olmayan \u00fcr\u00fcnlerdir. <\/b><\/p>\n<\/h4>\n<p><\/p>\n","protected":false},"excerpt":{"rendered":"<p>Tawen Bej Cilt Ba\u011fc\u0131kl\u0131 Spor Ayakkab\u0131 (Numara: 38)<\/p>\n","protected":false},"featured_media":51195,"comment_status":"open","ping_status":"closed","template":"","meta":[],"product_brand":[],"product_cat":[378,397],"product_tag":[6894,7735,2647,4155,7736,2804,8429],"class_list":{"0":"post-51199","1":"product","2":"type-product","3":"status-publish","4":"has-post-thumbnail","6":"product_cat-giyim","7":"product_cat-yuruyus-ayakkabisi","8":"product_tag-ayakkabi","9":"product_tag-bagcikli","10":"product_tag-bej","11":"product_tag-cilt","12":"product_tag-numara","13":"product_tag-spor","14":"product_tag-tawen","16":"first","17":"instock","18":"taxable","19":"shipping-taxable","20":"purchasable","21":"product-type-simple"},"_links":{"self":[{"href":"https:\/\/depodanmusteriye.com\/urunler\/wp-json\/wp\/v2\/product\/51199","targetHints":{"allow":["GET"]}}],"collection":[{"href":"https:\/\/depodanmusteriye.com\/urunler\/wp-json\/wp\/v2\/product"}],"about":[{"href":"https:\/\/depodanmusteriye.com\/urunler\/wp-json\/wp\/v2\/types\/product"}],"replies":[{"embeddable":true,"href":"https:\/\/depodanmusteriye.com\/urunler\/wp-json\/wp\/v2\/comments?post=51199"}],"version-history":[{"count":0,"href":"https:\/\/depodanmusteriye.com\/urunler\/wp-json\/wp\/v2\/product\/51199\/revisions"}],"wp:featuredmedia":[{"embeddable":true,"href":"https:\/\/depodanmusteriye.com\/urunler\/wp-json\/wp\/v2\/media\/51195"}],"wp:attachment":[{"href":"https:\/\/depodanmusteriye.com\/urunler\/wp-json\/wp\/v2\/media?parent=51199"}],"wp:term":[{"taxonomy":"product_brand","embeddable":true,"href":"https:\/\/depodanmusteriye.com\/urunler\/wp-json\/wp\/v2\/product_brand?post=51199"},{"taxonomy":"product_cat","embeddable":true,"href":"https:\/\/depodanmusteriye.com\/urunler\/wp-json\/wp\/v2\/product_cat?post=51199"},{"taxonomy":"product_tag","embeddable":true,"href":"https:\/\/depodanmusteriye.com\/urunler\/wp-json\/wp\/v2\/product_tag?post=51199"}],"curies":[{"name":"wp","href":"https:\/\/api.w.org\/{rel}","templated":true}]}}