{"id":50431,"date":"2025-12-06T08:02:53","date_gmt":"2025-12-06T08:02:53","guid":{"rendered":"https:\/\/b2b.depodanmusteriye.com\/urun\/sinna-siyah-cilt-tul-detayli-sandalet-numara-38\/"},"modified":"2025-12-06T08:02:53","modified_gmt":"2025-12-06T08:02:53","slug":"sinna-siyah-cilt-tul-detayli-sandalet-numara-38","status":"publish","type":"product","link":"https:\/\/depodanmusteriye.com\/urunler\/urun\/sinna-siyah-cilt-tul-detayli-sandalet-numara-38\/","title":{"rendered":"Sinna Siyah Cilt T\u00fcl Detayl\u0131 Sandalet (Numara: 38)"},"content":{"rendered":"<h4>\n<p> Sinna Siyah Cilt T\u00fcl Detayl\u0131 Sandalet (Numara: 38) <\/p>\n<p>Renk: Siyah<\/p>\n<p>Detay: Kemerli<\/p>\n<p>Malzeme: Tekstil<\/p>\n<p>Topuk Boyu: 3 cm<\/p>\n<p>Taban Materyali: poli Taban<\/p>\n<p>Kal\u0131p : Standart Ayak \u00d6l\u00e7\u00fclerine G\u00f6re Tam Kal\u0131p<\/p>\n<p><b>\u00dcretici Markas\u0131 : ZENGEZUR MALL<\/b><\/p>\n<p><b>\u00dcretici Kodu : ZNGZRMLL903526589838446054<\/b><\/p>\n<p><b>1 ADET F\u0130YATIDIR<\/b><\/p>\n<p><b><\/p>\n<p>            Sa\u011fl\u0131k ve hijyen a\u00e7\u0131s\u0131ndan iadeye uygun olmayan \u00fcr\u00fcnlerdir. <\/b><\/p>\n<\/h4>\n<p><\/p>\n","protected":false},"excerpt":{"rendered":"<p>Sinna Siyah Cilt T\u00fcl Detayl\u0131 Sandalet (Numara: 38)<\/p>\n","protected":false},"featured_media":50430,"comment_status":"open","ping_status":"closed","template":"","meta":[],"product_brand":[],"product_cat":[378,395],"product_tag":[4155,7629,7736,7811,8396,1391,3059],"class_list":{"0":"post-50431","1":"product","2":"type-product","3":"status-publish","4":"has-post-thumbnail","6":"product_cat-giyim","7":"product_cat-sandalet","8":"product_tag-cilt","9":"product_tag-detayli","10":"product_tag-numara","11":"product_tag-sandalet","12":"product_tag-sinna","13":"product_tag-siyah","14":"product_tag-tul","16":"first","17":"instock","18":"taxable","19":"shipping-taxable","20":"purchasable","21":"product-type-simple"},"_links":{"self":[{"href":"https:\/\/depodanmusteriye.com\/urunler\/wp-json\/wp\/v2\/product\/50431","targetHints":{"allow":["GET"]}}],"collection":[{"href":"https:\/\/depodanmusteriye.com\/urunler\/wp-json\/wp\/v2\/product"}],"about":[{"href":"https:\/\/depodanmusteriye.com\/urunler\/wp-json\/wp\/v2\/types\/product"}],"replies":[{"embeddable":true,"href":"https:\/\/depodanmusteriye.com\/urunler\/wp-json\/wp\/v2\/comments?post=50431"}],"version-history":[{"count":0,"href":"https:\/\/depodanmusteriye.com\/urunler\/wp-json\/wp\/v2\/product\/50431\/revisions"}],"wp:featuredmedia":[{"embeddable":true,"href":"https:\/\/depodanmusteriye.com\/urunler\/wp-json\/wp\/v2\/media\/50430"}],"wp:attachment":[{"href":"https:\/\/depodanmusteriye.com\/urunler\/wp-json\/wp\/v2\/media?parent=50431"}],"wp:term":[{"taxonomy":"product_brand","embeddable":true,"href":"https:\/\/depodanmusteriye.com\/urunler\/wp-json\/wp\/v2\/product_brand?post=50431"},{"taxonomy":"product_cat","embeddable":true,"href":"https:\/\/depodanmusteriye.com\/urunler\/wp-json\/wp\/v2\/product_cat?post=50431"},{"taxonomy":"product_tag","embeddable":true,"href":"https:\/\/depodanmusteriye.com\/urunler\/wp-json\/wp\/v2\/product_tag?post=50431"}],"curies":[{"name":"wp","href":"https:\/\/api.w.org\/{rel}","templated":true}]}}