{"id":50103,"date":"2025-12-06T07:47:58","date_gmt":"2025-12-06T07:47:58","guid":{"rendered":"https:\/\/b2b.depodanmusteriye.com\/urun\/madonna-capraz-yaka-bluz-murdum-t4331-beden-xl\/"},"modified":"2025-12-06T07:47:58","modified_gmt":"2025-12-06T07:47:58","slug":"madonna-capraz-yaka-bluz-murdum-t4331-beden-xl","status":"publish","type":"product","link":"https:\/\/depodanmusteriye.com\/urunler\/urun\/madonna-capraz-yaka-bluz-murdum-t4331-beden-xl\/","title":{"rendered":"Madonna \u00c7apraz Yaka Bluz M\u00fcrd\u00fcm T4331 (Beden: Xl)"},"content":{"rendered":"<h4>\n<p> Madonna \u00c7apraz Yaka Bluz m\u00fcrd\u00fcm t4331 (Beden: XL) <\/p>\n<div>\n<p>Madonna markas\u0131n\u0131n \u015f\u0131k ve \u015f\u0131kl\u0131\u011f\u0131yla \u00f6n plana \u00e7\u0131kan \u00c7apraz Yaka Bluz modeli, gard\u0131robunuzun vazge\u00e7ilmez par\u00e7as\u0131 olmaya aday.<\/p>\n<p>\u00dcr\u00fcn \u00d6zellikleri:<\/p>\n<ul>\n<li>M\u00fcrd\u00fcm renginde \u015f\u0131k tasar\u0131m<\/li>\n<li>\u00c7apraz yaka detay\u0131<\/li>\n<li>Rahat kesimi ile g\u00fcn boyu konfor<\/li>\n<li>Y\u00fcksek kaliteli kuma\u015f materyali<\/li>\n<li>Kuma\u015f: %100 pamuk<\/li>\n<li>\u00dcr\u00fcn Kodu: T4331<\/li>\n<\/ul>\n<p>Madonna \u00c7apraz Yaka Bluz ile hem \u015f\u0131k hem de rahat bir g\u00f6r\u00fcn\u00fcm elde edebilir, her kombininize kolayl\u0131kla uyum sa\u011flayabilirsiniz.<\/p>\n<p>Bu muhte\u015fem bluzu hemen sepetinize ekleyerek tarz\u0131n\u0131z\u0131 yans\u0131t\u0131n!<\/p>\n<\/div>\n<p><b>\u00dcretici Markas\u0131 : ZENGEZUR MALL<\/b><\/p>\n<p><b>\u00dcretici Kodu : ZNGZRMLL090026189146032<\/b><\/p>\n<p><b>1 ADET F\u0130YATIDIR<\/b><\/p>\n<p><b><\/p>\n<p>            Sa\u011fl\u0131k ve hijyen a\u00e7\u0131s\u0131ndan iadeye uygun olmayan \u00fcr\u00fcnlerdir. <\/b><\/p>\n<\/h4>\n<p><\/p>\n","protected":false},"excerpt":{"rendered":"<p>Madonna \u00c7apraz Yaka Bluz M\u00fcrd\u00fcm T4331 (Beden: Xl)<\/p>\n","protected":false},"featured_media":50099,"comment_status":"open","ping_status":"closed","template":"","meta":[],"product_brand":[],"product_cat":[423,378],"product_tag":[8068,1748,8090,3169,8392,3738],"class_list":{"0":"post-50103","1":"product","2":"type-product","3":"status-publish","4":"has-post-thumbnail","6":"product_cat-bluz","7":"product_cat-giyim","8":"product_tag-bluz","9":"product_tag-capraz","10":"product_tag-madonna","11":"product_tag-murdum","12":"product_tag-t4331","13":"product_tag-yaka","15":"first","16":"instock","17":"taxable","18":"shipping-taxable","19":"purchasable","20":"product-type-simple"},"_links":{"self":[{"href":"https:\/\/depodanmusteriye.com\/urunler\/wp-json\/wp\/v2\/product\/50103","targetHints":{"allow":["GET"]}}],"collection":[{"href":"https:\/\/depodanmusteriye.com\/urunler\/wp-json\/wp\/v2\/product"}],"about":[{"href":"https:\/\/depodanmusteriye.com\/urunler\/wp-json\/wp\/v2\/types\/product"}],"replies":[{"embeddable":true,"href":"https:\/\/depodanmusteriye.com\/urunler\/wp-json\/wp\/v2\/comments?post=50103"}],"version-history":[{"count":0,"href":"https:\/\/depodanmusteriye.com\/urunler\/wp-json\/wp\/v2\/product\/50103\/revisions"}],"wp:featuredmedia":[{"embeddable":true,"href":"https:\/\/depodanmusteriye.com\/urunler\/wp-json\/wp\/v2\/media\/50099"}],"wp:attachment":[{"href":"https:\/\/depodanmusteriye.com\/urunler\/wp-json\/wp\/v2\/media?parent=50103"}],"wp:term":[{"taxonomy":"product_brand","embeddable":true,"href":"https:\/\/depodanmusteriye.com\/urunler\/wp-json\/wp\/v2\/product_brand?post=50103"},{"taxonomy":"product_cat","embeddable":true,"href":"https:\/\/depodanmusteriye.com\/urunler\/wp-json\/wp\/v2\/product_cat?post=50103"},{"taxonomy":"product_tag","embeddable":true,"href":"https:\/\/depodanmusteriye.com\/urunler\/wp-json\/wp\/v2\/product_tag?post=50103"}],"curies":[{"name":"wp","href":"https:\/\/api.w.org\/{rel}","templated":true}]}}