{"id":49649,"date":"2025-12-06T07:28:05","date_gmt":"2025-12-06T07:28:05","guid":{"rendered":"https:\/\/b2b.depodanmusteriye.com\/urun\/citcit-detayli-bluz-lacivert-t4343-beden-m\/"},"modified":"2025-12-06T07:28:05","modified_gmt":"2025-12-06T07:28:05","slug":"citcit-detayli-bluz-lacivert-t4343-beden-m","status":"publish","type":"product","link":"https:\/\/depodanmusteriye.com\/urunler\/urun\/citcit-detayli-bluz-lacivert-t4343-beden-m\/","title":{"rendered":"\u00c7\u0131t\u00e7\u0131t Detayl\u0131 Bluz Lacivert T4343 (Beden: M)"},"content":{"rendered":"<h4>\n<p> \u00c7\u0131t\u00e7\u0131t Detayl\u0131 Bluz Lacivert T4343 (Beden: M) <\/p>\n<div>\n<p>\u00c7\u0131t\u00e7\u0131t Detayl\u0131 Lacivert Bluz, \u015f\u0131kl\u0131\u011f\u0131 ve rahatl\u0131\u011f\u0131 bir arada sunar.<\/p>\n<p>\u00dcr\u00fcn Kodu: T4343<\/p>\n<p>Renk: Lacivert<\/p>\n<p>Materyal: %100 pamuk<\/p>\n<p>\u00c7\u0131t\u00e7\u0131t detaylar\u0131yla fark yaratan bu bluz, g\u00fcnl\u00fck kullan\u0131ma uygun \u015f\u0131k bir par\u00e7ad\u0131r.<\/p>\n<p>V\u00fccuda oturan kesimiyle modern bir g\u00f6r\u00fcn\u00fcm sa\u011flar.<\/p>\n<p>Uzun kollu ve yuvarlak yakal\u0131d\u0131r.<\/p>\n<p>\u00c7ama\u015f\u0131r makinesinde y\u0131kanabilir.<\/p>\n<p>Kad\u0131n Giyim kategorisinde yer alan bu bluzu \u00f6zel g\u00fcnlerde veya g\u00fcnl\u00fck hayatta rahatl\u0131kla kullanabilirsiniz.<\/p>\n<\/div>\n<p><b>\u00dcretici Markas\u0131 : ZENGEZUR MALL<\/b><\/p>\n<p><b>\u00dcretici Kodu : ZNGZRMLL090077090446001<\/b><\/p>\n<p><b>1 ADET F\u0130YATIDIR<\/b><\/p>\n<p><b><\/p>\n<p>            Sa\u011fl\u0131k ve hijyen a\u00e7\u0131s\u0131ndan iadeye uygun olmayan \u00fcr\u00fcnlerdir. <\/b><\/p>\n<\/h4>\n<p><\/p>\n","protected":false},"excerpt":{"rendered":"<p>\u00c7\u0131t\u00e7\u0131t Detayl\u0131 Bluz Lacivert T4343 (Beden: M)<\/p>\n","protected":false},"featured_media":49646,"comment_status":"open","ping_status":"closed","template":"","meta":[],"product_brand":[],"product_cat":[423,378],"product_tag":[8068,8380,7629,2489,8381],"class_list":{"0":"post-49649","1":"product","2":"type-product","3":"status-publish","4":"has-post-thumbnail","6":"product_cat-bluz","7":"product_cat-giyim","8":"product_tag-bluz","9":"product_tag-citcit","10":"product_tag-detayli","11":"product_tag-lacivert","12":"product_tag-t4343","14":"first","15":"instock","16":"taxable","17":"shipping-taxable","18":"purchasable","19":"product-type-simple"},"_links":{"self":[{"href":"https:\/\/depodanmusteriye.com\/urunler\/wp-json\/wp\/v2\/product\/49649","targetHints":{"allow":["GET"]}}],"collection":[{"href":"https:\/\/depodanmusteriye.com\/urunler\/wp-json\/wp\/v2\/product"}],"about":[{"href":"https:\/\/depodanmusteriye.com\/urunler\/wp-json\/wp\/v2\/types\/product"}],"replies":[{"embeddable":true,"href":"https:\/\/depodanmusteriye.com\/urunler\/wp-json\/wp\/v2\/comments?post=49649"}],"version-history":[{"count":0,"href":"https:\/\/depodanmusteriye.com\/urunler\/wp-json\/wp\/v2\/product\/49649\/revisions"}],"wp:featuredmedia":[{"embeddable":true,"href":"https:\/\/depodanmusteriye.com\/urunler\/wp-json\/wp\/v2\/media\/49646"}],"wp:attachment":[{"href":"https:\/\/depodanmusteriye.com\/urunler\/wp-json\/wp\/v2\/media?parent=49649"}],"wp:term":[{"taxonomy":"product_brand","embeddable":true,"href":"https:\/\/depodanmusteriye.com\/urunler\/wp-json\/wp\/v2\/product_brand?post=49649"},{"taxonomy":"product_cat","embeddable":true,"href":"https:\/\/depodanmusteriye.com\/urunler\/wp-json\/wp\/v2\/product_cat?post=49649"},{"taxonomy":"product_tag","embeddable":true,"href":"https:\/\/depodanmusteriye.com\/urunler\/wp-json\/wp\/v2\/product_tag?post=49649"}],"curies":[{"name":"wp","href":"https:\/\/api.w.org\/{rel}","templated":true}]}}