{"id":49641,"date":"2025-12-06T07:27:48","date_gmt":"2025-12-06T07:27:48","guid":{"rendered":"https:\/\/b2b.depodanmusteriye.com\/urun\/citcit-detayli-bluz-bordo-t4343-beden-xl\/"},"modified":"2025-12-06T07:27:48","modified_gmt":"2025-12-06T07:27:48","slug":"citcit-detayli-bluz-bordo-t4343-beden-xl","status":"publish","type":"product","link":"https:\/\/depodanmusteriye.com\/urunler\/urun\/citcit-detayli-bluz-bordo-t4343-beden-xl\/","title":{"rendered":"\u00c7\u0131t\u00e7\u0131t Detayl\u0131 Bluz Bordo T4343 (Beden: Xl)"},"content":{"rendered":"<h4>\n<p> \u00c7\u0131t\u00e7\u0131t Detayl\u0131 Bluz Bordo T4343 (Beden: XL) <\/p>\n<div>\n<p>\u00c7\u0131t\u00e7\u0131t Detayl\u0131 Bluz Bordo T4343, \u015f\u0131kl\u0131\u011f\u0131 ve rahatl\u0131\u011f\u0131 bir arada sunar. \u00dcr\u00fcn, kad\u0131n giyim kategorisindeki bluzlar aras\u0131nda \u00f6ne \u00e7\u0131kmaktad\u0131r.<\/p>\n<ul>\n<li>Renk: Bordo<\/li>\n<li>Model: \u00c7\u0131t\u00e7\u0131t Detayl\u0131<\/li>\n<li>\u00dcr\u00fcn Kodu: T4343<\/li>\n<li>Kuma\u015f: Yumu\u015fak ve Hafif<\/li>\n<li>Kol: Uzun Kollu<\/li>\n<li>Yaka: V Yaka<\/li>\n<li>Detay: \u00c7\u0131t\u00e7\u0131t Detay<\/li>\n<li>Uygun Kombin: Skinny Jean veya Etek ile \u015e\u0131k Bir G\u00f6r\u00fcn\u00fcm<\/li>\n<\/ul>\n<p>\u00c7\u0131t\u00e7\u0131t Detayl\u0131 Bluz Bordo T4343, g\u00fcnl\u00fck kullan\u0131mdan \u00f6zel davetlere kadar geni\u015f bir kullan\u0131m alan\u0131 sunmaktad\u0131r. \u015e\u0131kl\u0131\u011f\u0131 ve konforu bir arada arayan kad\u0131nlar\u0131n tercihi olmaktad\u0131r.<\/p>\n<\/div>\n<p><b>\u00dcretici Markas\u0131 : ZENGEZUR MALL<\/b><\/p>\n<p><b>\u00dcretici Kodu : ZNGZRMLL090083213846000<\/b><\/p>\n<p><b>1 ADET F\u0130YATIDIR<\/b><\/p>\n<p><b><\/p>\n<p>            Sa\u011fl\u0131k ve hijyen a\u00e7\u0131s\u0131ndan iadeye uygun olmayan \u00fcr\u00fcnlerdir. <\/b><\/p>\n<\/h4>\n<p><\/p>\n","protected":false},"excerpt":{"rendered":"<p>\u00c7\u0131t\u00e7\u0131t Detayl\u0131 Bluz Bordo T4343 (Beden: Xl)<\/p>\n","protected":false},"featured_media":49638,"comment_status":"open","ping_status":"closed","template":"","meta":[],"product_brand":[],"product_cat":[423,378],"product_tag":[8068,2507,8380,7629,8381],"class_list":{"0":"post-49641","1":"product","2":"type-product","3":"status-publish","4":"has-post-thumbnail","6":"product_cat-bluz","7":"product_cat-giyim","8":"product_tag-bluz","9":"product_tag-bordo","10":"product_tag-citcit","11":"product_tag-detayli","12":"product_tag-t4343","14":"first","15":"instock","16":"taxable","17":"shipping-taxable","18":"purchasable","19":"product-type-simple"},"_links":{"self":[{"href":"https:\/\/depodanmusteriye.com\/urunler\/wp-json\/wp\/v2\/product\/49641","targetHints":{"allow":["GET"]}}],"collection":[{"href":"https:\/\/depodanmusteriye.com\/urunler\/wp-json\/wp\/v2\/product"}],"about":[{"href":"https:\/\/depodanmusteriye.com\/urunler\/wp-json\/wp\/v2\/types\/product"}],"replies":[{"embeddable":true,"href":"https:\/\/depodanmusteriye.com\/urunler\/wp-json\/wp\/v2\/comments?post=49641"}],"version-history":[{"count":0,"href":"https:\/\/depodanmusteriye.com\/urunler\/wp-json\/wp\/v2\/product\/49641\/revisions"}],"wp:featuredmedia":[{"embeddable":true,"href":"https:\/\/depodanmusteriye.com\/urunler\/wp-json\/wp\/v2\/media\/49638"}],"wp:attachment":[{"href":"https:\/\/depodanmusteriye.com\/urunler\/wp-json\/wp\/v2\/media?parent=49641"}],"wp:term":[{"taxonomy":"product_brand","embeddable":true,"href":"https:\/\/depodanmusteriye.com\/urunler\/wp-json\/wp\/v2\/product_brand?post=49641"},{"taxonomy":"product_cat","embeddable":true,"href":"https:\/\/depodanmusteriye.com\/urunler\/wp-json\/wp\/v2\/product_cat?post=49641"},{"taxonomy":"product_tag","embeddable":true,"href":"https:\/\/depodanmusteriye.com\/urunler\/wp-json\/wp\/v2\/product_tag?post=49641"}],"curies":[{"name":"wp","href":"https:\/\/api.w.org\/{rel}","templated":true}]}}