{"id":49314,"date":"2025-12-06T07:15:21","date_gmt":"2025-12-06T07:15:21","guid":{"rendered":"https:\/\/b2b.depodanmusteriye.com\/urun\/basic-parmak-gecirme-detayli-bluz-siyah-t4266-beden-s\/"},"modified":"2025-12-06T07:15:21","modified_gmt":"2025-12-06T07:15:21","slug":"basic-parmak-gecirme-detayli-bluz-siyah-t4266-beden-s","status":"publish","type":"product","link":"https:\/\/depodanmusteriye.com\/urunler\/urun\/basic-parmak-gecirme-detayli-bluz-siyah-t4266-beden-s\/","title":{"rendered":"Basic Parmak Ge\u00e7irme Detayl\u0131 Bluz Siyah T4266 (Beden: S)"},"content":{"rendered":"<h4>\n<p> Basic Parmak Ge\u00e7irme Detayl\u0131 Bluz siyah T4266 (Beden: S) <\/p>\n<div>\n<p>Basic Parmak Ge\u00e7irme Detayl\u0131 Bluz siyah T4266, gard\u0131robunuzun vazge\u00e7ilmezi olmaya aday!<\/p>\n<p>\u0130nce ve \u015f\u0131k detaylar\u0131yla dikkat \u00e7eken bu bluz, hem g\u00fcnl\u00fck kullan\u0131ma hem de \u00f6zel g\u00fcnlerde \u015f\u0131kl\u0131\u011f\u0131n\u0131z\u0131 tamamlamak i\u00e7in ideal bir se\u00e7im.<\/p>\n<p>\u00dcr\u00fcn \u00d6zellikleri:<\/p>\n<ul>\n<li>%100 pamuk kuma\u015ftan \u00fcretilmi\u015ftir.<\/li>\n<li>Yumu\u015fak ve rahat bir giyim deneyimi sunar.<\/li>\n<li>Uzun kollu ve parmak ge\u00e7irme detay\u0131na sahiptir.<\/li>\n<li>Siyah renk, her kombinle uyum sa\u011flar.<\/li>\n<li>V\u00fccudu saran kesimiyle \u015f\u0131k bir g\u00f6r\u00fcn\u00fcm sunar.<\/li>\n<\/ul>\n<p>Hem g\u00fcnl\u00fck hayatta hem de i\u015f hayat\u0131nda \u015f\u0131kl\u0131\u011f\u0131ndan \u00f6d\u00fcn vermek istemeyen kad\u0131nlar\u0131n tercihi Basic Parmak Ge\u00e7irme Detayl\u0131 Bluz siyah T4266!<\/p>\n<\/div>\n<p><b>\u00dcretici Markas\u0131 : ZENGEZUR MALL<\/b><\/p>\n<p><b>\u00dcretici Kodu : ZNGZRMLL090092192445972<\/b><\/p>\n<p><b>1 ADET F\u0130YATIDIR<\/b><\/p>\n<p><b><\/p>\n<p>            Sa\u011fl\u0131k ve hijyen a\u00e7\u0131s\u0131ndan iadeye uygun olmayan \u00fcr\u00fcnlerdir. <\/b><\/p>\n<\/h4>\n<p><\/p>\n","protected":false},"excerpt":{"rendered":"<p>Basic Parmak Ge\u00e7irme Detayl\u0131 Bluz Siyah T4266 (Beden: S)<\/p>\n","protected":false},"featured_media":49310,"comment_status":"open","ping_status":"closed","template":"","meta":[],"product_brand":[],"product_cat":[423,378],"product_tag":[4640,8068,7629,8373,2360,1391,8374],"class_list":{"0":"post-49314","1":"product","2":"type-product","3":"status-publish","4":"has-post-thumbnail","6":"product_cat-bluz","7":"product_cat-giyim","8":"product_tag-basic","9":"product_tag-bluz","10":"product_tag-detayli","11":"product_tag-gecirme","12":"product_tag-parmak","13":"product_tag-siyah","14":"product_tag-t4266","16":"first","17":"instock","18":"taxable","19":"shipping-taxable","20":"purchasable","21":"product-type-simple"},"_links":{"self":[{"href":"https:\/\/depodanmusteriye.com\/urunler\/wp-json\/wp\/v2\/product\/49314","targetHints":{"allow":["GET"]}}],"collection":[{"href":"https:\/\/depodanmusteriye.com\/urunler\/wp-json\/wp\/v2\/product"}],"about":[{"href":"https:\/\/depodanmusteriye.com\/urunler\/wp-json\/wp\/v2\/types\/product"}],"replies":[{"embeddable":true,"href":"https:\/\/depodanmusteriye.com\/urunler\/wp-json\/wp\/v2\/comments?post=49314"}],"version-history":[{"count":0,"href":"https:\/\/depodanmusteriye.com\/urunler\/wp-json\/wp\/v2\/product\/49314\/revisions"}],"wp:featuredmedia":[{"embeddable":true,"href":"https:\/\/depodanmusteriye.com\/urunler\/wp-json\/wp\/v2\/media\/49310"}],"wp:attachment":[{"href":"https:\/\/depodanmusteriye.com\/urunler\/wp-json\/wp\/v2\/media?parent=49314"}],"wp:term":[{"taxonomy":"product_brand","embeddable":true,"href":"https:\/\/depodanmusteriye.com\/urunler\/wp-json\/wp\/v2\/product_brand?post=49314"},{"taxonomy":"product_cat","embeddable":true,"href":"https:\/\/depodanmusteriye.com\/urunler\/wp-json\/wp\/v2\/product_cat?post=49314"},{"taxonomy":"product_tag","embeddable":true,"href":"https:\/\/depodanmusteriye.com\/urunler\/wp-json\/wp\/v2\/product_tag?post=49314"}],"curies":[{"name":"wp","href":"https:\/\/api.w.org\/{rel}","templated":true}]}}