{"id":49294,"date":"2025-12-06T07:14:38","date_gmt":"2025-12-06T07:14:38","guid":{"rendered":"https:\/\/b2b.depodanmusteriye.com\/urun\/basic-parmak-gecirme-detayli-bluz-lacivert-t4266-beden-s\/"},"modified":"2025-12-06T07:14:38","modified_gmt":"2025-12-06T07:14:38","slug":"basic-parmak-gecirme-detayli-bluz-lacivert-t4266-beden-s","status":"publish","type":"product","link":"https:\/\/depodanmusteriye.com\/urunler\/urun\/basic-parmak-gecirme-detayli-bluz-lacivert-t4266-beden-s\/","title":{"rendered":"Basic Parmak Ge\u00e7irme Detayl\u0131 Bluz Lacivert T4266 (Beden: S)"},"content":{"rendered":"<h4>\n<p> Basic Parmak Ge\u00e7irme Detayl\u0131 Bluz Lacivert T4266 (Beden: S) <\/p>\n<div>\n<p>Basic Parmak Ge\u00e7irme Detayl\u0131 Bluz Lacivert T4266, \u015f\u0131kl\u0131\u011f\u0131 ve rahatl\u0131\u011f\u0131 ayn\u0131 anda sunan bir se\u00e7enektir.<\/p>\n<p>\u00dcr\u00fcn \u00d6zellikleri:<\/p>\n<ul>\n<li>Yumu\u015fak ve hafif kuma\u015ftan \u00fcretilmi\u015ftir.<\/li>\n<li>Klasik kesime sahiptir.<\/li>\n<li>Parlak lacivert rengi ile dikkat \u00e7eker.<\/li>\n<li>\u00d6zel parmak ge\u00e7irme detaylar\u0131 bulunmaktad\u0131r.<\/li>\n<li>\u0130nce ask\u0131l\u0131 tasar\u0131m\u0131 sayesinde yaz aylar\u0131nda da rahatl\u0131kla tercih edilebilir.<\/li>\n<\/ul>\n<p>Basic Parmak Ge\u00e7irme Detayl\u0131 Bluz Lacivert T4266, g\u00fcnl\u00fck \u015f\u0131kl\u0131\u011f\u0131n\u0131z\u0131 tamamlayacak ve fark yaratacak bir par\u00e7ad\u0131r. Kendinizi \u00f6zel hissetmek istedi\u011finiz her an tercih edebilece\u011finiz bir se\u00e7enektir.<\/p>\n<\/div>\n<p><b>\u00dcretici Markas\u0131 : ZENGEZUR MALL<\/b><\/p>\n<p><b>\u00dcretici Kodu : ZNGZRMLL090099706645971<\/b><\/p>\n<p><b>1 ADET F\u0130YATIDIR<\/b><\/p>\n<p><b><\/p>\n<p>            Sa\u011fl\u0131k ve hijyen a\u00e7\u0131s\u0131ndan iadeye uygun olmayan \u00fcr\u00fcnlerdir. <\/b><\/p>\n<\/h4>\n<p><\/p>\n","protected":false},"excerpt":{"rendered":"<p>Basic Parmak Ge\u00e7irme Detayl\u0131 Bluz Lacivert T4266 (Beden: S)<\/p>\n","protected":false},"featured_media":49290,"comment_status":"open","ping_status":"closed","template":"","meta":[],"product_brand":[],"product_cat":[423,378],"product_tag":[4640,8068,7629,8373,2489,2360,8374],"class_list":{"0":"post-49294","1":"product","2":"type-product","3":"status-publish","4":"has-post-thumbnail","6":"product_cat-bluz","7":"product_cat-giyim","8":"product_tag-basic","9":"product_tag-bluz","10":"product_tag-detayli","11":"product_tag-gecirme","12":"product_tag-lacivert","13":"product_tag-parmak","14":"product_tag-t4266","16":"first","17":"instock","18":"taxable","19":"shipping-taxable","20":"purchasable","21":"product-type-simple"},"_links":{"self":[{"href":"https:\/\/depodanmusteriye.com\/urunler\/wp-json\/wp\/v2\/product\/49294","targetHints":{"allow":["GET"]}}],"collection":[{"href":"https:\/\/depodanmusteriye.com\/urunler\/wp-json\/wp\/v2\/product"}],"about":[{"href":"https:\/\/depodanmusteriye.com\/urunler\/wp-json\/wp\/v2\/types\/product"}],"replies":[{"embeddable":true,"href":"https:\/\/depodanmusteriye.com\/urunler\/wp-json\/wp\/v2\/comments?post=49294"}],"version-history":[{"count":0,"href":"https:\/\/depodanmusteriye.com\/urunler\/wp-json\/wp\/v2\/product\/49294\/revisions"}],"wp:featuredmedia":[{"embeddable":true,"href":"https:\/\/depodanmusteriye.com\/urunler\/wp-json\/wp\/v2\/media\/49290"}],"wp:attachment":[{"href":"https:\/\/depodanmusteriye.com\/urunler\/wp-json\/wp\/v2\/media?parent=49294"}],"wp:term":[{"taxonomy":"product_brand","embeddable":true,"href":"https:\/\/depodanmusteriye.com\/urunler\/wp-json\/wp\/v2\/product_brand?post=49294"},{"taxonomy":"product_cat","embeddable":true,"href":"https:\/\/depodanmusteriye.com\/urunler\/wp-json\/wp\/v2\/product_cat?post=49294"},{"taxonomy":"product_tag","embeddable":true,"href":"https:\/\/depodanmusteriye.com\/urunler\/wp-json\/wp\/v2\/product_tag?post=49294"}],"curies":[{"name":"wp","href":"https:\/\/api.w.org\/{rel}","templated":true}]}}