{"id":49092,"date":"2025-12-06T07:05:36","date_gmt":"2025-12-06T07:05:36","guid":{"rendered":"https:\/\/b2b.depodanmusteriye.com\/urun\/basikci-yaka-dar-kesim-kaskorse-kazak-yesil-w3103-beden-m\/"},"modified":"2025-12-06T07:05:36","modified_gmt":"2025-12-06T07:05:36","slug":"basikci-yaka-dar-kesim-kaskorse-kazak-yesil-w3103-beden-m","status":"publish","type":"product","link":"https:\/\/depodanmusteriye.com\/urunler\/urun\/basikci-yaka-dar-kesim-kaskorse-kazak-yesil-w3103-beden-m\/","title":{"rendered":"Ba\u015f\u0131k\u00e7\u0131 Yaka Dar Kesim Ka\u015fkorse Kazak Ye\u015fil W3103 (Beden: M)"},"content":{"rendered":"<h4>\n<p> Ba\u015f\u0131k\u00e7\u0131 yaka dar kesim ka\u015fkorse kazak ye\u015fil w3103 (Beden: M) <\/p>\n<div>\n<p>Ba\u015f\u0131k\u00e7\u0131 yaka dar kesim ka\u015fkorse kazak ye\u015fil w3103, \u015f\u0131kl\u0131\u011f\u0131 ve rahatl\u0131\u011f\u0131 bir arada sunar.<\/p>\n<p>\u00dcr\u00fcn \u00d6zellikleri:<\/p>\n<ul>\n<li>Yumu\u015fak ve kaliteli kuma\u015ftan \u00fcretilmi\u015ftir.<\/li>\n<li>Ba\u015f\u0131k\u00e7\u0131 yaka tasar\u0131m\u0131 sayesinde farkl\u0131 bir g\u00f6r\u00fcn\u00fcm sunar.<\/li>\n<li>Dar kesim oldu\u011fu i\u00e7in v\u00fccudu saran bir yap\u0131ya sahiptir.<\/li>\n<li>Ka\u015fkorse dokusuyla tarz\u0131n\u0131z\u0131 yans\u0131tman\u0131za olanak sa\u011flar.<\/li>\n<li>Ye\u015fil rengi ile g\u00f6z al\u0131c\u0131 bir g\u00f6r\u00fcn\u00fcm elde etmenizi sa\u011flar.<\/li>\n<li>G\u00fcnl\u00fck kullan\u0131ma uygun ve kolay kombinlenebilir bir par\u00e7ad\u0131r.<\/li>\n<\/ul>\n<p>\u015e\u0131kl\u0131\u011f\u0131 ve konforu bir arada arayanlar\u0131n tercihi olan bu kazak, gard\u0131robunuzun vazge\u00e7ilmez par\u00e7alar\u0131ndan biri olmaya aday!<\/p>\n<\/div>\n<p><b>\u00dcretici Markas\u0131 : ZENGEZUR MALL<\/b><\/p>\n<p><b>\u00dcretici Kodu : ZNGZRMLL090010528745935<\/b><\/p>\n<p><b>1 ADET F\u0130YATIDIR<\/b><\/p>\n<p><b><\/p>\n<p>            Sa\u011fl\u0131k ve hijyen a\u00e7\u0131s\u0131ndan iadeye uygun olmayan \u00fcr\u00fcnlerdir. <\/b><\/p>\n<\/h4>\n<p><\/p>\n","protected":false},"excerpt":{"rendered":"<p>Ba\u015f\u0131k\u00e7\u0131 Yaka Dar Kesim Ka\u015fkorse Kazak Ye\u015fil W3103 (Beden: M)<\/p>\n","protected":false},"featured_media":49090,"comment_status":"open","ping_status":"closed","template":"","meta":[],"product_brand":[],"product_cat":[378,427],"product_tag":[8365,1434,8067,8287,3774,8366,3738,2410],"class_list":{"0":"post-49092","1":"product","2":"type-product","3":"status-publish","4":"has-post-thumbnail","6":"product_cat-giyim","7":"product_cat-kazak","8":"product_tag-basikci","9":"product_tag-dar","10":"product_tag-kaskorse","11":"product_tag-kazak","12":"product_tag-kesim","13":"product_tag-w3103","14":"product_tag-yaka","15":"product_tag-yesil","17":"first","18":"instock","19":"taxable","20":"shipping-taxable","21":"purchasable","22":"product-type-simple"},"_links":{"self":[{"href":"https:\/\/depodanmusteriye.com\/urunler\/wp-json\/wp\/v2\/product\/49092","targetHints":{"allow":["GET"]}}],"collection":[{"href":"https:\/\/depodanmusteriye.com\/urunler\/wp-json\/wp\/v2\/product"}],"about":[{"href":"https:\/\/depodanmusteriye.com\/urunler\/wp-json\/wp\/v2\/types\/product"}],"replies":[{"embeddable":true,"href":"https:\/\/depodanmusteriye.com\/urunler\/wp-json\/wp\/v2\/comments?post=49092"}],"version-history":[{"count":0,"href":"https:\/\/depodanmusteriye.com\/urunler\/wp-json\/wp\/v2\/product\/49092\/revisions"}],"wp:featuredmedia":[{"embeddable":true,"href":"https:\/\/depodanmusteriye.com\/urunler\/wp-json\/wp\/v2\/media\/49090"}],"wp:attachment":[{"href":"https:\/\/depodanmusteriye.com\/urunler\/wp-json\/wp\/v2\/media?parent=49092"}],"wp:term":[{"taxonomy":"product_brand","embeddable":true,"href":"https:\/\/depodanmusteriye.com\/urunler\/wp-json\/wp\/v2\/product_brand?post=49092"},{"taxonomy":"product_cat","embeddable":true,"href":"https:\/\/depodanmusteriye.com\/urunler\/wp-json\/wp\/v2\/product_cat?post=49092"},{"taxonomy":"product_tag","embeddable":true,"href":"https:\/\/depodanmusteriye.com\/urunler\/wp-json\/wp\/v2\/product_tag?post=49092"}],"curies":[{"name":"wp","href":"https:\/\/api.w.org\/{rel}","templated":true}]}}