{"id":48871,"date":"2025-12-06T06:55:30","date_gmt":"2025-12-06T06:55:30","guid":{"rendered":"https:\/\/b2b.depodanmusteriye.com\/urun\/iki-dugmeli-deri-yelek-krem-s243001-beden-l\/"},"modified":"2025-12-06T06:55:30","modified_gmt":"2025-12-06T06:55:30","slug":"iki-dugmeli-deri-yelek-krem-s243001-beden-l","status":"publish","type":"product","link":"https:\/\/depodanmusteriye.com\/urunler\/urun\/iki-dugmeli-deri-yelek-krem-s243001-beden-l\/","title":{"rendered":"\u0130ki D\u00fc\u011fmeli Deri Yelek Krem S243001 (Beden: L)"},"content":{"rendered":"<h4>\n<p> \u0130ki d\u00fc\u011fmeli deri yelek krem s243001 (Beden: L) <\/p>\n<p>\u0130ki d\u00fc\u011fmeli deri yelek krem s243001, kad\u0131n giyim kategorisinde \u015f\u0131kl\u0131k ve zarafet arayanlar\u0131n tercihi. \u0130\u015fte bu yele\u011fin \u00f6zellikleri:<\/p>\n<ul>\n<li>Kaliteli deri malzeme sayesinde uzun \u00f6m\u00fcrl\u00fc kullan\u0131m sa\u011flar.<\/li>\n<li>\u0130ki d\u00fc\u011fmeli tasar\u0131m\u0131yla modern ve \u015f\u0131k bir g\u00f6r\u00fcn\u00fcm sunar.<\/li>\n<li>Krem rengiyle kombin yapma \u00f6zg\u00fcrl\u00fc\u011f\u00fc tan\u0131r.<\/li>\n<li>Kad\u0131nlar\u0131n vazge\u00e7ilmezi olmaya aday olan bu yelekle tarz\u0131n\u0131z\u0131 \u00f6ne \u00e7\u0131karabilirsiniz.<\/li>\n<\/ul>\n<p><b>\u00dcretici Markas\u0131 : ZENGEZUR MALL<\/b><\/p>\n<p><b>\u00dcretici Kodu : ZNGZRMLL090022404945907<\/b><\/p>\n<p><b>1 ADET F\u0130YATIDIR<\/b><\/p>\n<p><b><\/p>\n<p>            Sa\u011fl\u0131k ve hijyen a\u00e7\u0131s\u0131ndan iadeye uygun olmayan \u00fcr\u00fcnlerdir. <\/b><\/p>\n<\/h4>\n<p><\/p>\n","protected":false},"excerpt":{"rendered":"<p>\u0130ki D\u00fc\u011fmeli Deri Yelek Krem S243001 (Beden: L)<\/p>\n","protected":false},"featured_media":48868,"comment_status":"open","ping_status":"closed","template":"","meta":[],"product_brand":[],"product_cat":[378,432],"product_tag":[1517,4208,1913,7750,8360,5978],"class_list":{"0":"post-48871","1":"product","2":"type-product","3":"status-publish","4":"has-post-thumbnail","6":"product_cat-giyim","7":"product_cat-yelek","8":"product_tag-deri","9":"product_tag-dugmeli","10":"product_tag-iki","11":"product_tag-krem","12":"product_tag-s243001","13":"product_tag-yelek","15":"first","16":"instock","17":"taxable","18":"shipping-taxable","19":"purchasable","20":"product-type-simple"},"_links":{"self":[{"href":"https:\/\/depodanmusteriye.com\/urunler\/wp-json\/wp\/v2\/product\/48871","targetHints":{"allow":["GET"]}}],"collection":[{"href":"https:\/\/depodanmusteriye.com\/urunler\/wp-json\/wp\/v2\/product"}],"about":[{"href":"https:\/\/depodanmusteriye.com\/urunler\/wp-json\/wp\/v2\/types\/product"}],"replies":[{"embeddable":true,"href":"https:\/\/depodanmusteriye.com\/urunler\/wp-json\/wp\/v2\/comments?post=48871"}],"version-history":[{"count":0,"href":"https:\/\/depodanmusteriye.com\/urunler\/wp-json\/wp\/v2\/product\/48871\/revisions"}],"wp:featuredmedia":[{"embeddable":true,"href":"https:\/\/depodanmusteriye.com\/urunler\/wp-json\/wp\/v2\/media\/48868"}],"wp:attachment":[{"href":"https:\/\/depodanmusteriye.com\/urunler\/wp-json\/wp\/v2\/media?parent=48871"}],"wp:term":[{"taxonomy":"product_brand","embeddable":true,"href":"https:\/\/depodanmusteriye.com\/urunler\/wp-json\/wp\/v2\/product_brand?post=48871"},{"taxonomy":"product_cat","embeddable":true,"href":"https:\/\/depodanmusteriye.com\/urunler\/wp-json\/wp\/v2\/product_cat?post=48871"},{"taxonomy":"product_tag","embeddable":true,"href":"https:\/\/depodanmusteriye.com\/urunler\/wp-json\/wp\/v2\/product_tag?post=48871"}],"curies":[{"name":"wp","href":"https:\/\/api.w.org\/{rel}","templated":true}]}}