{"id":48859,"date":"2025-12-06T06:55:00","date_gmt":"2025-12-06T06:55:00","guid":{"rendered":"https:\/\/b2b.depodanmusteriye.com\/urun\/iki-dugmeli-deri-yelek-kahve-s243001-beden-l\/"},"modified":"2025-12-06T06:55:00","modified_gmt":"2025-12-06T06:55:00","slug":"iki-dugmeli-deri-yelek-kahve-s243001-beden-l","status":"publish","type":"product","link":"https:\/\/depodanmusteriye.com\/urunler\/urun\/iki-dugmeli-deri-yelek-kahve-s243001-beden-l\/","title":{"rendered":"\u0130ki D\u00fc\u011fmeli Deri Yelek Kahve S243001 (Beden: L)"},"content":{"rendered":"<h4>\n<p> \u0130ki d\u00fc\u011fmeli deri yelek kahve s243001 (Beden: L) <\/p>\n<p>\u015e\u0131k ve modern tasar\u0131m\u0131yla dikkat \u00e7eken Kahve rengi \u0130ki D\u00fc\u011fmeli Deri Yelek, gard\u0131robunuzun vazge\u00e7ilmezi olmaya aday!<\/p>\n<p>\u0130nce deri malzemesi sayesinde hafif bir yap\u0131s\u0131 olan bu yelek, yaz ve bahar aylar\u0131nda rahatl\u0131kla kullanabilirsiniz.<\/p>\n<p>Yele\u011fin iki d\u00fc\u011fme detay\u0131 hem \u015f\u0131k bir g\u00f6r\u00fcn\u00fcm sunarken hem de pratik bir kullan\u0131m sa\u011flar.<\/p>\n<p>Kad\u0131n giyim kategorisinde yer alan bu yele\u011fi eteklerle, pantolonlarla ya da elbiselerle kombinleyerek farkl\u0131 tarzlar yaratabilirsiniz.<\/p>\n<p>Yele\u011fin standart beden olmas\u0131, bir\u00e7ok farkl\u0131 v\u00fccut tipine uyum sa\u011flayabilmesini sa\u011flar.<\/p>\n<p><b>\u00dcretici Markas\u0131 : ZENGEZUR MALL<\/b><\/p>\n<p><b>\u00dcretici Kodu : ZNGZRMLL090067609145906<\/b><\/p>\n<p><b>1 ADET F\u0130YATIDIR<\/b><\/p>\n<p><b><\/p>\n<p>            Sa\u011fl\u0131k ve hijyen a\u00e7\u0131s\u0131ndan iadeye uygun olmayan \u00fcr\u00fcnlerdir. <\/b><\/p>\n<\/h4>\n<p><\/p>\n","protected":false},"excerpt":{"rendered":"<p>\u0130ki D\u00fc\u011fmeli Deri Yelek Kahve S243001 (Beden: L)<\/p>\n","protected":false},"featured_media":48856,"comment_status":"open","ping_status":"closed","template":"","meta":[],"product_brand":[],"product_cat":[378,432],"product_tag":[1517,4208,1913,1633,8360,5978],"class_list":{"0":"post-48859","1":"product","2":"type-product","3":"status-publish","4":"has-post-thumbnail","6":"product_cat-giyim","7":"product_cat-yelek","8":"product_tag-deri","9":"product_tag-dugmeli","10":"product_tag-iki","11":"product_tag-kahve","12":"product_tag-s243001","13":"product_tag-yelek","15":"first","16":"instock","17":"taxable","18":"shipping-taxable","19":"purchasable","20":"product-type-simple"},"_links":{"self":[{"href":"https:\/\/depodanmusteriye.com\/urunler\/wp-json\/wp\/v2\/product\/48859","targetHints":{"allow":["GET"]}}],"collection":[{"href":"https:\/\/depodanmusteriye.com\/urunler\/wp-json\/wp\/v2\/product"}],"about":[{"href":"https:\/\/depodanmusteriye.com\/urunler\/wp-json\/wp\/v2\/types\/product"}],"replies":[{"embeddable":true,"href":"https:\/\/depodanmusteriye.com\/urunler\/wp-json\/wp\/v2\/comments?post=48859"}],"version-history":[{"count":0,"href":"https:\/\/depodanmusteriye.com\/urunler\/wp-json\/wp\/v2\/product\/48859\/revisions"}],"wp:featuredmedia":[{"embeddable":true,"href":"https:\/\/depodanmusteriye.com\/urunler\/wp-json\/wp\/v2\/media\/48856"}],"wp:attachment":[{"href":"https:\/\/depodanmusteriye.com\/urunler\/wp-json\/wp\/v2\/media?parent=48859"}],"wp:term":[{"taxonomy":"product_brand","embeddable":true,"href":"https:\/\/depodanmusteriye.com\/urunler\/wp-json\/wp\/v2\/product_brand?post=48859"},{"taxonomy":"product_cat","embeddable":true,"href":"https:\/\/depodanmusteriye.com\/urunler\/wp-json\/wp\/v2\/product_cat?post=48859"},{"taxonomy":"product_tag","embeddable":true,"href":"https:\/\/depodanmusteriye.com\/urunler\/wp-json\/wp\/v2\/product_tag?post=48859"}],"curies":[{"name":"wp","href":"https:\/\/api.w.org\/{rel}","templated":true}]}}