{"id":48656,"date":"2025-12-06T06:46:19","date_gmt":"2025-12-06T06:46:19","guid":{"rendered":"https:\/\/b2b.depodanmusteriye.com\/urun\/ip-askili-yandan-fermuarli-rastale-deri-crop-siyah-s24113-beden-s\/"},"modified":"2025-12-06T06:46:19","modified_gmt":"2025-12-06T06:46:19","slug":"ip-askili-yandan-fermuarli-rastale-deri-crop-siyah-s24113-beden-s","status":"publish","type":"product","link":"https:\/\/depodanmusteriye.com\/urunler\/urun\/ip-askili-yandan-fermuarli-rastale-deri-crop-siyah-s24113-beden-s\/","title":{"rendered":"\u0130p Ask\u0131l\u0131 Yandan Fermuarl\u0131 Rastale Deri Crop Siyah S24113 (Beden: S)"},"content":{"rendered":"<h4>\n<p> \u0130p ask\u0131l\u0131 yandan fermuarl\u0131 rastale deri crop siyah s24113 (Beden: S) <\/p>\n<p>\u015e\u0131kl\u0131\u011f\u0131 ve rahatl\u0131\u011f\u0131 bir arada sunan Rastale Deri Crop Siyah S24113 bluz, gard\u0131robunuzun vazge\u00e7ilmezi olmaya aday! \u0130p ask\u0131l\u0131 tasar\u0131m\u0131 ve yandan fermuar detay\u0131 ile fark\u0131n\u0131 ortaya koyuyor.<\/p>\n<p>\u00dcr\u00fcn \u00d6zellikleri:<\/p>\n<ul>\n<li>KADIN G\u0130Y\u0130M kategorisinde yer almaktad\u0131r.<\/li>\n<li>Y\u00fcksek kaliteli deri malzemeden \u00fcretilmi\u015ftir.<\/li>\n<li>\u0130p ask\u0131l\u0131 tasar\u0131m\u0131 ile \u015f\u0131k bir g\u00f6r\u00fcn\u00fcm sunar.<\/li>\n<li>Yandan fermuar detay\u0131 bulunmaktad\u0131r.<\/li>\n<li>Crop kesim ile modern bir tarz yakalar.<\/li>\n<li>Farkl\u0131 kombinasyonlarla kolayl\u0131kla uyum sa\u011flar.<\/li>\n<\/ul>\n<p><b>\u00dcretici Markas\u0131 : ZENGEZUR MALL<\/b><\/p>\n<p><b>\u00dcretici Kodu : ZNGZRMLL090027120345891<\/b><\/p>\n<p><b>1 ADET F\u0130YATIDIR<\/b><\/p>\n<p><b><\/p>\n<p>            Sa\u011fl\u0131k ve hijyen a\u00e7\u0131s\u0131ndan iadeye uygun olmayan \u00fcr\u00fcnlerdir. <\/b><\/p>\n<\/h4>\n<p><\/p>\n","protected":false},"excerpt":{"rendered":"<p>\u0130p Ask\u0131l\u0131 Yandan Fermuarl\u0131 Rastale Deri Crop Siyah S24113 (Beden: S)<\/p>\n","protected":false},"featured_media":48648,"comment_status":"open","ping_status":"closed","template":"","meta":[],"product_brand":[],"product_cat":[423,378],"product_tag":[2013,8075,1517,1721,3819,8350,8351,1391,8264],"class_list":{"0":"post-48656","1":"product","2":"type-product","3":"status-publish","4":"has-post-thumbnail","6":"product_cat-bluz","7":"product_cat-giyim","8":"product_tag-askili","9":"product_tag-crop","10":"product_tag-deri","11":"product_tag-fermuarli","12":"product_tag-ip","13":"product_tag-rastale","14":"product_tag-s24113","15":"product_tag-siyah","16":"product_tag-yandan","18":"first","19":"instock","20":"taxable","21":"shipping-taxable","22":"purchasable","23":"product-type-simple"},"_links":{"self":[{"href":"https:\/\/depodanmusteriye.com\/urunler\/wp-json\/wp\/v2\/product\/48656","targetHints":{"allow":["GET"]}}],"collection":[{"href":"https:\/\/depodanmusteriye.com\/urunler\/wp-json\/wp\/v2\/product"}],"about":[{"href":"https:\/\/depodanmusteriye.com\/urunler\/wp-json\/wp\/v2\/types\/product"}],"replies":[{"embeddable":true,"href":"https:\/\/depodanmusteriye.com\/urunler\/wp-json\/wp\/v2\/comments?post=48656"}],"version-history":[{"count":0,"href":"https:\/\/depodanmusteriye.com\/urunler\/wp-json\/wp\/v2\/product\/48656\/revisions"}],"wp:featuredmedia":[{"embeddable":true,"href":"https:\/\/depodanmusteriye.com\/urunler\/wp-json\/wp\/v2\/media\/48648"}],"wp:attachment":[{"href":"https:\/\/depodanmusteriye.com\/urunler\/wp-json\/wp\/v2\/media?parent=48656"}],"wp:term":[{"taxonomy":"product_brand","embeddable":true,"href":"https:\/\/depodanmusteriye.com\/urunler\/wp-json\/wp\/v2\/product_brand?post=48656"},{"taxonomy":"product_cat","embeddable":true,"href":"https:\/\/depodanmusteriye.com\/urunler\/wp-json\/wp\/v2\/product_cat?post=48656"},{"taxonomy":"product_tag","embeddable":true,"href":"https:\/\/depodanmusteriye.com\/urunler\/wp-json\/wp\/v2\/product_tag?post=48656"}],"curies":[{"name":"wp","href":"https:\/\/api.w.org\/{rel}","templated":true}]}}