{"id":48484,"date":"2025-12-06T06:39:33","date_gmt":"2025-12-06T06:39:33","guid":{"rendered":"https:\/\/b2b.depodanmusteriye.com\/urun\/dik-yaka-tul-kollu-bluz-beyaz-t3066-beden-s\/"},"modified":"2025-12-06T06:39:33","modified_gmt":"2025-12-06T06:39:33","slug":"dik-yaka-tul-kollu-bluz-beyaz-t3066-beden-s","status":"publish","type":"product","link":"https:\/\/depodanmusteriye.com\/urunler\/urun\/dik-yaka-tul-kollu-bluz-beyaz-t3066-beden-s\/","title":{"rendered":"Dik Yaka T\u00fcl Kollu Bluz Beyaz T3066 (Beden: S)"},"content":{"rendered":"<h4>\n<p> Dik yaka t\u00fcl kollu bluz beyaz t3066 (Beden: S) <\/p>\n<p>Beyaz\u0131n asaleti ile \u015f\u0131kl\u0131\u011f\u0131 bir araya getiren Dik Yaka T\u00fcl Kollu Bluz ile tarz\u0131n\u0131z\u0131 \u00f6n plana \u00e7\u0131kar\u0131n.<\/p>\n<ul>\n<li>Renk: Beyaz<\/li>\n<li>Kuma\u015f: Pamuklu<\/li>\n<li>Yaka: Dik Yaka<\/li>\n<li>Kol: Uzun T\u00fcl Kollu<\/li>\n<li>Kategori: Kad\u0131n Giyim &gt; Bluz<\/li>\n<\/ul>\n<p>Bu bluz ile hem g\u00fcnl\u00fck \u015f\u0131kl\u0131\u011f\u0131n\u0131z\u0131 tamamlayabilir, hem de \u00f6zel davetlerde fark yaratabilirsiniz. \u015e\u0131kl\u0131\u011f\u0131 ve rahatl\u0131\u011f\u0131 bir arada arayan kad\u0131nlar\u0131n favorisi olmaya aday!<\/p>\n<p><b>\u00dcretici Markas\u0131 : ZENGEZUR MALL<\/b><\/p>\n<p><b>\u00dcretici Kodu : ZNGZRMLL090069427945872<\/b><\/p>\n<p><b>1 ADET F\u0130YATIDIR<\/b><\/p>\n<p><b><\/p>\n<p>            Sa\u011fl\u0131k ve hijyen a\u00e7\u0131s\u0131ndan iadeye uygun olmayan \u00fcr\u00fcnlerdir. <\/b><\/p>\n<\/h4>\n<p><\/p>\n","protected":false},"excerpt":{"rendered":"<p>Dik Yaka T\u00fcl Kollu Bluz Beyaz T3066 (Beden: S)<\/p>\n","protected":false},"featured_media":48480,"comment_status":"open","ping_status":"closed","template":"","meta":[],"product_brand":[],"product_cat":[423,378],"product_tag":[1663,8068,8343,1430,8344,3059,3738],"class_list":{"0":"post-48484","1":"product","2":"type-product","3":"status-publish","4":"has-post-thumbnail","6":"product_cat-bluz","7":"product_cat-giyim","8":"product_tag-beyaz","9":"product_tag-bluz","10":"product_tag-dik","11":"product_tag-kollu","12":"product_tag-t3066","13":"product_tag-tul","14":"product_tag-yaka","16":"first","17":"instock","18":"taxable","19":"shipping-taxable","20":"purchasable","21":"product-type-simple"},"_links":{"self":[{"href":"https:\/\/depodanmusteriye.com\/urunler\/wp-json\/wp\/v2\/product\/48484","targetHints":{"allow":["GET"]}}],"collection":[{"href":"https:\/\/depodanmusteriye.com\/urunler\/wp-json\/wp\/v2\/product"}],"about":[{"href":"https:\/\/depodanmusteriye.com\/urunler\/wp-json\/wp\/v2\/types\/product"}],"replies":[{"embeddable":true,"href":"https:\/\/depodanmusteriye.com\/urunler\/wp-json\/wp\/v2\/comments?post=48484"}],"version-history":[{"count":0,"href":"https:\/\/depodanmusteriye.com\/urunler\/wp-json\/wp\/v2\/product\/48484\/revisions"}],"wp:featuredmedia":[{"embeddable":true,"href":"https:\/\/depodanmusteriye.com\/urunler\/wp-json\/wp\/v2\/media\/48480"}],"wp:attachment":[{"href":"https:\/\/depodanmusteriye.com\/urunler\/wp-json\/wp\/v2\/media?parent=48484"}],"wp:term":[{"taxonomy":"product_brand","embeddable":true,"href":"https:\/\/depodanmusteriye.com\/urunler\/wp-json\/wp\/v2\/product_brand?post=48484"},{"taxonomy":"product_cat","embeddable":true,"href":"https:\/\/depodanmusteriye.com\/urunler\/wp-json\/wp\/v2\/product_cat?post=48484"},{"taxonomy":"product_tag","embeddable":true,"href":"https:\/\/depodanmusteriye.com\/urunler\/wp-json\/wp\/v2\/product_tag?post=48484"}],"curies":[{"name":"wp","href":"https:\/\/api.w.org\/{rel}","templated":true}]}}