{"id":48389,"date":"2025-12-06T06:34:01","date_gmt":"2025-12-06T06:34:01","guid":{"rendered":"https:\/\/b2b.depodanmusteriye.com\/urun\/astarli-kapsonlu-kuzu-yelek-beyaz-t1243-beden-s\/"},"modified":"2025-12-06T06:34:01","modified_gmt":"2025-12-06T06:34:01","slug":"astarli-kapsonlu-kuzu-yelek-beyaz-t1243-beden-s","status":"publish","type":"product","link":"https:\/\/depodanmusteriye.com\/urunler\/urun\/astarli-kapsonlu-kuzu-yelek-beyaz-t1243-beden-s\/","title":{"rendered":"Astarl\u0131 Kap\u015fonlu Kuzu Yelek Beyaz T1243 (Beden: S)"},"content":{"rendered":"<h4>\n<p> Astarl\u0131 kap\u015fonlu kuzu yelek beyaz t1243 (Beden: S) <\/p>\n<p>B\u00fct\u00fcn g\u00f6zleri \u00fczerine \u00e7ekece\u011finiz \u015f\u0131k ve \u015f\u0131k bir g\u00f6r\u00fcn\u00fcm elde etmek istiyorsan\u0131z, Astarl\u0131 Kap\u015fonlu Kuzu Yelek T1243 tam size g\u00f6re!<\/p>\n<p>\u0130\u015fte bu k\u0131\u015f gard\u0131robunuz i\u00e7in m\u00fckemmel bir tamamlay\u0131c\u0131d\u0131r. Bu kuzu yelek, sizi so\u011fuk havalardan korurken \u015f\u0131kl\u0131\u011f\u0131n\u0131zdan da \u00f6d\u00fcn vermenizi istemez.<\/p>\n<p>Astarl\u0131 yap\u0131s\u0131 sayesinde sizi s\u0131cac\u0131k tutarken, \u015f\u0131k tasar\u0131m\u0131yla da stilinizi tamamlar.<\/p>\n<p>Kap\u015fonlu detay\u0131yla modern bir hava katan bu yele\u011fi, g\u00fcnl\u00fck hayatta rahatl\u0131kla kullanabilir ve her kombininize kolayca uyum sa\u011flayabilirsiniz.<\/p>\n<p>KADIN G\u0130Y\u0130M &gt; YELEK kategorisinde yer alan bu muhte\u015fem yele\u011fi hemen sepetinize ekleyin ve kusursuz \u015f\u0131kl\u0131\u011f\u0131n keyfini \u00e7\u0131kar\u0131n!<\/p>\n<p><b>\u00dcretici Markas\u0131 : ZENGEZUR MALL<\/b><\/p>\n<p><b>\u00dcretici Kodu : ZNGZRMLL090010902545821<\/b><\/p>\n<p><b>1 ADET F\u0130YATIDIR<\/b><\/p>\n<p><b><\/p>\n<p>            Sa\u011fl\u0131k ve hijyen a\u00e7\u0131s\u0131ndan iadeye uygun olmayan \u00fcr\u00fcnlerdir. <\/b><\/p>\n<\/h4>\n<p><\/p>\n","protected":false},"excerpt":{"rendered":"<p>Astarl\u0131 Kap\u015fonlu Kuzu Yelek Beyaz T1243 (Beden: S)<\/p>\n","protected":false},"featured_media":48386,"comment_status":"open","ping_status":"closed","template":"","meta":[],"product_brand":[],"product_cat":[378,432],"product_tag":[8107,1663,8059,1793,8340,5978],"class_list":{"0":"post-48389","1":"product","2":"type-product","3":"status-publish","4":"has-post-thumbnail","6":"product_cat-giyim","7":"product_cat-yelek","8":"product_tag-astarli","9":"product_tag-beyaz","10":"product_tag-kapsonlu","11":"product_tag-kuzu","12":"product_tag-t1243","13":"product_tag-yelek","15":"first","16":"instock","17":"taxable","18":"shipping-taxable","19":"purchasable","20":"product-type-simple"},"_links":{"self":[{"href":"https:\/\/depodanmusteriye.com\/urunler\/wp-json\/wp\/v2\/product\/48389","targetHints":{"allow":["GET"]}}],"collection":[{"href":"https:\/\/depodanmusteriye.com\/urunler\/wp-json\/wp\/v2\/product"}],"about":[{"href":"https:\/\/depodanmusteriye.com\/urunler\/wp-json\/wp\/v2\/types\/product"}],"replies":[{"embeddable":true,"href":"https:\/\/depodanmusteriye.com\/urunler\/wp-json\/wp\/v2\/comments?post=48389"}],"version-history":[{"count":0,"href":"https:\/\/depodanmusteriye.com\/urunler\/wp-json\/wp\/v2\/product\/48389\/revisions"}],"wp:featuredmedia":[{"embeddable":true,"href":"https:\/\/depodanmusteriye.com\/urunler\/wp-json\/wp\/v2\/media\/48386"}],"wp:attachment":[{"href":"https:\/\/depodanmusteriye.com\/urunler\/wp-json\/wp\/v2\/media?parent=48389"}],"wp:term":[{"taxonomy":"product_brand","embeddable":true,"href":"https:\/\/depodanmusteriye.com\/urunler\/wp-json\/wp\/v2\/product_brand?post=48389"},{"taxonomy":"product_cat","embeddable":true,"href":"https:\/\/depodanmusteriye.com\/urunler\/wp-json\/wp\/v2\/product_cat?post=48389"},{"taxonomy":"product_tag","embeddable":true,"href":"https:\/\/depodanmusteriye.com\/urunler\/wp-json\/wp\/v2\/product_tag?post=48389"}],"curies":[{"name":"wp","href":"https:\/\/api.w.org\/{rel}","templated":true}]}}