{"id":47841,"date":"2025-12-06T06:02:36","date_gmt":"2025-12-06T06:02:36","guid":{"rendered":"https:\/\/b2b.depodanmusteriye.com\/urun\/2-iplik-bisiklet-yaka-sweat-beyaz-f2339-beden-l\/"},"modified":"2025-12-06T06:02:36","modified_gmt":"2025-12-06T06:02:36","slug":"2-iplik-bisiklet-yaka-sweat-beyaz-f2339-beden-l","status":"publish","type":"product","link":"https:\/\/depodanmusteriye.com\/urunler\/urun\/2-iplik-bisiklet-yaka-sweat-beyaz-f2339-beden-l\/","title":{"rendered":"2 \u0130plik Bisiklet Yaka Sweat Beyaz F2339 (Beden: L)"},"content":{"rendered":"<h4>\n<p> 2 iplik bisiklet yaka sweat beyaz f2339 (Beden: L) <\/p>\n<p>2 iplik bisiklet yaka sweat beyaz f2339 modeli, \u015f\u0131kl\u0131\u011f\u0131 ve rahatl\u0131\u011f\u0131 bir arada sunar. Kad\u0131n giyim kategorisinde yer alan bu sweatshirt, g\u00fcnl\u00fck hayatta ve spor aktivitelerinde kullan\u0131m i\u00e7in idealdir.<\/p>\n<p>\u00dcr\u00fcn \u00d6zellikleri:<\/p>\n<ul>\n<li>Renk: Beyaz<\/li>\n<li>Yaka: Bisiklet Yaka<\/li>\n<li>Kuma\u015f T\u00fcr\u00fc: 2 \u0130plik<\/li>\n<li>Model: F2339<\/li>\n<li>Kuma\u015f \u0130\u00e7eri\u011fi: %100 Pamuk<\/li>\n<li>\u015e\u0131k ve spor tasar\u0131m\u0131 ile her tarza uyum sa\u011flar.<\/li>\n<li>Rahat kesimi ve esnek yap\u0131s\u0131yla hareket \u00f6zg\u00fcrl\u00fc\u011f\u00fc sunar.<\/li>\n<li>Ter emici \u00f6zelli\u011fi sayesinde g\u00fcn boyu ferahl\u0131k sa\u011flar.<\/li>\n<li>Makinede kolayca y\u0131kanabilir.<\/li>\n<\/ul>\n<p><b>\u00dcretici Markas\u0131 : ZENGEZUR MALL<\/b><\/p>\n<p><b>\u00dcretici Kodu : ZNGZRMLL090062096445726<\/b><\/p>\n<p><b>1 ADET F\u0130YATIDIR<\/b><\/p>\n<p><b><\/p>\n<p>            Sa\u011fl\u0131k ve hijyen a\u00e7\u0131s\u0131ndan iadeye uygun olmayan \u00fcr\u00fcnlerdir. <\/b><\/p>\n<\/h4>\n<p><\/p>\n","protected":false},"excerpt":{"rendered":"<p>2 \u0130plik Bisiklet Yaka Sweat Beyaz F2339 (Beden: L)<\/p>\n","protected":false},"featured_media":47835,"comment_status":"open","ping_status":"closed","template":"","meta":[],"product_brand":[],"product_cat":[378,428],"product_tag":[1613,1663,4106,8308,3874,8210,3738],"class_list":{"0":"post-47841","1":"product","2":"type-product","3":"status-publish","4":"has-post-thumbnail","6":"product_cat-giyim","7":"product_cat-sweatshirt","8":"product_tag-1613","9":"product_tag-beyaz","10":"product_tag-bisiklet","11":"product_tag-f2339","12":"product_tag-iplik","13":"product_tag-sweat","14":"product_tag-yaka","16":"first","17":"instock","18":"taxable","19":"shipping-taxable","20":"purchasable","21":"product-type-simple"},"_links":{"self":[{"href":"https:\/\/depodanmusteriye.com\/urunler\/wp-json\/wp\/v2\/product\/47841","targetHints":{"allow":["GET"]}}],"collection":[{"href":"https:\/\/depodanmusteriye.com\/urunler\/wp-json\/wp\/v2\/product"}],"about":[{"href":"https:\/\/depodanmusteriye.com\/urunler\/wp-json\/wp\/v2\/types\/product"}],"replies":[{"embeddable":true,"href":"https:\/\/depodanmusteriye.com\/urunler\/wp-json\/wp\/v2\/comments?post=47841"}],"version-history":[{"count":0,"href":"https:\/\/depodanmusteriye.com\/urunler\/wp-json\/wp\/v2\/product\/47841\/revisions"}],"wp:featuredmedia":[{"embeddable":true,"href":"https:\/\/depodanmusteriye.com\/urunler\/wp-json\/wp\/v2\/media\/47835"}],"wp:attachment":[{"href":"https:\/\/depodanmusteriye.com\/urunler\/wp-json\/wp\/v2\/media?parent=47841"}],"wp:term":[{"taxonomy":"product_brand","embeddable":true,"href":"https:\/\/depodanmusteriye.com\/urunler\/wp-json\/wp\/v2\/product_brand?post=47841"},{"taxonomy":"product_cat","embeddable":true,"href":"https:\/\/depodanmusteriye.com\/urunler\/wp-json\/wp\/v2\/product_cat?post=47841"},{"taxonomy":"product_tag","embeddable":true,"href":"https:\/\/depodanmusteriye.com\/urunler\/wp-json\/wp\/v2\/product_tag?post=47841"}],"curies":[{"name":"wp","href":"https:\/\/api.w.org\/{rel}","templated":true}]}}