{"id":47789,"date":"2025-12-06T05:59:03","date_gmt":"2025-12-06T05:59:03","guid":{"rendered":"https:\/\/b2b.depodanmusteriye.com\/urun\/cizgili-bisiklet-yaka-triko-kazak-beyazsiyah-beden-standart\/"},"modified":"2025-12-06T05:59:03","modified_gmt":"2025-12-06T05:59:03","slug":"cizgili-bisiklet-yaka-triko-kazak-beyazsiyah-beden-standart","status":"publish","type":"product","link":"https:\/\/depodanmusteriye.com\/urunler\/urun\/cizgili-bisiklet-yaka-triko-kazak-beyazsiyah-beden-standart\/","title":{"rendered":"\u00c7izgili Bisiklet Yaka Triko Kazak Beyazsiyah (Beden: Standart)"},"content":{"rendered":"<h4>\n<p> \u00c7izgili bisiklet yaka triko kazak beyazsiyah (Beden: STANDART) <\/p>\n<div>\n<p>\u00c7izgili bisiklet yaka triko kazak beyazsiyah, \u015f\u0131kl\u0131k ve rahatl\u0131\u011f\u0131 bir arada sunar.<\/p>\n<p>\u00dcr\u00fcn \u00d6zellikleri:<\/p>\n<ul>\n<li>Kad\u0131nlar i\u00e7in tasarlanm\u0131\u015f \u015f\u0131k bir triko kazak.<\/li>\n<li>Bisiklet yaka detay\u0131 ile fark yaratan bir tasar\u0131m.<\/li>\n<li>\u00c7izgili deseni sayesinde modern ve trend bir g\u00f6r\u00fcn\u00fcm sunar.<\/li>\n<li>Rahat ve esnek kuma\u015f\u0131yla g\u00fcnl\u00fck kullan\u0131ma uygundur.<\/li>\n<li>Renk: Beyazsiyah<\/li>\n<\/ul>\n<p>Bu triko kazak ile g\u00fcnl\u00fck hayatta \u015f\u0131kl\u0131\u011f\u0131 yakalayabilir, kombinlerinizi tamamlayabilirsiniz.<\/p>\n<\/div>\n<p><b>\u00dcretici Markas\u0131 : ZENGEZUR MALL<\/b><\/p>\n<p><b>\u00dcretici Kodu : ZNGZRMLL090077729345704<\/b><\/p>\n<p><b>1 ADET F\u0130YATIDIR<\/b><\/p>\n<p><b><\/p>\n<p>            Sa\u011fl\u0131k ve hijyen a\u00e7\u0131s\u0131ndan iadeye uygun olmayan \u00fcr\u00fcnlerdir. <\/b><\/p>\n<\/h4>\n<p><\/p>\n","protected":false},"excerpt":{"rendered":"<p>\u00c7izgili Bisiklet Yaka Triko Kazak Beyazsiyah (Beden: Standart)<\/p>\n","protected":false},"featured_media":47787,"comment_status":"open","ping_status":"closed","template":"","meta":[],"product_brand":[],"product_cat":[378,427],"product_tag":[8239,4106,3087,8287,7743,3738],"class_list":{"0":"post-47789","1":"product","2":"type-product","3":"status-publish","4":"has-post-thumbnail","6":"product_cat-giyim","7":"product_cat-kazak","8":"product_tag-beyazsiyah","9":"product_tag-bisiklet","10":"product_tag-cizgili","11":"product_tag-kazak","12":"product_tag-triko","13":"product_tag-yaka","15":"first","16":"instock","17":"taxable","18":"shipping-taxable","19":"purchasable","20":"product-type-simple"},"_links":{"self":[{"href":"https:\/\/depodanmusteriye.com\/urunler\/wp-json\/wp\/v2\/product\/47789","targetHints":{"allow":["GET"]}}],"collection":[{"href":"https:\/\/depodanmusteriye.com\/urunler\/wp-json\/wp\/v2\/product"}],"about":[{"href":"https:\/\/depodanmusteriye.com\/urunler\/wp-json\/wp\/v2\/types\/product"}],"replies":[{"embeddable":true,"href":"https:\/\/depodanmusteriye.com\/urunler\/wp-json\/wp\/v2\/comments?post=47789"}],"version-history":[{"count":0,"href":"https:\/\/depodanmusteriye.com\/urunler\/wp-json\/wp\/v2\/product\/47789\/revisions"}],"wp:featuredmedia":[{"embeddable":true,"href":"https:\/\/depodanmusteriye.com\/urunler\/wp-json\/wp\/v2\/media\/47787"}],"wp:attachment":[{"href":"https:\/\/depodanmusteriye.com\/urunler\/wp-json\/wp\/v2\/media?parent=47789"}],"wp:term":[{"taxonomy":"product_brand","embeddable":true,"href":"https:\/\/depodanmusteriye.com\/urunler\/wp-json\/wp\/v2\/product_brand?post=47789"},{"taxonomy":"product_cat","embeddable":true,"href":"https:\/\/depodanmusteriye.com\/urunler\/wp-json\/wp\/v2\/product_cat?post=47789"},{"taxonomy":"product_tag","embeddable":true,"href":"https:\/\/depodanmusteriye.com\/urunler\/wp-json\/wp\/v2\/product_tag?post=47789"}],"curies":[{"name":"wp","href":"https:\/\/api.w.org\/{rel}","templated":true}]}}