{"id":47783,"date":"2025-12-06T05:58:44","date_gmt":"2025-12-06T05:58:44","guid":{"rendered":"https:\/\/b2b.depodanmusteriye.com\/urun\/salas-delik-detayli-kazak-mavi-beden-standart\/"},"modified":"2025-12-06T05:58:44","modified_gmt":"2025-12-06T05:58:44","slug":"salas-delik-detayli-kazak-mavi-beden-standart","status":"publish","type":"product","link":"https:\/\/depodanmusteriye.com\/urunler\/urun\/salas-delik-detayli-kazak-mavi-beden-standart\/","title":{"rendered":"Sala\u015f Delik Detayl\u0131 Kazak Mavi (Beden: Standart)"},"content":{"rendered":"<h4>\n<p> Sala\u015f delik detayl\u0131 kazak mavi (Beden: STANDART) <\/p>\n<p>Yeni sezonun trendi olan sala\u015f kesimli ve detayl\u0131 tasar\u0131m\u0131yla dikkat \u00e7eken mavi kazak, kad\u0131n giyim koleksiyonumuzun vazge\u00e7ilmez par\u00e7alar\u0131ndan biridir.<\/p>\n<ul>\n<li>%100 pamuklu kuma\u015f\u0131yla hem \u015f\u0131k hem de rahat bir kullan\u0131m sunar.<\/li>\n<li>V yaka detay\u0131 ve d\u00fc\u015f\u00fck omuz k\u0131sm\u0131yla modern bir g\u00f6r\u00fcn\u00fcm sa\u011flar.<\/li>\n<li>\u00d6n k\u0131sm\u0131ndaki delik detay\u0131yla farkl\u0131 bir tarz yarat\u0131r.<\/li>\n<li>\u0130ster g\u00fcnl\u00fck hayatta ister \u00f6zel davetlerde rahatl\u0131kla kombinleyebilece\u011finiz \u015f\u0131k bir se\u00e7enektir.<\/li>\n<\/ul>\n<p>Bu mavi kazak ile tarz\u0131n\u0131z\u0131 \u00f6n plana \u00e7\u0131karabilir, her ortamda \u015f\u0131kl\u0131\u011f\u0131n\u0131z\u0131 konu\u015fturabilirsiniz.<\/p>\n<p><b>\u00dcretici Markas\u0131 : ZENGEZUR MALL<\/b><\/p>\n<p><b>\u00dcretici Kodu : ZNGZRMLL090081422645702<\/b><\/p>\n<p><b>1 ADET F\u0130YATIDIR<\/b><\/p>\n<p><b><\/p>\n<p>            Sa\u011fl\u0131k ve hijyen a\u00e7\u0131s\u0131ndan iadeye uygun olmayan \u00fcr\u00fcnlerdir. <\/b><\/p>\n<\/h4>\n<p><\/p>\n","protected":false},"excerpt":{"rendered":"<p>Sala\u015f Delik Detayl\u0131 Kazak Mavi (Beden: Standart)<\/p>\n","protected":false},"featured_media":47779,"comment_status":"open","ping_status":"closed","template":"","meta":[],"product_brand":[],"product_cat":[378,427],"product_tag":[4355,7629,8287,1737,8182],"class_list":{"0":"post-47783","1":"product","2":"type-product","3":"status-publish","4":"has-post-thumbnail","6":"product_cat-giyim","7":"product_cat-kazak","8":"product_tag-delik","9":"product_tag-detayli","10":"product_tag-kazak","11":"product_tag-mavi","12":"product_tag-salas","14":"first","15":"instock","16":"taxable","17":"shipping-taxable","18":"purchasable","19":"product-type-simple"},"_links":{"self":[{"href":"https:\/\/depodanmusteriye.com\/urunler\/wp-json\/wp\/v2\/product\/47783","targetHints":{"allow":["GET"]}}],"collection":[{"href":"https:\/\/depodanmusteriye.com\/urunler\/wp-json\/wp\/v2\/product"}],"about":[{"href":"https:\/\/depodanmusteriye.com\/urunler\/wp-json\/wp\/v2\/types\/product"}],"replies":[{"embeddable":true,"href":"https:\/\/depodanmusteriye.com\/urunler\/wp-json\/wp\/v2\/comments?post=47783"}],"version-history":[{"count":0,"href":"https:\/\/depodanmusteriye.com\/urunler\/wp-json\/wp\/v2\/product\/47783\/revisions"}],"wp:featuredmedia":[{"embeddable":true,"href":"https:\/\/depodanmusteriye.com\/urunler\/wp-json\/wp\/v2\/media\/47779"}],"wp:attachment":[{"href":"https:\/\/depodanmusteriye.com\/urunler\/wp-json\/wp\/v2\/media?parent=47783"}],"wp:term":[{"taxonomy":"product_brand","embeddable":true,"href":"https:\/\/depodanmusteriye.com\/urunler\/wp-json\/wp\/v2\/product_brand?post=47783"},{"taxonomy":"product_cat","embeddable":true,"href":"https:\/\/depodanmusteriye.com\/urunler\/wp-json\/wp\/v2\/product_cat?post=47783"},{"taxonomy":"product_tag","embeddable":true,"href":"https:\/\/depodanmusteriye.com\/urunler\/wp-json\/wp\/v2\/product_tag?post=47783"}],"curies":[{"name":"wp","href":"https:\/\/api.w.org\/{rel}","templated":true}]}}