{"id":47774,"date":"2025-12-06T05:58:20","date_gmt":"2025-12-06T05:58:20","guid":{"rendered":"https:\/\/b2b.depodanmusteriye.com\/urun\/cepli-triko-kazak-siyah-beden-standart\/"},"modified":"2025-12-06T05:58:20","modified_gmt":"2025-12-06T05:58:20","slug":"cepli-triko-kazak-siyah-beden-standart","status":"publish","type":"product","link":"https:\/\/depodanmusteriye.com\/urunler\/urun\/cepli-triko-kazak-siyah-beden-standart\/","title":{"rendered":"Cepli Triko Kazak Siyah (Beden: Standart)"},"content":{"rendered":"<h4>\n<p> Cepli triko kazak siyah (Beden: STANDART) <\/p>\n<div>\n<p>Yeni sezonda trend olan cepli triko kazak siyah rengiyle \u00f6ne \u00e7\u0131k\u0131yor. Hem \u015f\u0131k hem de kullan\u0131\u015fl\u0131 olan bu kazak, gard\u0131robunuzun vazge\u00e7ilmezi olmaya aday. \u0130nce triko kuma\u015f\u0131 sayesinde hafif ve rahatt\u0131r.<\/p>\n<ul>\n<li>Yumu\u015fak dokulu triko malzeme<\/li>\n<li>\u00d6n k\u0131sm\u0131nda \u015f\u0131k cepler bulunmaktad\u0131r<\/li>\n<li>Modern ve rahat kesimiyle her bedene uyum sa\u011flar<\/li>\n<li>G\u00fcnl\u00fck kullan\u0131ma uygun ve kolay kombinlenebilir<\/li>\n<li>Makinede y\u0131kanabilir, kolay bak\u0131m sa\u011flar<\/li>\n<\/ul>\n<\/div>\n<p><b>\u00dcretici Markas\u0131 : ZENGEZUR MALL<\/b><\/p>\n<p><b>\u00dcretici Kodu : ZNGZRMLL090057649045700<\/b><\/p>\n<p><b>1 ADET F\u0130YATIDIR<\/b><\/p>\n<p><b><\/p>\n<p>            Sa\u011fl\u0131k ve hijyen a\u00e7\u0131s\u0131ndan iadeye uygun olmayan \u00fcr\u00fcnlerdir. <\/b><\/p>\n<\/h4>\n<p><\/p>\n","protected":false},"excerpt":{"rendered":"<p>Cepli Triko Kazak Siyah (Beden: Standart)<\/p>\n","protected":false},"featured_media":47770,"comment_status":"open","ping_status":"closed","template":"","meta":[],"product_brand":[],"product_cat":[378,427],"product_tag":[6760,8287,1391,7743],"class_list":{"0":"post-47774","1":"product","2":"type-product","3":"status-publish","4":"has-post-thumbnail","6":"product_cat-giyim","7":"product_cat-kazak","8":"product_tag-cepli","9":"product_tag-kazak","10":"product_tag-siyah","11":"product_tag-triko","13":"first","14":"instock","15":"taxable","16":"shipping-taxable","17":"purchasable","18":"product-type-simple"},"_links":{"self":[{"href":"https:\/\/depodanmusteriye.com\/urunler\/wp-json\/wp\/v2\/product\/47774","targetHints":{"allow":["GET"]}}],"collection":[{"href":"https:\/\/depodanmusteriye.com\/urunler\/wp-json\/wp\/v2\/product"}],"about":[{"href":"https:\/\/depodanmusteriye.com\/urunler\/wp-json\/wp\/v2\/types\/product"}],"replies":[{"embeddable":true,"href":"https:\/\/depodanmusteriye.com\/urunler\/wp-json\/wp\/v2\/comments?post=47774"}],"version-history":[{"count":0,"href":"https:\/\/depodanmusteriye.com\/urunler\/wp-json\/wp\/v2\/product\/47774\/revisions"}],"wp:featuredmedia":[{"embeddable":true,"href":"https:\/\/depodanmusteriye.com\/urunler\/wp-json\/wp\/v2\/media\/47770"}],"wp:attachment":[{"href":"https:\/\/depodanmusteriye.com\/urunler\/wp-json\/wp\/v2\/media?parent=47774"}],"wp:term":[{"taxonomy":"product_brand","embeddable":true,"href":"https:\/\/depodanmusteriye.com\/urunler\/wp-json\/wp\/v2\/product_brand?post=47774"},{"taxonomy":"product_cat","embeddable":true,"href":"https:\/\/depodanmusteriye.com\/urunler\/wp-json\/wp\/v2\/product_cat?post=47774"},{"taxonomy":"product_tag","embeddable":true,"href":"https:\/\/depodanmusteriye.com\/urunler\/wp-json\/wp\/v2\/product_tag?post=47774"}],"curies":[{"name":"wp","href":"https:\/\/api.w.org\/{rel}","templated":true}]}}