{"id":47769,"date":"2025-12-06T05:58:07","date_gmt":"2025-12-06T05:58:07","guid":{"rendered":"https:\/\/b2b.depodanmusteriye.com\/urun\/desenli-triko-kazak-gri-beden-standart\/"},"modified":"2025-12-06T05:58:07","modified_gmt":"2025-12-06T05:58:07","slug":"desenli-triko-kazak-gri-beden-standart","status":"publish","type":"product","link":"https:\/\/depodanmusteriye.com\/urunler\/urun\/desenli-triko-kazak-gri-beden-standart\/","title":{"rendered":"Desenli Triko Kazak Gri (Beden: Standart)"},"content":{"rendered":"<h4>\n<p> Desenli triko kazak gri (Beden: STANDART) <\/p>\n<div>\n<p><strong>Desenli Triko Kazak Gri<\/strong><\/p>\n<ul>\n<li>\u015e\u0131k ve modern bir g\u00f6r\u00fcn\u00fcm sunan desenli triko kazak gri rengiyle g\u00f6z al\u0131c\u0131 bir se\u00e7enektir.<\/li>\n<li>Kaliteli triko kuma\u015f\u0131 sayesinde yumu\u015fak ve rahat bir giyim deneyimi sunar.<\/li>\n<li>V yakal\u0131 tasar\u0131m\u0131 ile \u015f\u0131kl\u0131k ve zarafeti bir arada sunar.<\/li>\n<li>\u00dcr\u00fcn, kad\u0131n giyim kategorisinde yer al\u0131r ve g\u00fcnl\u00fck \u015f\u0131kl\u0131k i\u00e7in ideal bir se\u00e7enektir.<\/li>\n<li>Kolay kombinlenebilir yap\u0131s\u0131yla farkl\u0131 stil ve tarzlara kolayl\u0131kla uyum sa\u011flar.<\/li>\n<\/ul>\n<\/div>\n<p><b>\u00dcretici Markas\u0131 : ZENGEZUR MALL<\/b><\/p>\n<p><b>\u00dcretici Kodu : ZNGZRMLL090020760845698<\/b><\/p>\n<p><b>1 ADET F\u0130YATIDIR<\/b><\/p>\n<p><b><\/p>\n<p>            Sa\u011fl\u0131k ve hijyen a\u00e7\u0131s\u0131ndan iadeye uygun olmayan \u00fcr\u00fcnlerdir. <\/b><\/p>\n<\/h4>\n<p><\/p>\n","protected":false},"excerpt":{"rendered":"<p>Desenli Triko Kazak Gri (Beden: Standart)<\/p>\n","protected":false},"featured_media":47767,"comment_status":"open","ping_status":"closed","template":"","meta":[],"product_brand":[],"product_cat":[378,427],"product_tag":[1993,1684,8287,7743],"class_list":{"0":"post-47769","1":"product","2":"type-product","3":"status-publish","4":"has-post-thumbnail","6":"product_cat-giyim","7":"product_cat-kazak","8":"product_tag-desenli","9":"product_tag-gri","10":"product_tag-kazak","11":"product_tag-triko","13":"first","14":"instock","15":"taxable","16":"shipping-taxable","17":"purchasable","18":"product-type-simple"},"_links":{"self":[{"href":"https:\/\/depodanmusteriye.com\/urunler\/wp-json\/wp\/v2\/product\/47769","targetHints":{"allow":["GET"]}}],"collection":[{"href":"https:\/\/depodanmusteriye.com\/urunler\/wp-json\/wp\/v2\/product"}],"about":[{"href":"https:\/\/depodanmusteriye.com\/urunler\/wp-json\/wp\/v2\/types\/product"}],"replies":[{"embeddable":true,"href":"https:\/\/depodanmusteriye.com\/urunler\/wp-json\/wp\/v2\/comments?post=47769"}],"version-history":[{"count":0,"href":"https:\/\/depodanmusteriye.com\/urunler\/wp-json\/wp\/v2\/product\/47769\/revisions"}],"wp:featuredmedia":[{"embeddable":true,"href":"https:\/\/depodanmusteriye.com\/urunler\/wp-json\/wp\/v2\/media\/47767"}],"wp:attachment":[{"href":"https:\/\/depodanmusteriye.com\/urunler\/wp-json\/wp\/v2\/media?parent=47769"}],"wp:term":[{"taxonomy":"product_brand","embeddable":true,"href":"https:\/\/depodanmusteriye.com\/urunler\/wp-json\/wp\/v2\/product_brand?post=47769"},{"taxonomy":"product_cat","embeddable":true,"href":"https:\/\/depodanmusteriye.com\/urunler\/wp-json\/wp\/v2\/product_cat?post=47769"},{"taxonomy":"product_tag","embeddable":true,"href":"https:\/\/depodanmusteriye.com\/urunler\/wp-json\/wp\/v2\/product_tag?post=47769"}],"curies":[{"name":"wp","href":"https:\/\/api.w.org\/{rel}","templated":true}]}}