{"id":47339,"date":"2025-12-06T05:35:28","date_gmt":"2025-12-06T05:35:28","guid":{"rendered":"https:\/\/b2b.depodanmusteriye.com\/urun\/kucuk-dugmeli-kucuk-orgulu-triko-hirka-siyah-beden-standart\/"},"modified":"2025-12-06T05:35:28","modified_gmt":"2025-12-06T05:35:28","slug":"kucuk-dugmeli-kucuk-orgulu-triko-hirka-siyah-beden-standart","status":"publish","type":"product","link":"https:\/\/depodanmusteriye.com\/urunler\/urun\/kucuk-dugmeli-kucuk-orgulu-triko-hirka-siyah-beden-standart\/","title":{"rendered":"K\u00fc\u00e7\u00fck D\u00fc\u011fmeli K\u00fc\u00e7\u00fck \u00d6rg\u00fcl\u00fc Triko H\u0131rka Siyah (Beden: Standart)"},"content":{"rendered":"<h4>\n<p> K\u00fc\u00e7\u00fck d\u00fc\u011fmeli k\u00fc\u00e7\u00fck \u00f6rg\u00fcl\u00fc triko h\u0131rka siyah (Beden: STANDART) <\/p>\n<p> K\u00fc\u00e7\u00fck d\u00fc\u011fme k\u00fc\u00e7\u00fck \u00f6rg\u00fcler \u0131\u015f\u0131k tasar\u0131m\u0131yla g\u00fcnl\u00fck kullan\u0131ma veya \u00f6zel kullan\u0131mlar\u0131na uygun uygundur %100 y\u00fcn \u00fcr\u00fcnd\u00fcr s\u0131cak ve rahat bir kesime sahiptir<\/p>\n<p><b>\u00dcretici Markas\u0131 : ZENGEZUR MALL<\/b><\/p>\n<p><b>\u00dcretici Kodu : ZNGZRMLL090047703245559<\/b><\/p>\n<p><b>1 ADET F\u0130YATIDIR<\/b><\/p>\n<p><b><\/p>\n<p>            Sa\u011fl\u0131k ve hijyen a\u00e7\u0131s\u0131ndan iadeye uygun olmayan \u00fcr\u00fcnlerdir. <\/b><\/p>\n<\/h4>\n<p><\/p>\n","protected":false},"excerpt":{"rendered":"<p>K\u00fc\u00e7\u00fck D\u00fc\u011fmeli K\u00fc\u00e7\u00fck \u00d6rg\u00fcl\u00fc Triko H\u0131rka Siyah (Beden: Standart)<\/p>\n","protected":false},"featured_media":47336,"comment_status":"open","ping_status":"closed","template":"","meta":[],"product_brand":[],"product_cat":[378,426],"product_tag":[4208,8289,2331,3793,1391,7743],"class_list":{"0":"post-47339","1":"product","2":"type-product","3":"status-publish","4":"has-post-thumbnail","6":"product_cat-giyim","7":"product_cat-hirka","8":"product_tag-dugmeli","9":"product_tag-hirka","10":"product_tag-kucuk","11":"product_tag-orgulu","12":"product_tag-siyah","13":"product_tag-triko","15":"first","16":"instock","17":"taxable","18":"shipping-taxable","19":"purchasable","20":"product-type-simple"},"_links":{"self":[{"href":"https:\/\/depodanmusteriye.com\/urunler\/wp-json\/wp\/v2\/product\/47339","targetHints":{"allow":["GET"]}}],"collection":[{"href":"https:\/\/depodanmusteriye.com\/urunler\/wp-json\/wp\/v2\/product"}],"about":[{"href":"https:\/\/depodanmusteriye.com\/urunler\/wp-json\/wp\/v2\/types\/product"}],"replies":[{"embeddable":true,"href":"https:\/\/depodanmusteriye.com\/urunler\/wp-json\/wp\/v2\/comments?post=47339"}],"version-history":[{"count":0,"href":"https:\/\/depodanmusteriye.com\/urunler\/wp-json\/wp\/v2\/product\/47339\/revisions"}],"wp:featuredmedia":[{"embeddable":true,"href":"https:\/\/depodanmusteriye.com\/urunler\/wp-json\/wp\/v2\/media\/47336"}],"wp:attachment":[{"href":"https:\/\/depodanmusteriye.com\/urunler\/wp-json\/wp\/v2\/media?parent=47339"}],"wp:term":[{"taxonomy":"product_brand","embeddable":true,"href":"https:\/\/depodanmusteriye.com\/urunler\/wp-json\/wp\/v2\/product_brand?post=47339"},{"taxonomy":"product_cat","embeddable":true,"href":"https:\/\/depodanmusteriye.com\/urunler\/wp-json\/wp\/v2\/product_cat?post=47339"},{"taxonomy":"product_tag","embeddable":true,"href":"https:\/\/depodanmusteriye.com\/urunler\/wp-json\/wp\/v2\/product_tag?post=47339"}],"curies":[{"name":"wp","href":"https:\/\/api.w.org\/{rel}","templated":true}]}}