{"id":47327,"date":"2025-12-06T05:34:54","date_gmt":"2025-12-06T05:34:54","guid":{"rendered":"https:\/\/b2b.depodanmusteriye.com\/urun\/asimetrik-alt-detayli-bluz-beyaz-beden-l\/"},"modified":"2025-12-06T05:34:54","modified_gmt":"2025-12-06T05:34:54","slug":"asimetrik-alt-detayli-bluz-beyaz-beden-l","status":"publish","type":"product","link":"https:\/\/depodanmusteriye.com\/urunler\/urun\/asimetrik-alt-detayli-bluz-beyaz-beden-l\/","title":{"rendered":"Asimetrik Alt Detayl\u0131 Bluz Beyaz (Beden: L)"},"content":{"rendered":"<h4>\n<p> Asimetrik alt detayl\u0131 bluz beyaz (Beden: L) <\/p>\n<p> Asimetrik detayl\u0131 esnek kuma\u015fa sahip bluz g\u00fcnl\u00fck ve \u00f6zel g\u00fcnlerde kullan\u0131ma uygun esnek bir kuma\u015fa sahiptir \u015f\u0131k ve beyaz rengi ile kuma\u015f i\u00e7eri\u011fi viskon polyester Lika kar\u0131\u015f\u0131ml\u0131d\u0131r<\/p>\n<p><b>\u00dcretici Markas\u0131 : ZENGEZUR MALL<\/b><\/p>\n<p><b>\u00dcretici Kodu : ZNGZRMLL090077307345556<\/b><\/p>\n<p><b>1 ADET F\u0130YATIDIR<\/b><\/p>\n<p><b><\/p>\n<p>            Sa\u011fl\u0131k ve hijyen a\u00e7\u0131s\u0131ndan iadeye uygun olmayan \u00fcr\u00fcnlerdir. <\/b><\/p>\n<\/h4>\n<p><\/p>\n","protected":false},"excerpt":{"rendered":"<p>Asimetrik Alt Detayl\u0131 Bluz Beyaz (Beden: L)<\/p>\n","protected":false},"featured_media":47324,"comment_status":"open","ping_status":"closed","template":"","meta":[],"product_brand":[],"product_cat":[423,378],"product_tag":[2670,8265,1663,8068,7629],"class_list":{"0":"post-47327","1":"product","2":"type-product","3":"status-publish","4":"has-post-thumbnail","6":"product_cat-bluz","7":"product_cat-giyim","8":"product_tag-alt","9":"product_tag-asimetrik","10":"product_tag-beyaz","11":"product_tag-bluz","12":"product_tag-detayli","14":"first","15":"instock","16":"taxable","17":"shipping-taxable","18":"purchasable","19":"product-type-simple"},"_links":{"self":[{"href":"https:\/\/depodanmusteriye.com\/urunler\/wp-json\/wp\/v2\/product\/47327","targetHints":{"allow":["GET"]}}],"collection":[{"href":"https:\/\/depodanmusteriye.com\/urunler\/wp-json\/wp\/v2\/product"}],"about":[{"href":"https:\/\/depodanmusteriye.com\/urunler\/wp-json\/wp\/v2\/types\/product"}],"replies":[{"embeddable":true,"href":"https:\/\/depodanmusteriye.com\/urunler\/wp-json\/wp\/v2\/comments?post=47327"}],"version-history":[{"count":0,"href":"https:\/\/depodanmusteriye.com\/urunler\/wp-json\/wp\/v2\/product\/47327\/revisions"}],"wp:featuredmedia":[{"embeddable":true,"href":"https:\/\/depodanmusteriye.com\/urunler\/wp-json\/wp\/v2\/media\/47324"}],"wp:attachment":[{"href":"https:\/\/depodanmusteriye.com\/urunler\/wp-json\/wp\/v2\/media?parent=47327"}],"wp:term":[{"taxonomy":"product_brand","embeddable":true,"href":"https:\/\/depodanmusteriye.com\/urunler\/wp-json\/wp\/v2\/product_brand?post=47327"},{"taxonomy":"product_cat","embeddable":true,"href":"https:\/\/depodanmusteriye.com\/urunler\/wp-json\/wp\/v2\/product_cat?post=47327"},{"taxonomy":"product_tag","embeddable":true,"href":"https:\/\/depodanmusteriye.com\/urunler\/wp-json\/wp\/v2\/product_tag?post=47327"}],"curies":[{"name":"wp","href":"https:\/\/api.w.org\/{rel}","templated":true}]}}