{"id":47216,"date":"2025-12-06T05:30:08","date_gmt":"2025-12-06T05:30:08","guid":{"rendered":"https:\/\/b2b.depodanmusteriye.com\/urun\/boncuklu-bile-detayli-kazak-kahve-beden-standart\/"},"modified":"2025-12-06T05:30:08","modified_gmt":"2025-12-06T05:30:08","slug":"boncuklu-bile-detayli-kazak-kahve-beden-standart","status":"publish","type":"product","link":"https:\/\/depodanmusteriye.com\/urunler\/urun\/boncuklu-bile-detayli-kazak-kahve-beden-standart\/","title":{"rendered":"Boncuklu Bile Detayl\u0131 Kazak Kahve (Beden: Standart)"},"content":{"rendered":"<h4>\n<p> Boncuklu bile detayl\u0131 kazak kahve (Beden: STANDART) <\/p>\n<div>\n<p>Boncuklu detaylar\u0131yla \u015f\u0131kl\u0131\u011f\u0131 \u00f6n plana \u00e7\u0131karan Kahve Kazak, \u015f\u0131kl\u0131\u011f\u0131n\u0131z\u0131 tamamlayacak bir par\u00e7a olacak.<\/p>\n<p>\u00dcr\u00fcn \u00d6zellikleri:<\/p>\n<ul>\n<li>G\u00f6steri\u015fli boncuk detaylar\u0131yla tarz\u0131n\u0131za zarafet katan bir tasar\u0131m.<\/li>\n<li>M\u00fckemmel kesimi sayesinde v\u00fccudu saran ve rahat bir giyim deneyimi sunar.<\/li>\n<li>Kahve rengi ile klasik ve \u015f\u0131k bir g\u00f6r\u00fcn\u00fcm elde etmenizi sa\u011flar.<\/li>\n<li>So\u011fuk havalarda sizi s\u0131cac\u0131k tutacak kaliteli malzemeden \u00fcretilmi\u015ftir.<\/li>\n<li>Ofis \u015f\u0131kl\u0131\u011f\u0131ndan g\u00fcnl\u00fck kombinlere kadar her ortama uyum sa\u011flar.<\/li>\n<\/ul>\n<\/div>\n<p><b>\u00dcretici Markas\u0131 : ZENGEZUR MALL<\/b><\/p>\n<p><b>\u00dcretici Kodu : ZNGZRMLL090021359345471<\/b><\/p>\n<p><b>1 ADET F\u0130YATIDIR<\/b><\/p>\n<p><b><\/p>\n<p>            Sa\u011fl\u0131k ve hijyen a\u00e7\u0131s\u0131ndan iadeye uygun olmayan \u00fcr\u00fcnlerdir. <\/b><\/p>\n<\/h4>\n<p><\/p>\n","protected":false},"excerpt":{"rendered":"<p>Boncuklu Bile Detayl\u0131 Kazak Kahve (Beden: Standart)<\/p>\n","protected":false},"featured_media":47212,"comment_status":"open","ping_status":"closed","template":"","meta":[],"product_brand":[],"product_cat":[378,427],"product_tag":[8286,3745,7629,1633,8287],"class_list":{"0":"post-47216","1":"product","2":"type-product","3":"status-publish","4":"has-post-thumbnail","6":"product_cat-giyim","7":"product_cat-kazak","8":"product_tag-bile","9":"product_tag-boncuklu","10":"product_tag-detayli","11":"product_tag-kahve","12":"product_tag-kazak","14":"first","15":"instock","16":"taxable","17":"shipping-taxable","18":"purchasable","19":"product-type-simple"},"_links":{"self":[{"href":"https:\/\/depodanmusteriye.com\/urunler\/wp-json\/wp\/v2\/product\/47216","targetHints":{"allow":["GET"]}}],"collection":[{"href":"https:\/\/depodanmusteriye.com\/urunler\/wp-json\/wp\/v2\/product"}],"about":[{"href":"https:\/\/depodanmusteriye.com\/urunler\/wp-json\/wp\/v2\/types\/product"}],"replies":[{"embeddable":true,"href":"https:\/\/depodanmusteriye.com\/urunler\/wp-json\/wp\/v2\/comments?post=47216"}],"version-history":[{"count":0,"href":"https:\/\/depodanmusteriye.com\/urunler\/wp-json\/wp\/v2\/product\/47216\/revisions"}],"wp:featuredmedia":[{"embeddable":true,"href":"https:\/\/depodanmusteriye.com\/urunler\/wp-json\/wp\/v2\/media\/47212"}],"wp:attachment":[{"href":"https:\/\/depodanmusteriye.com\/urunler\/wp-json\/wp\/v2\/media?parent=47216"}],"wp:term":[{"taxonomy":"product_brand","embeddable":true,"href":"https:\/\/depodanmusteriye.com\/urunler\/wp-json\/wp\/v2\/product_brand?post=47216"},{"taxonomy":"product_cat","embeddable":true,"href":"https:\/\/depodanmusteriye.com\/urunler\/wp-json\/wp\/v2\/product_cat?post=47216"},{"taxonomy":"product_tag","embeddable":true,"href":"https:\/\/depodanmusteriye.com\/urunler\/wp-json\/wp\/v2\/product_tag?post=47216"}],"curies":[{"name":"wp","href":"https:\/\/api.w.org\/{rel}","templated":true}]}}